{"id":4175,"date":"2025-11-01T19:18:45","date_gmt":"2025-11-01T19:18:45","guid":{"rendered":"https:\/\/sooditalulilled.ee\/?post_type=product&#038;p=4175"},"modified":"2026-03-14T07:01:44","modified_gmt":"2026-03-14T07:01:44","slug":"lohnav-lillhernes-spencer-pulsar","status":"publish","type":"product","link":"https:\/\/sooditalulilled.ee\/en\/product\/lohnav-lillhernes-spencer-pulsar\/","title":{"rendered":"L\u00f5hnav lillhernes &#8216;Spencer Pulsar&#8217;"},"content":{"rendered":"<p data-start=\"146\" data-end=\"464\"><strong data-start=\"146\" data-end=\"204\">L\u00f5hnav lillhernes \u2018Spencer Pulsar\u2019 <em>(Lathyrus odoratus)<\/em><\/strong> on erakordselt efektne ja unikaalne sort, mille suured, siidised \u00f5ied on valged, \u00f5rnalt lavendlilillade triipude ja varjunditega. Iga \u00f5is on justkui omaette kunstiteos \u2013 mustrim\u00e4ng on kordumatu ja muudab taime t\u00f5eliselt pilkup\u00fc\u00fcdvaks nii peenral kui kimbus.<\/p>\n<p data-start=\"466\" data-end=\"749\">\u2018Pulsar\u2019 kuulub klassikalisse Spencer-sarja, mida hinnatakse tugevate varte, lopsaka \u00f5itsemise ja luksuslike \u00f5ite t\u00f5ttu. See sort \u00fchendab endas elegantsi ja erip\u00e4ra \u2013 ta on samaaegselt rahulik ja s\u00e4rav, sobides ideaalselt nii l\u00f5ikelilleks kui ka romantilise aedaunistuse loomiseks.<\/p>\n<p data-start=\"751\" data-end=\"910\">Eriline, l\u00f5hnav ja kaunilt kontrastne \u2013 <strong data-start=\"791\" data-end=\"811\">\u2018Spencer Pulsar\u2019<\/strong> on lillhernes, mis toob suvesse valguse ja \u00f5rna v\u00e4rvim\u00e4ngu, nagu taevas p\u00e4ikeset\u00f5usu eel.<\/p>\n<p data-start=\"548\" data-end=\"728\" data-is-last-node=\"\" data-is-only-node=\"\">\n<p data-start=\"1020\" data-end=\"1156\" data-is-last-node=\"\" data-is-only-node=\"\">\n<p>&nbsp;<\/p>\n<p><strong>KASVATAMINE<em>\u00a0(soovituslik)<\/em>:<\/strong><\/p>\n<p>Enne k\u00fclvi: soovi korral leota seemneid 1-3h enne k\u00fclvi leiges vees v\u00f5i eelidanda niiske salvr\u00e4tiku vahel 2-5 p\u00e4eva enne k\u00fclvamist. Nii muutub lillherne seemnekest pehmemaks ja seeme idaneb kiiremini.<\/p>\n<p>Ettekasvatus: k\u00fclva 4-5 n\u00e4dalat enne \u00f5ue istutamist. Taimed v\u00f5ib \u00f5ue istutada juba 6-8 n\u00e4dalat enne viimaseid \u00f6\u00f6k\u00fclmi eeldusel, et taimed on eelnevalt karastatud v\u00f5i kasvanud jahedas keskkonnas, n\u00e4iteks k\u00fclmas kasvuhoones.<\/p>\n<p>Otsek\u00fclv: k\u00fclva otse peenrasse, kui muld on sulanud (m\u00e4rts-aprill).<\/p>\n<p>Sobib ka talik\u00fclvina kasvatamiseks!<\/p>\n<p>L\u00f5hnava lillherne taimed vajavad kasvamiseks jahedat keskkonda, et mitte v\u00e4lja venida ning et taimel oleks aega kasvatada tugev juurestik.<\/p>\n<p>N\u00e4pista latv, kui taim on 15-20 cm k\u00f5rgune v\u00f5i kui taimel on 3-4 paari p\u00e4rislehti \u2013 see innustab taime kasvatama k\u00fclgharusid ja nii saad rohkem \u00f5isi \u00fchelt taimelt (n\u00e4pista 2-3 p\u00e4rislehe\/lehealge kohalt).<\/p>\n<p>\u00d5ige aeg \u00f5ie l\u00f5ikamiseks on, kui v\u00e4hemalt 2 \u00f5it varrel on veel kinni &#8211; nii p\u00fcsib \u00f5is vaasis kauem ilus.<\/p>","protected":false},"excerpt":{"rendered":"<p><em>Lathyrus odoratus<\/em><\/p>\n<p>Taime k\u00f5rgus: 100-250 cm<\/p>\n<p>Idanemine: 7-14 p\u00e4eva, 15-20C juures<\/p>\n<p>K\u00fclvist \u00f5itsemiseni: ~75-90 p\u00e4eva<\/p>\n<p>Vaasiiga: 4-6 p\u00e4eva<\/p>","protected":false},"featured_media":4179,"template":"","meta":{"om_disable_all_campaigns":false,"_monsterinsights_skip_tracking":false,"_monsterinsights_sitenote_active":false,"_monsterinsights_sitenote_note":"","_monsterinsights_sitenote_category":0},"product_brand":[],"product_cat":[132],"product_tag":[],"class_list":{"0":"post-4175","1":"product","2":"type-product","3":"status-publish","4":"has-post-thumbnail","6":"product_cat-lillherned","8":"first","9":"outofstock","10":"shipping-taxable","11":"purchasable","12":"product-type-variable"},"aioseo_notices":[],"jetpack_sharing_enabled":true,"_links":{"self":[{"href":"https:\/\/sooditalulilled.ee\/en\/wp-json\/wp\/v2\/product\/4175","targetHints":{"allow":["GET"]}}],"collection":[{"href":"https:\/\/sooditalulilled.ee\/en\/wp-json\/wp\/v2\/product"}],"about":[{"href":"https:\/\/sooditalulilled.ee\/en\/wp-json\/wp\/v2\/types\/product"}],"wp:featuredmedia":[{"embeddable":true,"href":"https:\/\/sooditalulilled.ee\/en\/wp-json\/wp\/v2\/media\/4179"}],"wp:attachment":[{"href":"https:\/\/sooditalulilled.ee\/en\/wp-json\/wp\/v2\/media?parent=4175"}],"wp:term":[{"taxonomy":"product_brand","embeddable":true,"href":"https:\/\/sooditalulilled.ee\/en\/wp-json\/wp\/v2\/product_brand?post=4175"},{"taxonomy":"product_cat","embeddable":true,"href":"https:\/\/sooditalulilled.ee\/en\/wp-json\/wp\/v2\/product_cat?post=4175"},{"taxonomy":"product_tag","embeddable":true,"href":"https:\/\/sooditalulilled.ee\/en\/wp-json\/wp\/v2\/product_tag?post=4175"}],"curies":[{"name":"wp","href":"https:\/\/api.w.org\/{rel}","templated":true}]}}