{"id":4187,"date":"2025-11-02T20:36:30","date_gmt":"2025-11-02T20:36:30","guid":{"rendered":"https:\/\/sooditalulilled.ee\/?post_type=product&#038;p=4187"},"modified":"2026-03-02T23:58:50","modified_gmt":"2026-03-02T23:58:50","slug":"kuivlillekimp-%e2%9d%80","status":"publish","type":"product","link":"https:\/\/sooditalulilled.ee\/en\/product\/kuivlillekimp-%e2%9d%80\/","title":{"rendered":"Kuivlillekimp \u2740"},"content":{"rendered":"<p>Kuivlillekimp sobib ideaalselt:<\/p>\n<ul data-start=\"766\" data-end=\"892\">\n<li data-start=\"766\" data-end=\"807\">\n<p data-start=\"768\" data-end=\"807\">sisekujunduse looduslikuks elemendiks,<\/p>\n<\/li>\n<li data-start=\"808\" data-end=\"843\">\n<p data-start=\"810\" data-end=\"843\">kingituseks loodusearmastajale,<\/p>\n<\/li>\n<li data-start=\"844\" data-end=\"892\">\n<p data-start=\"846\" data-end=\"892\">v\u00f5i lihtsalt ilu ja rahu toomiseks oma koju.<\/p>\n<\/li>\n<\/ul>\n<p data-start=\"894\" data-end=\"975\">Iga kimp on ainus omataoline \u2013 v\u00e4ike killuke suve, mis j\u00e4\u00e4b kestma aastateks.<\/p>\n<p data-start=\"977\" data-end=\"1088\">______________________________<\/p>\n<p data-start=\"977\" data-end=\"1088\"><span style=\"text-decoration: underline;\"><em>S\u00c4ILITAMINE:<\/em><\/span><\/p>\n<p data-start=\"977\" data-end=\"1088\">Hoia kuivlillekimpu <strong data-start=\"172\" data-end=\"209\">kuivas ja otsese p\u00e4ikesevalguseta<\/strong> kohas, eemal niiskusest ja tuulet\u00f5mbusest.<br data-start=\"252\" data-end=\"255\" \/>\u00c4ra aseta kimpu aknalauale ega vannituppa \u2013 liigne valgus ja niiskus v\u00f5ivad v\u00e4rve tuhmistada.<br data-start=\"348\" data-end=\"351\" \/>Tolmu saad eemaldada <strong data-start=\"372\" data-end=\"407\">\u00f5rnalt f\u00f6\u00f6ni k\u00fclma \u00f5hu re\u017eiimil<\/strong> v\u00f5i pehme harjaga.<br data-start=\"426\" data-end=\"429\" \/>Nii s\u00e4ilib kimp <strong data-start=\"445\" data-end=\"477\">ilus ja v\u00e4rvikas mitu aastat<\/strong>, j\u00e4\u00e4des sinu ruumi looduslikuks ja ajatuks kaunistuseks.<\/p>","protected":false},"excerpt":{"rendered":"<p>Kuivlillekimp koosneb hooajalistest kuivlilledest, mis on kasvanud V\u00f5rumaal Soodi talus alates k\u00fclvamisest kuni kuivatamise ja hoolikalt kimpu s\u00e4ttimiseni.<\/p>\n<p><em data-start=\"980\" data-end=\"989\">K\u00f5rgus:<\/em> ~ 40-45 cm<br data-start=\"1004\" data-end=\"1007\" \/><em data-start=\"1010\" data-end=\"1086\">Kimp on seotud naturaalse paelaga ja saadetakse hoolikalt pakituna.<\/em><\/p>","protected":false},"featured_media":6237,"template":"","meta":{"om_disable_all_campaigns":false,"_monsterinsights_skip_tracking":false,"_monsterinsights_sitenote_active":false,"_monsterinsights_sitenote_note":"","_monsterinsights_sitenote_category":0},"product_brand":[],"product_cat":[129],"product_tag":[145,146],"class_list":{"0":"post-4187","1":"product","2":"type-product","3":"status-publish","4":"has-post-thumbnail","6":"product_cat-kuivlilled","7":"product_tag-kuivlilled","8":"product_tag-kuivlillekimp","10":"first","11":"instock","12":"shipping-taxable","13":"purchasable","14":"product-type-simple"},"aioseo_notices":[],"jetpack_sharing_enabled":true,"_links":{"self":[{"href":"https:\/\/sooditalulilled.ee\/en\/wp-json\/wp\/v2\/product\/4187","targetHints":{"allow":["GET"]}}],"collection":[{"href":"https:\/\/sooditalulilled.ee\/en\/wp-json\/wp\/v2\/product"}],"about":[{"href":"https:\/\/sooditalulilled.ee\/en\/wp-json\/wp\/v2\/types\/product"}],"wp:featuredmedia":[{"embeddable":true,"href":"https:\/\/sooditalulilled.ee\/en\/wp-json\/wp\/v2\/media\/6237"}],"wp:attachment":[{"href":"https:\/\/sooditalulilled.ee\/en\/wp-json\/wp\/v2\/media?parent=4187"}],"wp:term":[{"taxonomy":"product_brand","embeddable":true,"href":"https:\/\/sooditalulilled.ee\/en\/wp-json\/wp\/v2\/product_brand?post=4187"},{"taxonomy":"product_cat","embeddable":true,"href":"https:\/\/sooditalulilled.ee\/en\/wp-json\/wp\/v2\/product_cat?post=4187"},{"taxonomy":"product_tag","embeddable":true,"href":"https:\/\/sooditalulilled.ee\/en\/wp-json\/wp\/v2\/product_tag?post=4187"}],"curies":[{"name":"wp","href":"https:\/\/api.w.org\/{rel}","templated":true}]}}