{"id":4295,"date":"2025-11-12T15:59:21","date_gmt":"2025-11-12T15:59:21","guid":{"rendered":"https:\/\/sooditalulilled.ee\/?post_type=product&#038;p=4295"},"modified":"2026-04-03T11:02:27","modified_gmt":"2026-04-03T11:02:27","slug":"hiina-aster-chrisantella-autumn-forest","status":"publish","type":"product","link":"https:\/\/sooditalulilled.ee\/en\/product\/hiina-aster-chrisantella-autumn-forest\/","title":{"rendered":"Hiina Aster &#8216;Chrisantella Autumn Forest&#8217;"},"content":{"rendered":"<p data-start=\"0\" data-end=\"436\">Hiina aster <strong data-start=\"12\" data-end=\"44\">\u2018Chrisantella Autumn Forest\u2019<\/strong> (<em data-start=\"46\" data-end=\"70\">Callistephus chinensis<\/em>) on s\u00fcgise v\u00e4rvidesse maalitud meistriteos \u2013 soe, rikkalik ja s\u00fcgavalt lummav. Tema suured, tihedalt t\u00e4idetud \u00f5ied avanevad toonides, mis meenutavad k\u00fcpset aprikoosi, kuldset merevaiku, p\u00f5lenud oran\u017ei ja burgundipunase h\u00f5\u00f5gavat varjundit. Iga \u00f5isik n\u00e4ib justkui s\u00fcgisesest metsast korjatud \u2013 t\u00e4is soojust ja valguse kaja, mida kannab endas hilissuve rahulik s\u00e4ra.<\/p>\n<p data-start=\"438\" data-end=\"765\">\u2018Chrisantella Autumn Forest\u2019 kroonlehed on elegantselt kitsad ja siidised, moodustades korrap\u00e4rase, \u00fcmarja \u00f5iepalli. Taime varred on tugevad ja sirged, tehes sellest sordi ideaalse valiku l\u00f5ikelilledeks ja kimpude loomiseks. Vaasis p\u00fcsib ta kaua, s\u00e4ilitades oma intensiivse v\u00e4rvi ja siidise vormi ka p\u00e4evi p\u00e4rast l\u00f5ikust.<\/p>\n<p data-start=\"767\" data-end=\"1042\">Peenral loob ta t\u00f5elise <strong data-start=\"791\" data-end=\"808\">s\u00fcgise paleti<\/strong>, olles suurep\u00e4rane kaaslane pastellsetele toonidele v\u00f5i s\u00fcgavamatele sametistele v\u00e4rvidele. Tema soojades toonides \u00f5ied toovad aeda pehmust ja elegantsi, luues atmosf\u00e4\u00e4ri, mis on korraga rahulik, k\u00fcps ja hingestatult looduslik.<\/p>\n<p data-start=\"1044\" data-end=\"1190\" data-is-last-node=\"\" data-is-only-node=\"\">S\u00fcgisene, k\u00fclluslik ja ajatu \u2013 \u2018Chrisantella Autumn Forest\u2019 on aster, mis r\u00e4\u00e4gib valgusest, mis j\u00e4\u00e4b \u00f5hkama veel kaua p\u00e4rast p\u00e4ikeseloojangut.<\/p>\n<p>&nbsp;<\/p>\n<p><span style=\"text-decoration: underline;\">KASVATAMINE\u00a0<em>(soovituslik)<\/em>:<\/span><\/p>\n<p>Ettekasvatus: k\u00fclva seemned 6-8 n\u00e4dalat enne \u00f5ue istutamist. Taimed istuta \u00f5ue, kui \u00f6\u00f6k\u00fclma oht on m\u00f6\u00f6das.<\/p>\n<p>\u00c4ra kata k\u00fclvi mullaga \u2013 seemned vajavad idanemiseks valgust. V\u00f5imalusel kata k\u00fclv \u00f5rna vermikuliidikihiga.<\/p>\n<p>T\u00e4iskasvanud astri taimed kannatavad kuni -6 kraadist k\u00fclma, kuid noortele taimedele v\u00f5ib \u00f6\u00f6k\u00fclm teha liiga ning kasv v\u00f5ib pidurduda.<\/p>\n<p>Latva ei ole vaja n\u00e4pistada \u2013 astrid hargnevad iseseisvalt.<\/p>\n<p>L\u00f5ika lilled vaasi panekuks, kui \u00f5ied on pooleldi avanenud.<\/p>","protected":false},"excerpt":{"rendered":"<p><em>Callistephus chinensis<\/em><\/p>\n<p>Taime k\u00f5rgus: kuni 80 cm<\/p>\n<p>\u00d5ie l\u00e4bim\u00f5\u00f5t: 12-15cm<\/p>\n<p>Idanemine: 7-10 p\u00e4eva, 20-22C juures<\/p>\n<p>K\u00fclvist \u00f5itsemiseni: 110-120 p\u00e4eva<\/p>\n<p>Vaasiiga: 7-10 p\u00e4eva<\/p>","protected":false},"featured_media":4323,"template":"","meta":{"om_disable_all_campaigns":false,"_monsterinsights_skip_tracking":false,"_monsterinsights_sitenote_active":false,"_monsterinsights_sitenote_note":"","_monsterinsights_sitenote_category":0},"product_brand":[],"product_cat":[22],"product_tag":[25,23,24],"class_list":{"0":"post-4295","1":"product","2":"type-product","3":"status-publish","4":"has-post-thumbnail","6":"product_cat-hiina-astrid","7":"product_tag-aster","8":"product_tag-hiina-aster","9":"product_tag-lady-coral","11":"first","12":"instock","13":"shipping-taxable","14":"purchasable","15":"product-type-variable"},"aioseo_notices":[],"jetpack_sharing_enabled":true,"_links":{"self":[{"href":"https:\/\/sooditalulilled.ee\/en\/wp-json\/wp\/v2\/product\/4295","targetHints":{"allow":["GET"]}}],"collection":[{"href":"https:\/\/sooditalulilled.ee\/en\/wp-json\/wp\/v2\/product"}],"about":[{"href":"https:\/\/sooditalulilled.ee\/en\/wp-json\/wp\/v2\/types\/product"}],"wp:featuredmedia":[{"embeddable":true,"href":"https:\/\/sooditalulilled.ee\/en\/wp-json\/wp\/v2\/media\/4323"}],"wp:attachment":[{"href":"https:\/\/sooditalulilled.ee\/en\/wp-json\/wp\/v2\/media?parent=4295"}],"wp:term":[{"taxonomy":"product_brand","embeddable":true,"href":"https:\/\/sooditalulilled.ee\/en\/wp-json\/wp\/v2\/product_brand?post=4295"},{"taxonomy":"product_cat","embeddable":true,"href":"https:\/\/sooditalulilled.ee\/en\/wp-json\/wp\/v2\/product_cat?post=4295"},{"taxonomy":"product_tag","embeddable":true,"href":"https:\/\/sooditalulilled.ee\/en\/wp-json\/wp\/v2\/product_tag?post=4295"}],"curies":[{"name":"wp","href":"https:\/\/api.w.org\/{rel}","templated":true}]}}