{"id":4315,"date":"2025-11-12T17:18:37","date_gmt":"2025-11-12T17:18:37","guid":{"rendered":"https:\/\/sooditalulilled.ee\/?post_type=product&#038;p=4315"},"modified":"2026-04-03T11:02:27","modified_gmt":"2026-04-03T11:02:27","slug":"hiina-aster-chrisantella-moonstone","status":"publish","type":"product","link":"https:\/\/sooditalulilled.ee\/en\/product\/hiina-aster-chrisantella-moonstone\/","title":{"rendered":"Hiina Aster &#8216;Chrisantella Moonstone&#8217;"},"content":{"rendered":"<article class=\"text-token-text-primary w-full focus:outline-none [--shadow-height:45px] has-data-writing-block:pointer-events-none has-data-writing-block:-mt-(--shadow-height) has-data-writing-block:pt-(--shadow-height) [&amp;:has([data-writing-block])&gt;*]:pointer-events-auto [content-visibility:auto] supports-[content-visibility:auto]:[contain-intrinsic-size:auto_100lvh] scroll-mt-[calc(var(--header-height)+min(200px,max(70px,20svh)))]\" dir=\"auto\" tabindex=\"-1\" data-turn-id=\"request-68fcca54-b258-832a-84a4-a4292ae4b221-1\" data-testid=\"conversation-turn-446\" data-scroll-anchor=\"true\" data-turn=\"assistant\">\n<div class=\"text-base my-auto mx-auto pb-10 [--thread-content-margin:--spacing(4)] thread-sm:[--thread-content-margin:--spacing(6)] thread-lg:[--thread-content-margin:--spacing(16)] px-(--thread-content-margin)\">\n<div class=\"[--thread-content-max-width:40rem] thread-lg:[--thread-content-max-width:48rem] mx-auto max-w-(--thread-content-max-width) flex-1 group\/turn-messages focus-visible:outline-hidden relative flex w-full min-w-0 flex-col agent-turn\" tabindex=\"-1\">\n<div class=\"flex max-w-full flex-col grow\">\n<div class=\"min-h-8 text-message relative flex w-full flex-col items-end gap-2 text-start break-words whitespace-normal [.text-message+&amp;]:mt-1\" dir=\"auto\" data-message-author-role=\"assistant\" data-message-id=\"1c92ffee-651a-41ec-9e16-84e75b566ad9\" data-message-model-slug=\"gpt-5\">\n<div class=\"flex w-full flex-col gap-1 empty:hidden first:pt-[1px]\">\n<div class=\"markdown prose dark:prose-invert w-full break-words light markdown-new-styling\">\n<p data-start=\"0\" data-end=\"343\">Hiina aster <strong data-start=\"12\" data-end=\"40\">\u2018Chrisantella Moonstone\u2019<\/strong> (<em data-start=\"42\" data-end=\"66\">Callistephus chinensis<\/em>) on lummavalt elegantne sort, mille \u00f5ied helgivad nagu kuuvalgus \u2013 \u00f5rna lavendlililla, h\u00f5bedase ja jaheda roosaka varjundim\u00e4nguna. Tema suured, t\u00e4idlased \u00f5iepallid on sametise l\u00e4ikega ja kroonlehed \u00f5rnalt kaarduvad, luues mulje, justkui oleks \u00f5is valgustatud seestpoolt.<\/p>\n<p data-start=\"345\" data-end=\"603\">\u2018Moonstone\u2019 on t\u00f5eline pilgup\u00fc\u00fcdja nii peenral kui vaasis \u2013 pehme, rahulik ja \u0161ikk, sobides t\u00e4iuslikult romantilistesse kimpudesse ja pastellsete toonide keskele. Taim on tugeva varrega ja h\u00e4sti harunev, pakkudes rikkalikku \u00f5itsemist kogu suve jooksul.<\/p>\n<p data-start=\"605\" data-end=\"813\">Vaasis p\u00fcsib ta kaua, s\u00e4ilitades oma sametise tekstuuri ja \u00f5rna v\u00e4rvis\u00fcgavuse. Peenral lisab ta istutusalale rahulikku helki ja luksuslikku tasakaalu, justkui v\u00e4ikest kuuvalguse puudutust aiavaiba sees.<\/p>\n<p data-start=\"815\" data-end=\"980\" data-is-last-node=\"\" data-is-only-node=\"\">K\u00fclmalt elegantne, kuid hellalt v\u00f5luv \u2013 <strong data-start=\"855\" data-end=\"883\">\u2018Chrisantella Moonstone\u2019<\/strong> on aster, mis toob suve\u00f5htutesse valguse ja rahu, nagu t\u00e4iskuu peegeldus vaiksel veepinnal.<\/p>\n<\/div>\n<p data-start=\"875\" data-end=\"1008\" data-is-last-node=\"\" data-is-only-node=\"\">\n<\/div>\n<\/div>\n<\/div>\n<\/div>\n<\/div>\n<\/article>\n<p><span style=\"text-decoration: underline;\">KASVATAMINE\u00a0<em>(soovituslik)<\/em>:<\/span><\/p>\n<p>Ettekasvatus: k\u00fclva seemned 6-8 n\u00e4dalat enne \u00f5ue istutamist. Taimed istuta \u00f5ue, kui \u00f6\u00f6k\u00fclma oht on m\u00f6\u00f6das.<\/p>\n<p>\u00c4ra kata k\u00fclvi mullaga \u2013 seemned vajavad idanemiseks valgust. V\u00f5imalusel kata k\u00fclv \u00f5rna vermikuliidikihiga.<\/p>\n<p>T\u00e4iskasvanud astri taimed kannatavad kuni -6 kraadist k\u00fclma, kuid noortele taimedele v\u00f5ib \u00f6\u00f6k\u00fclm teha liiga ning kasv v\u00f5ib pidurduda.<\/p>\n<p>Latva ei ole vaja n\u00e4pistada \u2013 astrid hargnevad iseseisvalt.<\/p>\n<p>L\u00f5ika lilled vaasi panekuks, kui \u00f5ied on pooleldi avanenud.<\/p>","protected":false},"excerpt":{"rendered":"<p><em>Callistephus chinensis<\/em><\/p>\n<p>Taime k\u00f5rgus: kuni 80 cm<\/p>\n<p>\u00d5ie l\u00e4bim\u00f5\u00f5t: 12-15cm<\/p>\n<p>Idanemine: 7-10 p\u00e4eva, 20-22C juures<\/p>\n<p>K\u00fclvist \u00f5itsemiseni: 110-120 p\u00e4eva<\/p>\n<p>Vaasiiga: 7-10 p\u00e4eva<\/p>","protected":false},"featured_media":4328,"template":"","meta":{"om_disable_all_campaigns":false,"_monsterinsights_skip_tracking":false,"_monsterinsights_sitenote_active":false,"_monsterinsights_sitenote_note":"","_monsterinsights_sitenote_category":0},"product_brand":[],"product_cat":[22],"product_tag":[25,23,24],"class_list":{"0":"post-4315","1":"product","2":"type-product","3":"status-publish","4":"has-post-thumbnail","6":"product_cat-hiina-astrid","7":"product_tag-aster","8":"product_tag-hiina-aster","9":"product_tag-lady-coral","11":"first","12":"instock","13":"shipping-taxable","14":"purchasable","15":"product-type-variable"},"aioseo_notices":[],"jetpack_sharing_enabled":true,"_links":{"self":[{"href":"https:\/\/sooditalulilled.ee\/en\/wp-json\/wp\/v2\/product\/4315","targetHints":{"allow":["GET"]}}],"collection":[{"href":"https:\/\/sooditalulilled.ee\/en\/wp-json\/wp\/v2\/product"}],"about":[{"href":"https:\/\/sooditalulilled.ee\/en\/wp-json\/wp\/v2\/types\/product"}],"wp:featuredmedia":[{"embeddable":true,"href":"https:\/\/sooditalulilled.ee\/en\/wp-json\/wp\/v2\/media\/4328"}],"wp:attachment":[{"href":"https:\/\/sooditalulilled.ee\/en\/wp-json\/wp\/v2\/media?parent=4315"}],"wp:term":[{"taxonomy":"product_brand","embeddable":true,"href":"https:\/\/sooditalulilled.ee\/en\/wp-json\/wp\/v2\/product_brand?post=4315"},{"taxonomy":"product_cat","embeddable":true,"href":"https:\/\/sooditalulilled.ee\/en\/wp-json\/wp\/v2\/product_cat?post=4315"},{"taxonomy":"product_tag","embeddable":true,"href":"https:\/\/sooditalulilled.ee\/en\/wp-json\/wp\/v2\/product_tag?post=4315"}],"curies":[{"name":"wp","href":"https:\/\/api.w.org\/{rel}","templated":true}]}}