{"id":4319,"date":"2025-11-12T17:20:26","date_gmt":"2025-11-12T17:20:26","guid":{"rendered":"https:\/\/sooditalulilled.ee\/?post_type=product&#038;p=4319"},"modified":"2026-04-03T11:02:27","modified_gmt":"2026-04-03T11:02:27","slug":"hiina-aster-chrisantella-phantom-of-the-opera","status":"publish","type":"product","link":"https:\/\/sooditalulilled.ee\/en\/product\/hiina-aster-chrisantella-phantom-of-the-opera\/","title":{"rendered":"Hiina Aster &#8216;Chrisantella Phantom of the Opera&#8217;"},"content":{"rendered":"<article class=\"text-token-text-primary w-full focus:outline-none [--shadow-height:45px] has-data-writing-block:pointer-events-none has-data-writing-block:-mt-(--shadow-height) has-data-writing-block:pt-(--shadow-height) [&amp;:has([data-writing-block])&gt;*]:pointer-events-auto [content-visibility:auto] supports-[content-visibility:auto]:[contain-intrinsic-size:auto_100lvh] scroll-mt-[calc(var(--header-height)+min(200px,max(70px,20svh)))]\" dir=\"auto\" tabindex=\"-1\" data-turn-id=\"request-68fcca54-b258-832a-84a4-a4292ae4b221-1\" data-testid=\"conversation-turn-446\" data-scroll-anchor=\"true\" data-turn=\"assistant\">\n<div class=\"text-base my-auto mx-auto pb-10 [--thread-content-margin:--spacing(4)] thread-sm:[--thread-content-margin:--spacing(6)] thread-lg:[--thread-content-margin:--spacing(16)] px-(--thread-content-margin)\">\n<div class=\"[--thread-content-max-width:40rem] thread-lg:[--thread-content-max-width:48rem] mx-auto max-w-(--thread-content-max-width) flex-1 group\/turn-messages focus-visible:outline-hidden relative flex w-full min-w-0 flex-col agent-turn\" tabindex=\"-1\">\n<div class=\"flex max-w-full flex-col grow\">\n<div class=\"min-h-8 text-message relative flex w-full flex-col items-end gap-2 text-start break-words whitespace-normal [.text-message+&amp;]:mt-1\" dir=\"auto\" data-message-author-role=\"assistant\" data-message-id=\"1c92ffee-651a-41ec-9e16-84e75b566ad9\" data-message-model-slug=\"gpt-5\">\n<div class=\"flex w-full flex-col gap-1 empty:hidden first:pt-[1px]\">\n<div class=\"markdown prose dark:prose-invert w-full break-words light markdown-new-styling\">\n<p data-start=\"0\" data-end=\"331\">Hiina aster <strong data-start=\"12\" data-end=\"51\">\u2018Chrisantella Phantom of the Opera\u2019<\/strong> (<em data-start=\"53\" data-end=\"77\">Callistephus chinensis<\/em>) on erakordselt elegantne ja lummavalt puhas sort, mis paistab silma oma suurte, t\u00e4idlaste piimvalgete \u00f5itega. Iga \u00f5is meenutab v\u00e4ikest kr\u00fcsanteemi \u2013 siidised kroonlehed on tihedalt kihiti asetunud, luues t\u00e4iuslikult \u00fcmmarguse ja lopsaka \u00f5iepalli.<\/p>\n<p data-start=\"333\" data-end=\"694\">\u2018Phantom of the Opera\u2019 \u00f5hkab ajatut ilu ja rahu \u2013 tema lihtne, kuid m\u00f5juv v\u00e4rv toob kimpudesse ja peenrasse valguse ja selguse, sobitudes harmooniliselt nii pastelltoonide kui ka s\u00fcgavamate v\u00e4rvide k\u00f5rvale. Tugevad varred ja suur \u00f5ie l\u00e4bim\u00f5\u00f5t (kuni 12\u201315 cm) teevad sellest sordist t\u00e4iusliku l\u00f5ikelille, mis p\u00fcsib vaasis kaua ja hoiab h\u00e4sti oma vormi.<\/p>\n<p data-start=\"696\" data-end=\"812\">Peenral m\u00f5jub ta v\u00e4\u00e4rikalt ja pehmelt korraga \u2013 justkui valge meloodia v\u00e4rvide seas, mis r\u00f5hutab k\u00f5ike enda \u00fcmber.<\/p>\n<p data-start=\"814\" data-end=\"952\" data-is-last-node=\"\" data-is-only-node=\"\">Puhas, elegantne ja s\u00e4rav \u2013 <strong data-start=\"842\" data-end=\"881\">\u2018Chrisantella Phantom of the Opera\u2019<\/strong> on aster, mis toob aeda ja kimpudesse valguse ning vaikse luksuse.<\/p>\n<\/div>\n<p data-start=\"875\" data-end=\"1008\" data-is-last-node=\"\" data-is-only-node=\"\">\n<\/div>\n<\/div>\n<\/div>\n<\/div>\n<\/div>\n<\/article>\n<p><span style=\"text-decoration: underline;\">KASVATAMINE\u00a0<em>(soovituslik)<\/em>:<\/span><\/p>\n<p>Ettekasvatus: k\u00fclva seemned 6-8 n\u00e4dalat enne \u00f5ue istutamist. Taimed istuta \u00f5ue, kui \u00f6\u00f6k\u00fclma oht on m\u00f6\u00f6das.<\/p>\n<p>\u00c4ra kata k\u00fclvi mullaga \u2013 seemned vajavad idanemiseks valgust. V\u00f5imalusel kata k\u00fclv \u00f5rna vermikuliidikihiga.<\/p>\n<p>T\u00e4iskasvanud astri taimed kannatavad kuni -6 kraadist k\u00fclma, kuid noortele taimedele v\u00f5ib \u00f6\u00f6k\u00fclm teha liiga ning kasv v\u00f5ib pidurduda.<\/p>\n<p>Latva ei ole vaja n\u00e4pistada \u2013 astrid hargnevad iseseisvalt.<\/p>\n<p>L\u00f5ika lilled vaasi panekuks, kui \u00f5ied on pooleldi avanenud.<\/p>","protected":false},"excerpt":{"rendered":"<p><em>Callistephus chinensis<\/em><\/p>\n<p>Taime k\u00f5rgus: kuni 80 cm<\/p>\n<p>\u00d5ie l\u00e4bim\u00f5\u00f5t: 12-15cm<\/p>\n<p>Idanemine: 7-10 p\u00e4eva, 20-22C juures<\/p>\n<p>K\u00fclvist \u00f5itsemiseni: 110-120 p\u00e4eva<\/p>\n<p>Vaasiiga: 7-10 p\u00e4eva<\/p>","protected":false},"featured_media":4329,"template":"","meta":{"om_disable_all_campaigns":false,"_monsterinsights_skip_tracking":false,"_monsterinsights_sitenote_active":false,"_monsterinsights_sitenote_note":"","_monsterinsights_sitenote_category":0},"product_brand":[],"product_cat":[22],"product_tag":[25,23,24],"class_list":{"0":"post-4319","1":"product","2":"type-product","3":"status-publish","4":"has-post-thumbnail","6":"product_cat-hiina-astrid","7":"product_tag-aster","8":"product_tag-hiina-aster","9":"product_tag-lady-coral","11":"first","12":"instock","13":"shipping-taxable","14":"purchasable","15":"product-type-variable"},"aioseo_notices":[],"jetpack_sharing_enabled":true,"_links":{"self":[{"href":"https:\/\/sooditalulilled.ee\/en\/wp-json\/wp\/v2\/product\/4319","targetHints":{"allow":["GET"]}}],"collection":[{"href":"https:\/\/sooditalulilled.ee\/en\/wp-json\/wp\/v2\/product"}],"about":[{"href":"https:\/\/sooditalulilled.ee\/en\/wp-json\/wp\/v2\/types\/product"}],"wp:featuredmedia":[{"embeddable":true,"href":"https:\/\/sooditalulilled.ee\/en\/wp-json\/wp\/v2\/media\/4329"}],"wp:attachment":[{"href":"https:\/\/sooditalulilled.ee\/en\/wp-json\/wp\/v2\/media?parent=4319"}],"wp:term":[{"taxonomy":"product_brand","embeddable":true,"href":"https:\/\/sooditalulilled.ee\/en\/wp-json\/wp\/v2\/product_brand?post=4319"},{"taxonomy":"product_cat","embeddable":true,"href":"https:\/\/sooditalulilled.ee\/en\/wp-json\/wp\/v2\/product_cat?post=4319"},{"taxonomy":"product_tag","embeddable":true,"href":"https:\/\/sooditalulilled.ee\/en\/wp-json\/wp\/v2\/product_tag?post=4319"}],"curies":[{"name":"wp","href":"https:\/\/api.w.org\/{rel}","templated":true}]}}