{"id":4330,"date":"2025-11-12T17:58:03","date_gmt":"2025-11-12T17:58:03","guid":{"rendered":"https:\/\/sooditalulilled.ee\/?post_type=product&#038;p=4330"},"modified":"2026-01-20T18:54:24","modified_gmt":"2026-01-20T18:54:24","slug":"hiina-aster-lady-coral-white","status":"publish","type":"product","link":"https:\/\/sooditalulilled.ee\/en\/product\/hiina-aster-lady-coral-white\/","title":{"rendered":"Hiina Aster &#8216;Lady Coral White&#8217;"},"content":{"rendered":"<p data-start=\"0\" data-end=\"384\">Hiina aster <strong data-start=\"12\" data-end=\"34\">\u2018Lady Coral White\u2019<\/strong> (<em data-start=\"36\" data-end=\"60\">Callistephus chinensis<\/em>) on erakordselt puhas, klassikalise valge tooniga sort, mis avab oma \u00f5ied suure ja t\u00e4idlase kroonlehestikuga \u2013 nagu v\u00e4rske lootuse s\u00fcmbol. Iga \u00f5is n\u00e4ib olevat hoolikalt \u201evalgeks segatud\u201d koralliroosa h\u00fcbriidi elegantne versioon, tuues kimpu v\u00f5i peenrale s\u00f5na otseses m\u00f5ttes valguse.<\/p>\n<p data-start=\"386\" data-end=\"605\">\u2018Lady Coral White\u2019 varred on tugevad, h\u00e4sti harunevad ja \u00f5ied l\u00e4bim\u00f5\u00f5duga ligikaudu 10\u201312 cm, tehes sellest t\u00e4iusliku lille kimpudesse. Ta kestab vaasis kaua, s\u00e4ilitades v\u00e4rske valge s\u00e4ra ja korrastatud kuju.<\/p>\n<p data-start=\"607\" data-end=\"772\">Peenral lisab ta rahu ja rafineeritust \u2013 sobides kauni selge valge taustana teiste lilledega kombineerimiseks ning pakkudes rohelises keskkonnas mahedat kontrasti.<\/p>\n<p data-start=\"774\" data-end=\"910\">Elegantne, selge ja ajatu \u2013 <strong data-start=\"802\" data-end=\"824\">\u2018Lady Coral White\u2019<\/strong> on aster, mis toob suveaeda v\u00f5i l\u00f5ikelillekogusse v\u00e4rske ja rahuliku valge elegantsi.<\/p>\n<p>&nbsp;<\/p>\n<p><span style=\"text-decoration: underline;\">KASVATAMINE <em>(soovituslik)<\/em>:<\/span><\/p>\n<p>Ettekasvatus: k\u00fclva seemned 6-8 n\u00e4dalat enne \u00f5ue istutamist. Taimed istuta \u00f5ue, kui \u00f6\u00f6k\u00fclma oht on m\u00f6\u00f6das.<\/p>\n<p>\u00c4ra kata k\u00fclvi mullaga &#8211; seemned vajavad idanemiseks valgust. V\u00f5imalusel kata k\u00fclv \u00f5rna vermikuliidikihiga.<\/p>\n<p>T\u00e4iskasvanud astri taimed kannatavad kuni -6 kraadist k\u00fclma, kuid noortele taimedele v\u00f5ib \u00f6\u00f6k\u00fclm teha liiga ning kasv v\u00f5ib pidurduda.<\/p>\n<p>Latva ei ole vaja n\u00e4pistada &#8211; astrid hargnevad iseseisvalt.<\/p>\n<p>L\u00f5ika lilled vaasi panekuks, kui \u00f5ied on pooleldi avanenud. \u00d5ied ei kannata vihma &#8211; t\u00f5mbuvad pruuniks.<\/p>","protected":false},"excerpt":{"rendered":"<p class=\"lk7499ae_ProductDetail_productDetailLatinName\"><em>Callistephus chinensis<\/em><\/p>\n<p>Taime k\u00f5rgus: 60-80 cm<\/p>\n<p>Idanemine: 7-10 p\u00e4eva, 20-22C juures<\/p>\n<p>K\u00fclvist \u00f5itsemiseni: 110-120 p\u00e4eva<\/p>\n<p>Vaasiiga: 7-10 p\u00e4eva<\/p>","protected":false},"featured_media":4333,"template":"","meta":{"om_disable_all_campaigns":false,"_monsterinsights_skip_tracking":false,"_monsterinsights_sitenote_active":false,"_monsterinsights_sitenote_note":"","_monsterinsights_sitenote_category":0},"product_brand":[],"product_cat":[22],"product_tag":[25,23,24,27],"class_list":{"0":"post-4330","1":"product","2":"type-product","3":"status-publish","4":"has-post-thumbnail","6":"product_cat-hiina-astrid","7":"product_tag-aster","8":"product_tag-hiina-aster","9":"product_tag-lady-coral","10":"product_tag-valge","12":"first","13":"outofstock","14":"shipping-taxable","15":"purchasable","16":"product-type-variable"},"aioseo_notices":[],"jetpack_sharing_enabled":true,"_links":{"self":[{"href":"https:\/\/sooditalulilled.ee\/en\/wp-json\/wp\/v2\/product\/4330","targetHints":{"allow":["GET"]}}],"collection":[{"href":"https:\/\/sooditalulilled.ee\/en\/wp-json\/wp\/v2\/product"}],"about":[{"href":"https:\/\/sooditalulilled.ee\/en\/wp-json\/wp\/v2\/types\/product"}],"wp:featuredmedia":[{"embeddable":true,"href":"https:\/\/sooditalulilled.ee\/en\/wp-json\/wp\/v2\/media\/4333"}],"wp:attachment":[{"href":"https:\/\/sooditalulilled.ee\/en\/wp-json\/wp\/v2\/media?parent=4330"}],"wp:term":[{"taxonomy":"product_brand","embeddable":true,"href":"https:\/\/sooditalulilled.ee\/en\/wp-json\/wp\/v2\/product_brand?post=4330"},{"taxonomy":"product_cat","embeddable":true,"href":"https:\/\/sooditalulilled.ee\/en\/wp-json\/wp\/v2\/product_cat?post=4330"},{"taxonomy":"product_tag","embeddable":true,"href":"https:\/\/sooditalulilled.ee\/en\/wp-json\/wp\/v2\/product_tag?post=4330"}],"curies":[{"name":"wp","href":"https:\/\/api.w.org\/{rel}","templated":true}]}}