{"id":4334,"date":"2025-11-12T18:01:52","date_gmt":"2025-11-12T18:01:52","guid":{"rendered":"https:\/\/sooditalulilled.ee\/?post_type=product&#038;p=4334"},"modified":"2026-04-01T19:17:11","modified_gmt":"2026-04-01T19:17:11","slug":"hiina-aster-syringa-champagne","status":"publish","type":"product","link":"https:\/\/sooditalulilled.ee\/en\/product\/hiina-aster-syringa-champagne\/","title":{"rendered":"Hiina Aster &#8216;Syringa Champagne&#8217;"},"content":{"rendered":"<p data-start=\"0\" data-end=\"330\">Hiina aster <strong data-start=\"12\" data-end=\"35\">\u2018Syringa Champagne\u2019<\/strong> (<em data-start=\"37\" data-end=\"61\">Callistephus chinensis<\/em>) on peen ja v\u00e4rvik\u00fcllane sort, mis toob aeda v\u00f5i kimpu luksusliku \u0161ampanja\u2010roosa tooni \u2013 elegantne ning ajatu. Selle suured \u00f5ied avanevad sametise kroonlehestikuga, mille pehme roosa s\u00e4ra ja helge kreemikas p\u00f5hi loovad v\u00e4ljendusrikka ja v\u00f5imasa v\u00e4rvim\u00e4ngu.<\/p>\n<p data-start=\"332\" data-end=\"628\">Taim on tugeva varrega ning hea harunemisega, mis tagab rikkaliku \u00f5itsemise ja silmapaistva kuju. \u00d5ied \u2013 l\u00e4bim\u00f5\u00f5dus ligikaudu 12-15 cm \u2013 sobivad suurep\u00e4raselt l\u00f5ikelilleks, sest p\u00fcsivad vaasis kaua ja t\u00f5mbavad pilku oma tooniga.<\/p>\n<p data-start=\"630\" data-end=\"898\">Peenral loob \u2018Syringa Champagne\u2019 v\u00e4rviheli, mis sobitub kaunilt nii s\u00fcgavamate violetsete v\u00f5i roosade toonidega kui ka puhaste valgete lillede-sekka kontrastiks. Tulemuseks on harmooniline, karge ja samas pehme v\u00e4rvikimp, mis annab vegetatsioonile h\u00fcppelise elegantsi.<\/p>\n<p data-start=\"900\" data-end=\"1049\">\u0160ampanjatooni, rafineeritud haru ja luksusliku tekstuuriga \u2013 <strong data-start=\"961\" data-end=\"984\">\u2018Syringa Champagne\u2019<\/strong> on aster, mis lisab suvele peene, ent v\u00e4ljendusrikka v\u00e4rviv\u00f5nke.<\/p>\n<p>&nbsp;<\/p>\n<p><span style=\"text-decoration: underline;\">KASVATAMINE <em>(soovituslik)<\/em>:<\/span><\/p>\n<p>Ettekasvatus: k\u00fclva seemned 6-8 n\u00e4dalat enne \u00f5ue istutamist. Taimed istuta \u00f5ue, kui \u00f6\u00f6k\u00fclma oht on m\u00f6\u00f6das.<\/p>\n<p>\u00c4ra kata k\u00fclvi mullaga &#8211; seemned vajavad idanemiseks valgust. V\u00f5imalusel kata k\u00fclv \u00f5rna vermikuliidikihiga.<\/p>\n<p>T\u00e4iskasvanud astri taimed kannatavad kuni -6 kraadist k\u00fclma, kuid noortele taimedele v\u00f5ib \u00f6\u00f6k\u00fclm teha liiga ning kasv v\u00f5ib pidurduda.<\/p>\n<p>Latva ei ole vaja n\u00e4pistada &#8211; astrid hargnevad iseseisvalt.<\/p>\n<p>L\u00f5ika lilled vaasi panekuks, kui \u00f5ied on pooleldi avanenud. \u00d5ied ei kannata vihma &#8211; t\u00f5mbuvad pruuniks.<\/p>","protected":false},"excerpt":{"rendered":"<p class=\"lk7499ae_ProductDetail_productDetailLatinName\"><em>Callistephus chinensis<\/em><\/p>\n<p>Taime k\u00f5rgus: 60-70 cm<\/p>\n<p>Idanemine: 7-10 p\u00e4eva, 20-22C juures<\/p>\n<p>K\u00fclvist \u00f5itsemiseni: 110-120 p\u00e4eva<\/p>\n<p>Vaasiiga: 7-10 p\u00e4eva<\/p>","protected":false},"featured_media":4338,"template":"","meta":{"om_disable_all_campaigns":false,"_monsterinsights_skip_tracking":false,"_monsterinsights_sitenote_active":false,"_monsterinsights_sitenote_note":"","_monsterinsights_sitenote_category":0},"product_brand":[],"product_cat":[22],"product_tag":[25,23],"class_list":{"0":"post-4334","1":"product","2":"type-product","3":"status-publish","4":"has-post-thumbnail","6":"product_cat-hiina-astrid","7":"product_tag-aster","8":"product_tag-hiina-aster","10":"first","11":"outofstock","12":"shipping-taxable","13":"purchasable","14":"product-type-variable"},"aioseo_notices":[],"jetpack_sharing_enabled":true,"_links":{"self":[{"href":"https:\/\/sooditalulilled.ee\/en\/wp-json\/wp\/v2\/product\/4334","targetHints":{"allow":["GET"]}}],"collection":[{"href":"https:\/\/sooditalulilled.ee\/en\/wp-json\/wp\/v2\/product"}],"about":[{"href":"https:\/\/sooditalulilled.ee\/en\/wp-json\/wp\/v2\/types\/product"}],"wp:featuredmedia":[{"embeddable":true,"href":"https:\/\/sooditalulilled.ee\/en\/wp-json\/wp\/v2\/media\/4338"}],"wp:attachment":[{"href":"https:\/\/sooditalulilled.ee\/en\/wp-json\/wp\/v2\/media?parent=4334"}],"wp:term":[{"taxonomy":"product_brand","embeddable":true,"href":"https:\/\/sooditalulilled.ee\/en\/wp-json\/wp\/v2\/product_brand?post=4334"},{"taxonomy":"product_cat","embeddable":true,"href":"https:\/\/sooditalulilled.ee\/en\/wp-json\/wp\/v2\/product_cat?post=4334"},{"taxonomy":"product_tag","embeddable":true,"href":"https:\/\/sooditalulilled.ee\/en\/wp-json\/wp\/v2\/product_tag?post=4334"}],"curies":[{"name":"wp","href":"https:\/\/api.w.org\/{rel}","templated":true}]}}