{"id":4340,"date":"2025-11-12T18:14:28","date_gmt":"2025-11-12T18:14:28","guid":{"rendered":"https:\/\/sooditalulilled.ee\/?post_type=product&#038;p=4340"},"modified":"2026-02-12T18:45:51","modified_gmt":"2026-02-12T18:45:51","slug":"hiina-aster-syringa-gold-salmon","status":"publish","type":"product","link":"https:\/\/sooditalulilled.ee\/en\/product\/hiina-aster-syringa-gold-salmon\/","title":{"rendered":"Hiina Aster &#8216;Syringa Gold Salmon&#8217;"},"content":{"rendered":"<p data-start=\"0\" data-end=\"378\">Hiina aster <strong data-start=\"12\" data-end=\"37\">\u2018Syringa Gold Salmon\u2019<\/strong> (<em data-start=\"39\" data-end=\"63\">Callistephus chinensis<\/em>) on t\u00f5eline v\u00e4rvi-\u00f5nnistus, mis \u00fchendab kuldselt s\u00e4deleva l\u00f5hetooni ja delikaatse aprikoosiroosa, tuues esile nii soojust kui elegantsi aiavalduses v\u00f5i l\u00f5ikelilles. Selle suured, tihedalt kihilised \u00f5ied on rikkalikud ja avanevad lopsakalt, luues peenrale v\u00f5i kimpu ilusa v\u00e4rvi ning tekstuuri dualismi.<\/p>\n<p data-start=\"380\" data-end=\"734\">Taimel on tugevad, sirged varred ning head harunemise omadused, mist\u00f5ttu see sobib suurep\u00e4raselt l\u00f5ikelilleks \u2013 \u00f5ied p\u00fcsivad vaasis kaua ning annavad kimpudele soojalt helkiva, ent elegantse iseloomu. Peenral lisab \u2018Syringa Gold Salmon\u2019 rahuliku voolu ja pehme kontrasti, sobides nii \u00fcksi seisvana kui ka kaaslaseks s\u00fcgavamate v\u00f5i rahulikemate toonidega.<\/p>\n<p data-start=\"736\" data-end=\"881\">Soojus, elegants ja kvaliteet \u2013 <strong data-start=\"768\" data-end=\"793\">\u2018Syringa Gold Salmon\u2019<\/strong> on aster, mis toob igasse suve\u00f5htusse v\u00e4ikse p\u00e4ikeset\u00f5usu ja nauditava v\u00e4rvihelgi.<\/p>\n<p>&nbsp;<\/p>\n<p><span style=\"text-decoration: underline;\">KASVATAMINE <em>(soovituslik)<\/em>:<\/span><\/p>\n<p>Ettekasvatus: k\u00fclva seemned 6-8 n\u00e4dalat enne \u00f5ue istutamist. Taimed istuta \u00f5ue, kui \u00f6\u00f6k\u00fclma oht on m\u00f6\u00f6das.<\/p>\n<p>\u00c4ra kata k\u00fclvi mullaga &#8211; seemned vajavad idanemiseks valgust. V\u00f5imalusel kata k\u00fclv \u00f5rna vermikuliidikihiga.<\/p>\n<p>T\u00e4iskasvanud astri taimed kannatavad kuni -6 kraadist k\u00fclma, kuid noortele taimedele v\u00f5ib \u00f6\u00f6k\u00fclm teha liiga ning kasv v\u00f5ib pidurduda.<\/p>\n<p>Latva ei ole vaja n\u00e4pistada &#8211; astrid hargnevad iseseisvalt.<\/p>\n<p>L\u00f5ika lilled vaasi panekuks, kui \u00f5ied on pooleldi avanenud. \u00d5ied ei kannata vihma &#8211; t\u00f5mbuvad pruuniks.<\/p>","protected":false},"excerpt":{"rendered":"<p class=\"lk7499ae_ProductDetail_productDetailLatinName\"><em>Callistephus chinensis<\/em><\/p>\n<p>Taime k\u00f5rgus: 60-70 cm<\/p>\n<p>Idanemine: 7-10 p\u00e4eva, 20-22C juures<\/p>\n<p>K\u00fclvist \u00f5itsemiseni: 110-120 p\u00e4eva<\/p>\n<p>Vaasiiga: 7-10 p\u00e4eva<\/p>","protected":false},"featured_media":4344,"template":"","meta":{"om_disable_all_campaigns":false,"_monsterinsights_skip_tracking":false,"_monsterinsights_sitenote_active":false,"_monsterinsights_sitenote_note":"","_monsterinsights_sitenote_category":0},"product_brand":[],"product_cat":[22],"product_tag":[25,23,24,27],"class_list":{"0":"post-4340","1":"product","2":"type-product","3":"status-publish","4":"has-post-thumbnail","6":"product_cat-hiina-astrid","7":"product_tag-aster","8":"product_tag-hiina-aster","9":"product_tag-lady-coral","10":"product_tag-valge","12":"first","13":"outofstock","14":"shipping-taxable","15":"purchasable","16":"product-type-variable"},"aioseo_notices":[],"jetpack_sharing_enabled":true,"_links":{"self":[{"href":"https:\/\/sooditalulilled.ee\/en\/wp-json\/wp\/v2\/product\/4340","targetHints":{"allow":["GET"]}}],"collection":[{"href":"https:\/\/sooditalulilled.ee\/en\/wp-json\/wp\/v2\/product"}],"about":[{"href":"https:\/\/sooditalulilled.ee\/en\/wp-json\/wp\/v2\/types\/product"}],"wp:featuredmedia":[{"embeddable":true,"href":"https:\/\/sooditalulilled.ee\/en\/wp-json\/wp\/v2\/media\/4344"}],"wp:attachment":[{"href":"https:\/\/sooditalulilled.ee\/en\/wp-json\/wp\/v2\/media?parent=4340"}],"wp:term":[{"taxonomy":"product_brand","embeddable":true,"href":"https:\/\/sooditalulilled.ee\/en\/wp-json\/wp\/v2\/product_brand?post=4340"},{"taxonomy":"product_cat","embeddable":true,"href":"https:\/\/sooditalulilled.ee\/en\/wp-json\/wp\/v2\/product_cat?post=4340"},{"taxonomy":"product_tag","embeddable":true,"href":"https:\/\/sooditalulilled.ee\/en\/wp-json\/wp\/v2\/product_tag?post=4340"}],"curies":[{"name":"wp","href":"https:\/\/api.w.org\/{rel}","templated":true}]}}