{"id":4353,"date":"2025-11-12T18:32:48","date_gmt":"2025-11-12T18:32:48","guid":{"rendered":"https:\/\/sooditalulilled.ee\/?post_type=product&#038;p=4353"},"modified":"2026-01-11T10:11:46","modified_gmt":"2026-01-11T10:11:46","slug":"hiina-aster-syringa-violet-blue","status":"publish","type":"product","link":"https:\/\/sooditalulilled.ee\/en\/product\/hiina-aster-syringa-violet-blue\/","title":{"rendered":"Hiina Aster &#8216;Syringa Violet Blue&#8217;"},"content":{"rendered":"<p data-start=\"0\" data-end=\"349\">Hiina aster <strong data-start=\"12\" data-end=\"37\">\u2018Syringa Violet Blue\u2019<\/strong> (<em data-start=\"39\" data-end=\"63\">Callistephus chinensis<\/em>) on s\u00fcgava, elegantse ja silmapaistva tooniga sort, mis \u00fchendab violetsinise ja sinakaslilla s\u00fcmbioosi. Tema suured, tihedalt t\u00e4idetud \u00f5ied avanevad h\u00e4gusalt sinakas-violetsetes toonides, millel on luksuslik sametiline tekstuur ja kontrastiks veidi helendumist kroonlehtede servades.<\/p>\n<p data-start=\"351\" data-end=\"612\">Tugevate, sirgete vartega taim annab rikkalikku harunemist ja on suurep\u00e4rane nii l\u00f5ikelilleks kui ka aiapeenrale \u2014 tema \u00f5ied on piisavalt muljetavaldavad, et seista keskpunktiks, kuid sobituvad ka imeh\u00e4sti teiste pastelsete v\u00f5i s\u00fcgavate lillade v\u00e4rvidega.<\/p>\n<p data-start=\"614\" data-end=\"869\">Peenrale loob \u2018Syringa Violet Blue\u2019 arhitektuuri ja elegantsi \u2014 justkui looduslik skulptuur, mille toonid toovad kaasa rahuliku julguse. Tema v\u00e4rvitoon on samaaegselt s\u00fcgav ja \u00f5rn, sobides h\u00e4sti looduslikku botaanilist ilu r\u00f5hutavatesse istutusaladesse.<\/p>\n<p data-start=\"871\" data-end=\"1022\">S\u00fcgav, rafineeritud ja ajatu \u2013 <strong data-start=\"902\" data-end=\"927\">\u2018Syringa Violet Blue\u2019<\/strong> on aster, mis toob suve\u00f5htusse veidi Midsommeri maagilist h\u00f5ngu ja pikendatud \u00f5itsemise r\u00f5\u00f5mu.<\/p>\n<p>&nbsp;<\/p>\n<p><span style=\"text-decoration: underline;\">KASVATAMINE <em>(soovituslik)<\/em>:<\/span><\/p>\n<p>Ettekasvatus: k\u00fclva seemned 6-8 n\u00e4dalat enne \u00f5ue istutamist. Taimed istuta \u00f5ue, kui \u00f6\u00f6k\u00fclma oht on m\u00f6\u00f6das.<\/p>\n<p>\u00c4ra kata k\u00fclvi mullaga &#8211; seemned vajavad idanemiseks valgust. V\u00f5imalusel kata k\u00fclv \u00f5rna vermikuliidikihiga.<\/p>\n<p>T\u00e4iskasvanud astri taimed kannatavad kuni -6 kraadist k\u00fclma, kuid noortele taimedele v\u00f5ib \u00f6\u00f6k\u00fclm teha liiga ning kasv v\u00f5ib pidurduda.<\/p>\n<p>Latva ei ole vaja n\u00e4pistada &#8211; astrid hargnevad iseseisvalt.<\/p>\n<p>L\u00f5ika lilled vaasi panekuks, kui \u00f5ied on pooleldi avanenud. \u00d5ied ei kannata vihma &#8211; t\u00f5mbuvad pruuniks.<\/p>","protected":false},"excerpt":{"rendered":"<p class=\"lk7499ae_ProductDetail_productDetailLatinName\"><em>Callistephus chinensis<\/em><\/p>\n<p>Taime k\u00f5rgus: 60-70 cm<\/p>\n<p>Idanemine: 7-10 p\u00e4eva, 20-22C juures<\/p>\n<p>K\u00fclvist \u00f5itsemiseni: 110-120 p\u00e4eva<\/p>\n<p>Vaasiiga: 7-10 p\u00e4eva<\/p>","protected":false},"featured_media":4357,"template":"","meta":{"om_disable_all_campaigns":false,"_monsterinsights_skip_tracking":false,"_monsterinsights_sitenote_active":false,"_monsterinsights_sitenote_note":"","_monsterinsights_sitenote_category":0},"product_brand":[],"product_cat":[22],"product_tag":[25,23,24,27],"class_list":{"0":"post-4353","1":"product","2":"type-product","3":"status-publish","4":"has-post-thumbnail","6":"product_cat-hiina-astrid","7":"product_tag-aster","8":"product_tag-hiina-aster","9":"product_tag-lady-coral","10":"product_tag-valge","12":"first","13":"outofstock","14":"shipping-taxable","15":"purchasable","16":"product-type-variable"},"aioseo_notices":[],"jetpack_sharing_enabled":true,"_links":{"self":[{"href":"https:\/\/sooditalulilled.ee\/en\/wp-json\/wp\/v2\/product\/4353","targetHints":{"allow":["GET"]}}],"collection":[{"href":"https:\/\/sooditalulilled.ee\/en\/wp-json\/wp\/v2\/product"}],"about":[{"href":"https:\/\/sooditalulilled.ee\/en\/wp-json\/wp\/v2\/types\/product"}],"wp:featuredmedia":[{"embeddable":true,"href":"https:\/\/sooditalulilled.ee\/en\/wp-json\/wp\/v2\/media\/4357"}],"wp:attachment":[{"href":"https:\/\/sooditalulilled.ee\/en\/wp-json\/wp\/v2\/media?parent=4353"}],"wp:term":[{"taxonomy":"product_brand","embeddable":true,"href":"https:\/\/sooditalulilled.ee\/en\/wp-json\/wp\/v2\/product_brand?post=4353"},{"taxonomy":"product_cat","embeddable":true,"href":"https:\/\/sooditalulilled.ee\/en\/wp-json\/wp\/v2\/product_cat?post=4353"},{"taxonomy":"product_tag","embeddable":true,"href":"https:\/\/sooditalulilled.ee\/en\/wp-json\/wp\/v2\/product_tag?post=4353"}],"curies":[{"name":"wp","href":"https:\/\/api.w.org\/{rel}","templated":true}]}}