{"id":4476,"date":"2025-11-21T18:29:40","date_gmt":"2025-11-21T18:29:40","guid":{"rendered":"https:\/\/sooditalulilled.ee\/?post_type=product&#038;p=4476"},"modified":"2026-03-19T19:54:45","modified_gmt":"2026-03-19T19:54:45","slug":"suvorovi-parkjuur-pink-pokers","status":"publish","type":"product","link":"https:\/\/sooditalulilled.ee\/en\/product\/suvorovi-parkjuur-pink-pokers\/","title":{"rendered":"Suvorovi parkjuur &#8216;Pink Pokers&#8217;"},"content":{"rendered":"<p data-start=\"61\" data-end=\"516\"><strong data-start=\"61\" data-end=\"117\">Suvorovi parkjuur \u2018Pink Pokers\u2019<\/strong> on \u00fcks k\u00f5ige m\u00e4ngulisema v\u00e4limusega suvelill, mis toob peenrale kergust ja liikumist. Tema pikad, saledad varred kannavad \u00f5hulisi, p\u00f6\u00f6risjaid \u00f5isikuid, mis koosnevad tuhandetest imepisikestest roosadest \u00f5itest \u2013 tulemuseks on justkui vahused, kohevatesse tuttidessse vormitud \u201eroosad vurrud\u201c. See \u00f5rnalt humoorikas, samas \u0161ikk siluett muudab taime t\u00e4iesti vastupandamatuks nii aias kui kimpudes.<\/p>\n<p data-start=\"518\" data-end=\"838\">\u2018Pink Pokers\u2019 on eriti hinnatud l\u00f5ikelillekasvatajate seas, sest ta annab rikkalikult \u00f5isi, varred on tugevad ja vastupidavad ning kuivatatult s\u00e4ilitavad nad oma kauni kuju ja v\u00e4rvi. Ta sobib suurep\u00e4raselt boheemlike, naturaalsete ja kergete kimpute stiili \u2013 justkui p\u00e4ikesest pleekinud suvesoe liikumine lillede keeles.<\/p>\n<p data-start=\"840\" data-end=\"1082\">Peenral toob ta k\u00f5rgust ja graatsiat, sobitudes h\u00e4sti nii kosmose, lavendli, saialille kui ka teiste \u00f5huliste suvelilledega. Tema l\u00e4bikumav ja pehme roosa toon loob maheda ning romantilise meeleolu, mis ei j\u00e4\u00e4 kellelegi m\u00e4rkamatuks.<\/p>\n<p data-start=\"1084\" data-end=\"1223\" data-is-last-node=\"\" data-is-only-node=\"\"><em data-start=\"1084\" data-end=\"1219\">Elegantne, omap\u00e4rane ja alati silmap\u00fc\u00fcdja \u2013 \u2018Pink Pokers\u2019 on taim, mis lisab aeda m\u00e4ngulist \u0161armi ja loob kimpu kohe erilise lummuse.<\/em><\/p>\n<p>&nbsp;<\/p>\n<p><span style=\"text-decoration: underline;\">KASVATAMINE <em>(soovituslik)<\/em>:<\/span><\/p>\n<p>Ettekasvatus: K\u00fclva seemned 4-6 n\u00e4dalat enne \u00f5ue istutamist. Kui seemned on idanenud, kasvata seemikuid ~16-kraadisesse ruumis, et taim kasvataks tugevad juured. Istuta taimed \u00f5ue, kui \u00f6\u00f6k\u00fclmaoht on m\u00f6\u00f6dunud.<\/p>\n<p>\u00c4ra kata k\u00fclvi mullaga &#8211; seemned vajavad idanemiseks valgust. V\u00f5imalusel kata k\u00fclv \u00f5rnalt vermikuliidiga.<\/p>\n<p>L\u00f5ike vaasi panekuks v\u00f5i kuivatamiseks siis, kui peaaegu k\u00f5ik \u00f5ied varrel on avanenud.<\/p>","protected":false},"excerpt":{"rendered":"<div class=\"elementor-element elementor-element-0597da5 e-flex e-con-boxed wpr-particle-no wpr-jarallax-no wpr-parallax-no wpr-sticky-section-no e-con e-parent e-lazyloaded\" data-id=\"0597da5\" data-element_type=\"container\">\n<div class=\"e-con-inner\">\n<div class=\"elementor-element elementor-element-30b6f61 e-con-full e-flex wpr-particle-no wpr-jarallax-no wpr-parallax-no wpr-sticky-section-no e-con e-child\" data-id=\"30b6f61\" data-element_type=\"container\">\n<div class=\"elementor-element elementor-element-bab1de8 elementor-widget elementor-widget-wpr-product-excerpt\" data-id=\"bab1de8\" data-element_type=\"widget\" data-widget_type=\"wpr-product-excerpt.default\">\n<div class=\"elementor-widget-container\">\n<div class=\"wpr-product-excerpt\">\n<p class=\"lk7499ae_ProductDetail_productDetailLatinName\"><em>Limonium sinuatum<\/em><\/p>\n<p>Taime k\u00f5rgus: 60-80 cm<\/p>\n<p>Idanemine: 3-8 p\u00e4eva, 18-22C juures<\/p>\n<p>K\u00fclvist \u00f5itsemiseni: 80-90 p\u00e4eva<\/p>\n<p>Vaasiiga: 7-10 p\u00e4eva<\/p>\n<\/div>\n<\/div>\n<\/div>\n<\/div>\n<\/div>\n<\/div>","protected":false},"featured_media":4479,"template":"","meta":{"om_disable_all_campaigns":false,"_monsterinsights_skip_tracking":false,"_monsterinsights_sitenote_active":false,"_monsterinsights_sitenote_note":"","_monsterinsights_sitenote_category":0},"product_brand":[],"product_cat":[107,47],"product_tag":[48,96,53,49,50],"class_list":{"0":"post-4476","1":"product","2":"type-product","3":"status-publish","4":"has-post-thumbnail","6":"product_cat-kuivkimbulilled","7":"product_cat-parkjuured","8":"product_tag-kaaruline-parkjuur","9":"product_tag-kuivkimbulill","10":"product_tag-limonium","11":"product_tag-parkjuur","12":"product_tag-statice","14":"first","15":"instock","16":"shipping-taxable","17":"purchasable","18":"product-type-variable"},"aioseo_notices":[],"jetpack_sharing_enabled":true,"_links":{"self":[{"href":"https:\/\/sooditalulilled.ee\/en\/wp-json\/wp\/v2\/product\/4476","targetHints":{"allow":["GET"]}}],"collection":[{"href":"https:\/\/sooditalulilled.ee\/en\/wp-json\/wp\/v2\/product"}],"about":[{"href":"https:\/\/sooditalulilled.ee\/en\/wp-json\/wp\/v2\/types\/product"}],"wp:featuredmedia":[{"embeddable":true,"href":"https:\/\/sooditalulilled.ee\/en\/wp-json\/wp\/v2\/media\/4479"}],"wp:attachment":[{"href":"https:\/\/sooditalulilled.ee\/en\/wp-json\/wp\/v2\/media?parent=4476"}],"wp:term":[{"taxonomy":"product_brand","embeddable":true,"href":"https:\/\/sooditalulilled.ee\/en\/wp-json\/wp\/v2\/product_brand?post=4476"},{"taxonomy":"product_cat","embeddable":true,"href":"https:\/\/sooditalulilled.ee\/en\/wp-json\/wp\/v2\/product_cat?post=4476"},{"taxonomy":"product_tag","embeddable":true,"href":"https:\/\/sooditalulilled.ee\/en\/wp-json\/wp\/v2\/product_tag?post=4476"}],"curies":[{"name":"wp","href":"https:\/\/api.w.org\/{rel}","templated":true}]}}