{"id":4488,"date":"2025-11-22T07:25:53","date_gmt":"2025-11-22T07:25:53","guid":{"rendered":"https:\/\/sooditalulilled.ee\/?post_type=product&#038;p=4488"},"modified":"2026-04-01T07:34:56","modified_gmt":"2026-04-01T07:34:56","slug":"kaaruline-parkjuur-qis-rose","status":"publish","type":"product","link":"https:\/\/sooditalulilled.ee\/en\/product\/kaaruline-parkjuur-qis-rose\/","title":{"rendered":"K\u00e4\u00e4ruline parkjuur &#8216;QIS Rose&#8217;"},"content":{"rendered":"<p data-start=\"100\" data-end=\"428\"><strong data-start=\"100\" data-end=\"153\">K\u00e4\u00e4ruline parkjuur \u2018QIS Rose\u2019 (Limonium sinuatum)<\/strong> on romantiline ja \u00f5huline l\u00f5ikelill, mille peened, lainelised kroonlehed moodustavad elegantseid, pilvepehmeid \u00f5isikuid. Selle sordi \u00f5ied on kaunis roosakas toonis \u2013 \u00f5rn, ent samal ajal s\u00e4rtsakas v\u00e4rv, mis toob igasse kimpu v\u00f5i peenrasse pehme naiselikkuse ja sooja helguse.<\/p>\n<p data-start=\"430\" data-end=\"741\">\u2018QIS Rose\u2019 paistab silma oma \u00fchtlase \u00f5itsemise, tugeva varre ja k\u00f5rge kvaliteediga \u00f5isikute poolest. See on taim, mis on loodud just l\u00f5ikelillekasvatajatele \u2013 pikk vaasielu, rikkalik \u00f5itsemine ja kaunis toonide \u00fcleminek teevad temast armastatud koostisosa nii v\u00e4rsketes kimpudes kui ka kuivatatud lilleseadetes.<\/p>\n<p data-start=\"743\" data-end=\"1015\">Peenras loob ta kerget, lainetavat struktuuri ning sobitub imekaunilt kosmose, roosade astrite, lillherne ja teiste \u00f5rnemate suvelilledega. Kuivatatult s\u00e4ilitab ta oma toonid ja tekstuuri, muutes \u2018QIS Rose\u2019 suurep\u00e4raseks lisandiks igasse aastaringi kestvasse lilleseadesse.<\/p>\n<p data-start=\"1017\" data-end=\"1148\" data-is-last-node=\"\" data-is-only-node=\"\"><em data-start=\"1017\" data-end=\"1144\">Peen, elegantne ja ajatult kaunis \u2013 \u2018QIS Rose\u2019 lisab igasse aeda ja kimpude keelde roosat \u00f5rnust ning kerget, suvist unelust.<\/em><\/p>\n<p>&nbsp;<\/p>\n<p><span style=\"text-decoration: underline;\">KASVATAMINE\u00a0<em>(soovituslik)<\/em>:<\/span><\/p>\n<p>Ettekasvatus: K\u00fclva seemned 4-6 n\u00e4dalat enne \u00f5ue istutamist. Kui seemned on idanenud, kasvata seemikuid ~16-kraadisesse ruumis, et taim kasvataks tugevad juured. Istuta taimed \u00f5ue, kui \u00f6\u00f6k\u00fclmaoht on m\u00f6\u00f6dunud.<\/p>\n<p>\u00c4ra kata k\u00fclvi mullaga \u2013 seemned vajavad idanemiseks valgust. V\u00f5imalusel kata k\u00fclv \u00f5rnalt vermikuliidiga.<\/p>\n<p>L\u00f5ike vaasi panekuks v\u00f5i kuivatamiseks siis, kui peaaegu k\u00f5ik \u00f5ied varrel on avanenud.<\/p>","protected":false},"excerpt":{"rendered":"<p class=\"lk7499ae_ProductDetail_productDetailLatinName\"><em>Limonium sinuatum<\/em><\/p>\n<p>Taime k\u00f5rgus: 50-75 cm<\/p>\n<p>Idanemine: 4-8 p\u00e4eva, 18-22C juures<\/p>\n<p>K\u00fclvist \u00f5itsemiseni: 110-120 p\u00e4eva<\/p>\n<p>Vaasiiga: 7-14 p\u00e4eva<\/p>","protected":false},"featured_media":4492,"template":"","meta":{"om_disable_all_campaigns":false,"_monsterinsights_skip_tracking":false,"_monsterinsights_sitenote_active":false,"_monsterinsights_sitenote_note":"","_monsterinsights_sitenote_category":0},"product_brand":[],"product_cat":[107,47],"product_tag":[],"class_list":{"0":"post-4488","1":"product","2":"type-product","3":"status-publish","4":"has-post-thumbnail","6":"product_cat-kuivkimbulilled","7":"product_cat-parkjuured","9":"first","10":"instock","11":"shipping-taxable","12":"purchasable","13":"product-type-variable"},"aioseo_notices":[],"jetpack_sharing_enabled":true,"_links":{"self":[{"href":"https:\/\/sooditalulilled.ee\/en\/wp-json\/wp\/v2\/product\/4488","targetHints":{"allow":["GET"]}}],"collection":[{"href":"https:\/\/sooditalulilled.ee\/en\/wp-json\/wp\/v2\/product"}],"about":[{"href":"https:\/\/sooditalulilled.ee\/en\/wp-json\/wp\/v2\/types\/product"}],"wp:featuredmedia":[{"embeddable":true,"href":"https:\/\/sooditalulilled.ee\/en\/wp-json\/wp\/v2\/media\/4492"}],"wp:attachment":[{"href":"https:\/\/sooditalulilled.ee\/en\/wp-json\/wp\/v2\/media?parent=4488"}],"wp:term":[{"taxonomy":"product_brand","embeddable":true,"href":"https:\/\/sooditalulilled.ee\/en\/wp-json\/wp\/v2\/product_brand?post=4488"},{"taxonomy":"product_cat","embeddable":true,"href":"https:\/\/sooditalulilled.ee\/en\/wp-json\/wp\/v2\/product_cat?post=4488"},{"taxonomy":"product_tag","embeddable":true,"href":"https:\/\/sooditalulilled.ee\/en\/wp-json\/wp\/v2\/product_tag?post=4488"}],"curies":[{"name":"wp","href":"https:\/\/api.w.org\/{rel}","templated":true}]}}