{"id":4494,"date":"2025-11-22T07:27:13","date_gmt":"2025-11-22T07:27:13","guid":{"rendered":"https:\/\/sooditalulilled.ee\/?post_type=product&#038;p=4494"},"modified":"2026-04-01T07:34:56","modified_gmt":"2026-04-01T07:34:56","slug":"kaaruline-parkjuur-qis-lavender-saabumas","status":"publish","type":"product","link":"https:\/\/sooditalulilled.ee\/en\/product\/kaaruline-parkjuur-qis-lavender-saabumas\/","title":{"rendered":"K\u00e4\u00e4ruline parkjuur &#8216;QIS Lavender&#8217;"},"content":{"rendered":"<p data-start=\"66\" data-end=\"390\"><strong data-start=\"66\" data-end=\"123\">K\u00e4\u00e4ruline parkjuur \u2018QIS Lavender\u2019 (Limonium sinuatum)<\/strong> on \u00f5huline, kerge ja unen\u00e4oline lill, mille peened lainelised \u00f5ied on kaetud pehme lavendlilillaga \u2013 justkui \u00f5rn uduvine varahommikuses aias. Selle sordi toon on eriti mahe ja elegantne, sobides suurep\u00e4raselt nii modernsetesse kui ka romantilistesse lilleseadetesse.<\/p>\n<p data-start=\"392\" data-end=\"646\">\u2018QIS Lavender\u2019 paistab silma erakordselt \u00fchtlase \u00f5itsemise, tugeva varre ja professionaalse l\u00f5ikelille kvaliteediga. Ta on \u00fcks hinnatumaid valikuid nii kimpude valmistajatele kui ka neile, kes soovivad oma peenrasse kauakestvat, kerget tekstuuri lisada.<\/p>\n<p data-start=\"648\" data-end=\"953\">Lavendlililla v\u00e4rv p\u00fcsib ka kuivamisel imeh\u00e4sti, muutes selle sordi ideaalseks materjaliks aastaringsetesse kuivseadetesse, p\u00e4rgadesse ja pehmetesse boho-stiilis kompositsioonidesse. Peenras loob ta lummava, \u00f5hulise r\u00fctmi ning sobitub kaunilt kosmose, astersi, lillherne ja teiste pastelsete suvelilledega.<\/p>\n<p data-start=\"955\" data-end=\"1064\" data-is-last-node=\"\" data-is-only-node=\"\"><em data-start=\"955\" data-end=\"1060\">\u00d5rn, rahulik ja ajatult kaunis \u2013 \u2018QIS Lavender\u2019 toob igasse kimpu ja aeda lavendli \u00f5rna suvehinguse.<\/em><\/p>\n<p>&nbsp;<\/p>\n<p><span style=\"text-decoration: underline;\">KASVATAMINE\u00a0<em>(soovituslik)<\/em>:<\/span><\/p>\n<p>Ettekasvatus: K\u00fclva seemned 4-6 n\u00e4dalat enne \u00f5ue istutamist. Kui seemned on idanenud, kasvata seemikuid ~16-kraadisesse ruumis, et taim kasvataks tugevad juured. Istuta taimed \u00f5ue, kui \u00f6\u00f6k\u00fclmaoht on m\u00f6\u00f6dunud.<\/p>\n<p>\u00c4ra kata k\u00fclvi mullaga \u2013 seemned vajavad idanemiseks valgust. V\u00f5imalusel kata k\u00fclv \u00f5rnalt vermikuliidiga.<\/p>\n<p>L\u00f5ike vaasi panekuks v\u00f5i kuivatamiseks siis, kui peaaegu k\u00f5ik \u00f5ied varrel on avanenud.<\/p>","protected":false},"excerpt":{"rendered":"<p class=\"lk7499ae_ProductDetail_productDetailLatinName\"><em>Limonium sinuatum<\/em><\/p>\n<p>Taime k\u00f5rgus: 50-75 cm<\/p>\n<p>Idanemine: 4-8 p\u00e4eva, 18-22C juures<\/p>\n<p>K\u00fclvist \u00f5itsemiseni: 110-120 p\u00e4eva<\/p>\n<p>Vaasiiga: 7-14 p\u00e4eva<\/p>","protected":false},"featured_media":4498,"template":"","meta":{"om_disable_all_campaigns":false,"_monsterinsights_skip_tracking":false,"_monsterinsights_sitenote_active":false,"_monsterinsights_sitenote_note":"","_monsterinsights_sitenote_category":0},"product_brand":[],"product_cat":[107,47],"product_tag":[],"class_list":{"0":"post-4494","1":"product","2":"type-product","3":"status-publish","4":"has-post-thumbnail","6":"product_cat-kuivkimbulilled","7":"product_cat-parkjuured","9":"first","10":"instock","11":"shipping-taxable","12":"purchasable","13":"product-type-variable"},"aioseo_notices":[],"jetpack_sharing_enabled":true,"_links":{"self":[{"href":"https:\/\/sooditalulilled.ee\/en\/wp-json\/wp\/v2\/product\/4494","targetHints":{"allow":["GET"]}}],"collection":[{"href":"https:\/\/sooditalulilled.ee\/en\/wp-json\/wp\/v2\/product"}],"about":[{"href":"https:\/\/sooditalulilled.ee\/en\/wp-json\/wp\/v2\/types\/product"}],"wp:featuredmedia":[{"embeddable":true,"href":"https:\/\/sooditalulilled.ee\/en\/wp-json\/wp\/v2\/media\/4498"}],"wp:attachment":[{"href":"https:\/\/sooditalulilled.ee\/en\/wp-json\/wp\/v2\/media?parent=4494"}],"wp:term":[{"taxonomy":"product_brand","embeddable":true,"href":"https:\/\/sooditalulilled.ee\/en\/wp-json\/wp\/v2\/product_brand?post=4494"},{"taxonomy":"product_cat","embeddable":true,"href":"https:\/\/sooditalulilled.ee\/en\/wp-json\/wp\/v2\/product_cat?post=4494"},{"taxonomy":"product_tag","embeddable":true,"href":"https:\/\/sooditalulilled.ee\/en\/wp-json\/wp\/v2\/product_tag?post=4494"}],"curies":[{"name":"wp","href":"https:\/\/api.w.org\/{rel}","templated":true}]}}