{"id":4499,"date":"2025-11-22T07:31:22","date_gmt":"2025-11-22T07:31:22","guid":{"rendered":"https:\/\/sooditalulilled.ee\/?post_type=product&#038;p=4499"},"modified":"2026-04-04T13:39:08","modified_gmt":"2026-04-04T13:39:08","slug":"kaaruline-parkjuur-qis-apricot-saabumas","status":"publish","type":"product","link":"https:\/\/sooditalulilled.ee\/en\/product\/kaaruline-parkjuur-qis-apricot-saabumas\/","title":{"rendered":"K\u00e4\u00e4ruline parkjuur &#8216;QIS Apricot&#8217;"},"content":{"rendered":"<p data-start=\"50\" data-end=\"318\"><strong data-start=\"50\" data-end=\"106\">K\u00e4\u00e4ruline parkjuur \u2018QIS Apricot\u2019 (Limonium sinuatum)<\/strong> on imeliselt pehme ja p\u00e4ikeseline sort, mille v\u00e4ikesed lainelised \u00f5iekesed s\u00e4ravad \u00f5rna aprikoosikarva helgiga. Toon on korraga tagasihoidlik ja eriline \u2013 justkui soe suve\u00f5htu, mis on j\u00e4\u00e4nud \u00f5rnalt \u00f5iele puhkama.<\/p>\n<p data-start=\"320\" data-end=\"586\">\u2018QIS Apricot\u2019 on tuntud oma tugevate varte, \u00fchtlase \u00f5itsemise ja v\u00e4ga hea l\u00f5ikelillekvaliteedi poolest. \u00d5ied hoiavad kuju ja v\u00e4rvi suurep\u00e4raselt, mist\u00f5ttu sobib see sort imeh\u00e4sti ka kuivlilleks \u2013 v\u00e4rv ei tuhmu ning \u00f5rn tekstuur j\u00e4\u00e4b ka kuivatatult kaunilt n\u00e4htavaks.<\/p>\n<p data-start=\"588\" data-end=\"834\">Aias loob ta kerge, \u00f5hulise ning elegantse r\u00fctmi, sobitudes pidulikult valgete, roosade ja virsikukarva suvelilledega. Kimpudes lisab \u2018QIS Apricot\u2019 sooja mahedust ja naturaalset, looduslikku v\u00f5lu, mis muudab iga seade kohe pehmemaks ja helgemaks.<\/p>\n<p data-start=\"836\" data-end=\"945\" data-is-last-node=\"\" data-is-only-node=\"\"><em data-start=\"836\" data-end=\"941\">Hell toon, tugev loomus ja imeline p\u00fcsivus \u2013 \u2018QIS Apricot\u2019 on parkjuur, mis paitab nii pilku kui meelt.<\/em><\/p>\n<p>&nbsp;<\/p>\n<p><span style=\"text-decoration: underline;\">KASVATAMINE\u00a0<em>(soovituslik)<\/em>:<\/span><\/p>\n<p>Ettekasvatus: K\u00fclva seemned 4-6 n\u00e4dalat enne \u00f5ue istutamist. Kui seemned on idanenud, kasvata seemikuid ~16-kraadisesse ruumis, et taim kasvataks tugevad juured. Istuta taimed \u00f5ue, kui \u00f6\u00f6k\u00fclmaoht on m\u00f6\u00f6dunud.<\/p>\n<p>\u00c4ra kata k\u00fclvi mullaga \u2013 seemned vajavad idanemiseks valgust. V\u00f5imalusel kata k\u00fclv \u00f5rnalt vermikuliidiga.<\/p>\n<p>L\u00f5ike vaasi panekuks v\u00f5i kuivatamiseks siis, kui peaaegu k\u00f5ik \u00f5ied varrel on avanenud.<\/p>","protected":false},"excerpt":{"rendered":"<p class=\"lk7499ae_ProductDetail_productDetailLatinName\"><em>Limonium sinuatum<\/em><\/p>\n<p>Taime k\u00f5rgus: 50-75 cm<\/p>\n<p>Idanemine: 4-8 p\u00e4eva, 18-22C juures<\/p>\n<p>K\u00fclvist \u00f5itsemiseni: 110-120 p\u00e4eva<\/p>\n<p>Vaasiiga: 7-14 p\u00e4eva<\/p>","protected":false},"featured_media":4504,"template":"","meta":{"om_disable_all_campaigns":false,"_monsterinsights_skip_tracking":false,"_monsterinsights_sitenote_active":false,"_monsterinsights_sitenote_note":"","_monsterinsights_sitenote_category":0},"product_brand":[],"product_cat":[107,47],"product_tag":[],"class_list":{"0":"post-4499","1":"product","2":"type-product","3":"status-publish","4":"has-post-thumbnail","6":"product_cat-kuivkimbulilled","7":"product_cat-parkjuured","9":"first","10":"instock","11":"shipping-taxable","12":"purchasable","13":"product-type-variable"},"aioseo_notices":[],"jetpack_sharing_enabled":true,"_links":{"self":[{"href":"https:\/\/sooditalulilled.ee\/en\/wp-json\/wp\/v2\/product\/4499","targetHints":{"allow":["GET"]}}],"collection":[{"href":"https:\/\/sooditalulilled.ee\/en\/wp-json\/wp\/v2\/product"}],"about":[{"href":"https:\/\/sooditalulilled.ee\/en\/wp-json\/wp\/v2\/types\/product"}],"wp:featuredmedia":[{"embeddable":true,"href":"https:\/\/sooditalulilled.ee\/en\/wp-json\/wp\/v2\/media\/4504"}],"wp:attachment":[{"href":"https:\/\/sooditalulilled.ee\/en\/wp-json\/wp\/v2\/media?parent=4499"}],"wp:term":[{"taxonomy":"product_brand","embeddable":true,"href":"https:\/\/sooditalulilled.ee\/en\/wp-json\/wp\/v2\/product_brand?post=4499"},{"taxonomy":"product_cat","embeddable":true,"href":"https:\/\/sooditalulilled.ee\/en\/wp-json\/wp\/v2\/product_cat?post=4499"},{"taxonomy":"product_tag","embeddable":true,"href":"https:\/\/sooditalulilled.ee\/en\/wp-json\/wp\/v2\/product_tag?post=4499"}],"curies":[{"name":"wp","href":"https:\/\/api.w.org\/{rel}","templated":true}]}}