{"id":4505,"date":"2025-11-22T07:47:05","date_gmt":"2025-11-22T07:47:05","guid":{"rendered":"https:\/\/sooditalulilled.ee\/?post_type=product&#038;p=4505"},"modified":"2026-03-28T13:43:06","modified_gmt":"2026-03-28T13:43:06","slug":"turgi-mustkoomen-miss-jekyll-sky-blue-saabumas","status":"publish","type":"product","link":"https:\/\/sooditalulilled.ee\/en\/product\/turgi-mustkoomen-miss-jekyll-sky-blue-saabumas\/","title":{"rendered":"T\u00fcrgi Mustk\u00f6\u00f6men &#8216;Miss Jekyll Sky Blue&#8217;"},"content":{"rendered":"<p data-start=\"76\" data-end=\"392\"><strong data-start=\"76\" data-end=\"139\">T\u00fcrgi mustk\u00f6\u00f6men \u2018Miss Jekyll Sky Blue\u2019 (Nigella damascena)<\/strong> on lummavalt \u00f5huline ja kerge suvelill, mis n\u00e4ib justkui otse unen\u00e4ost p\u00e4rit. Tema peened sulgjad lehed ja lahtise t\u00e4hekujulise vormiga \u00f5ied loovad peenras maagilise, peaaegu h\u00f5ljuva mulje. V\u00e4rv on \u00f5rn taevasinine \u2013 pehme, rahulik ja samas pilgup\u00fc\u00fcdev.<\/p>\n<p data-start=\"394\" data-end=\"721\">\u2018Miss Jekyll Sky Blue\u2019 on suurep\u00e4rane valik nii peenrasse kui l\u00f5ikelilleks. Ta moodustab kauneid dekoratiivseid seemnekuprasid, mis lisavad kimpudele looduslikku graatsiat ja sobivad ideaalselt ka kuivlilledeks. \u00d5itseb rikkalikult ja loob aias kerge, romantilise meeleolu, mis meenutab Inglise aedu ja vanaaegseid suveh\u00f5ngusid.<\/p>\n<p data-start=\"723\" data-end=\"825\" data-is-last-node=\"\" data-is-only-node=\"\"><em data-start=\"723\" data-end=\"820\">\u00d5rn, unen\u00e4oline ja alati elegantne \u2013 \u2018Miss Jekyll Sky Blue\u2019 toob suve keskele t\u00fckikese taevast.<\/em><\/p>\n<p>&nbsp;<\/p>\n<p><span style=\"text-decoration: underline;\">KASVATAMINE\u00a0<em>(soovituslik)<\/em>:<\/span><\/p>\n<p>&nbsp;<\/p>","protected":false},"excerpt":{"rendered":"<p class=\"lk7499ae_ProductDetail_productDetailLatinName\"><em>Nigella damascena<\/em><\/p>\n<p>Taime k\u00f5rgus: 50-100 cm<\/p>\n<p>Idanemine: 7-14 p\u00e4eva, 14-18C juures<\/p>\n<p>K\u00fclvist \u00f5itsemiseni: 65-85 p\u00e4eva<\/p>\n<p>Vaasiiga: ~7 p\u00e4eva<\/p>","protected":false},"featured_media":4509,"template":"","meta":{"om_disable_all_campaigns":false,"_monsterinsights_skip_tracking":false,"_monsterinsights_sitenote_active":false,"_monsterinsights_sitenote_note":"","_monsterinsights_sitenote_category":0},"product_brand":[],"product_cat":[107,182],"product_tag":[],"class_list":{"0":"post-4505","1":"product","2":"type-product","3":"status-publish","4":"has-post-thumbnail","6":"product_cat-kuivkimbulilled","7":"product_cat-turgi-mustkoomned","9":"first","10":"instock","11":"shipping-taxable","12":"purchasable","13":"product-type-variable"},"aioseo_notices":[],"jetpack_sharing_enabled":true,"_links":{"self":[{"href":"https:\/\/sooditalulilled.ee\/en\/wp-json\/wp\/v2\/product\/4505","targetHints":{"allow":["GET"]}}],"collection":[{"href":"https:\/\/sooditalulilled.ee\/en\/wp-json\/wp\/v2\/product"}],"about":[{"href":"https:\/\/sooditalulilled.ee\/en\/wp-json\/wp\/v2\/types\/product"}],"wp:featuredmedia":[{"embeddable":true,"href":"https:\/\/sooditalulilled.ee\/en\/wp-json\/wp\/v2\/media\/4509"}],"wp:attachment":[{"href":"https:\/\/sooditalulilled.ee\/en\/wp-json\/wp\/v2\/media?parent=4505"}],"wp:term":[{"taxonomy":"product_brand","embeddable":true,"href":"https:\/\/sooditalulilled.ee\/en\/wp-json\/wp\/v2\/product_brand?post=4505"},{"taxonomy":"product_cat","embeddable":true,"href":"https:\/\/sooditalulilled.ee\/en\/wp-json\/wp\/v2\/product_cat?post=4505"},{"taxonomy":"product_tag","embeddable":true,"href":"https:\/\/sooditalulilled.ee\/en\/wp-json\/wp\/v2\/product_tag?post=4505"}],"curies":[{"name":"wp","href":"https:\/\/api.w.org\/{rel}","templated":true}]}}