{"id":4510,"date":"2025-11-22T07:52:36","date_gmt":"2025-11-22T07:52:36","guid":{"rendered":"https:\/\/sooditalulilled.ee\/?post_type=product&#038;p=4510"},"modified":"2026-03-28T09:17:14","modified_gmt":"2026-03-28T09:17:14","slug":"turgi-mustkoomen-miss-jekyll-white-saabumas","status":"publish","type":"product","link":"https:\/\/sooditalulilled.ee\/en\/product\/turgi-mustkoomen-miss-jekyll-white-saabumas\/","title":{"rendered":"T\u00fcrgi Mustk\u00f6\u00f6men &#8216;Miss Jekyll White&#8217;"},"content":{"rendered":"<p data-start=\"63\" data-end=\"348\"><strong data-start=\"63\" data-end=\"123\">T\u00fcrgi mustk\u00f6\u00f6men \u2018Miss Jekyll White\u2019 (Nigella damascena)<\/strong> on \u00f5rn, lummav ja erakordselt elegantne suvelill, mille lumivalged \u00f5ied t\u00f5usevad justkui \u00f5hk\u00f5rna pitsi vahelt esile. Tema sulgjad, peaaegu pilve moodi lehed raamivad puhkevaid \u00f5isi nii kergelt, et taim n\u00e4ib peenras h\u00f5ljuvat.<\/p>\n<p data-start=\"350\" data-end=\"627\">\u2018Miss Jekyll White\u2019 loob aeda puhta ja rahuliku meeleolu. Ta sobib imeliselt romantilistesse peenardesse, segapeenardesse ning on hinnatud ka l\u00f5ikelillena \u2013 nii v\u00e4rskena kui kaunite dekoratiivsete seemnekupratega kuivlillena. Valge \u00f5is annab igale kimbule helgust ja tasakaalu.<\/p>\n<p data-start=\"629\" data-end=\"756\" data-is-last-node=\"\" data-is-only-node=\"\"><em data-start=\"629\" data-end=\"751\">Lihtne, \u00f5huline ja ajatult elegantne \u2013 \u2018Miss Jekyll White\u2019 on lillepeenra peidetud p\u00e4rl, mis s\u00e4rab puhtuse ja kergusega.<\/em><\/p>\n<p><span style=\"text-decoration: underline;\">KASVATAMINE\u00a0<em>(soovituslik)<\/em>:<\/span><\/p>\n<p>&nbsp;<\/p>","protected":false},"excerpt":{"rendered":"<p class=\"lk7499ae_ProductDetail_productDetailLatinName\"><em>Nigella damascena<\/em><\/p>\n<p>Taime k\u00f5rgus: 50-100 cm<\/p>\n<p>Idanemine: 7-14 p\u00e4eva, 14-18C juures<\/p>\n<p>K\u00fclvist \u00f5itsemiseni: 65-85 p\u00e4eva<\/p>\n<p>Vaasiiga: ~7 p\u00e4eva<\/p>","protected":false},"featured_media":4513,"template":"","meta":{"om_disable_all_campaigns":false,"_monsterinsights_skip_tracking":false,"_monsterinsights_sitenote_active":false,"_monsterinsights_sitenote_note":"","_monsterinsights_sitenote_category":0},"product_brand":[],"product_cat":[107,182],"product_tag":[],"class_list":{"0":"post-4510","1":"product","2":"type-product","3":"status-publish","4":"has-post-thumbnail","6":"product_cat-kuivkimbulilled","7":"product_cat-turgi-mustkoomned","9":"first","10":"instock","11":"shipping-taxable","12":"purchasable","13":"product-type-variable"},"aioseo_notices":[],"jetpack_sharing_enabled":true,"_links":{"self":[{"href":"https:\/\/sooditalulilled.ee\/en\/wp-json\/wp\/v2\/product\/4510","targetHints":{"allow":["GET"]}}],"collection":[{"href":"https:\/\/sooditalulilled.ee\/en\/wp-json\/wp\/v2\/product"}],"about":[{"href":"https:\/\/sooditalulilled.ee\/en\/wp-json\/wp\/v2\/types\/product"}],"wp:featuredmedia":[{"embeddable":true,"href":"https:\/\/sooditalulilled.ee\/en\/wp-json\/wp\/v2\/media\/4513"}],"wp:attachment":[{"href":"https:\/\/sooditalulilled.ee\/en\/wp-json\/wp\/v2\/media?parent=4510"}],"wp:term":[{"taxonomy":"product_brand","embeddable":true,"href":"https:\/\/sooditalulilled.ee\/en\/wp-json\/wp\/v2\/product_brand?post=4510"},{"taxonomy":"product_cat","embeddable":true,"href":"https:\/\/sooditalulilled.ee\/en\/wp-json\/wp\/v2\/product_cat?post=4510"},{"taxonomy":"product_tag","embeddable":true,"href":"https:\/\/sooditalulilled.ee\/en\/wp-json\/wp\/v2\/product_tag?post=4510"}],"curies":[{"name":"wp","href":"https:\/\/api.w.org\/{rel}","templated":true}]}}