{"id":4514,"date":"2025-11-22T08:01:03","date_gmt":"2025-11-22T08:01:03","guid":{"rendered":"https:\/\/sooditalulilled.ee\/?post_type=product&#038;p=4514"},"modified":"2026-03-19T05:53:46","modified_gmt":"2026-03-19T05:53:46","slug":"kaukaasia-tahtpea-perfecta-alba-saabumas","status":"publish","type":"product","link":"https:\/\/sooditalulilled.ee\/en\/product\/kaukaasia-tahtpea-perfecta-alba-saabumas\/","title":{"rendered":"Kaukaasia t\u00e4htpea &#8216;Perfecta Alba&#8217;"},"content":{"rendered":"<p data-start=\"0\" data-end=\"391\"><strong data-start=\"0\" data-end=\"37\">Kaukaasia t\u00e4htpea \u2018Perfecta Alba\u2019<\/strong> <em>(Scabiosa caucasica)<\/em> on elegantne ja ajatult kaunis valge t\u00e4htpea, mis lisab peenrasse ja lillekimpu erakordset \u00f5rnust. Tema suured, lumivalged \u00f5ied meenutavad pitsilist tantsuseelikut \u2013 keskelt pehme ja kohev, \u00e4\u00e4rtest korrap\u00e4raselt kroogitud. See sort on tuntud oma lummava puhtuse ja \u00f5hulise v\u00e4limuse poolest, mis toob istutusalale valguse ja kerguse.<\/p>\n<p data-start=\"393\" data-end=\"641\">\u2018Perfecta Alba\u2019 \u00f5itseb rikkalikult ning loob peenral pilgup\u00fc\u00fcdva, rahuliku ja \u00fchtlasi luksusliku mulje. Tugevamad varred ja hea vaasip\u00fcsivus teevad temast suurep\u00e4rase valiku ka lillekimpudesse \u2013 \u00f5ied seisavad kaua ning hoiavad oma elegantset vormi.<\/p>\n<p data-start=\"643\" data-end=\"869\" data-is-last-node=\"\" data-is-only-node=\"\">Aeda sobitub ta nii romantiliste roosade ja lavendlitoonide kui ka modernse rohelise-valge v\u00e4rvipaletiga. Pehme, puhas ja v\u00e4\u00e4rikas \u2013 <strong data-start=\"776\" data-end=\"795\">\u2018Perfecta Alba\u2019<\/strong> on t\u00e4htpea, mis t\u00f5stab iga aia ja kimbu \u00f5rna ilu uuele tasemele.<\/p>\n<p><span style=\"text-decoration: underline;\">KASVATAMINE\u00a0<em>(soovituslik)<\/em>:<\/span><\/p>\n<p>&nbsp;<\/p>","protected":false},"excerpt":{"rendered":"<p>Kaukaasia t\u00e4htpea \u2018Perfecta Alba\u2019 (Scabiosa caucasica) on elegantne ja ajatult kaunis valge t\u00e4htpea, mis lisab peenrasse ja lillekimpu erakordset \u00f5rnust. Tema suured, lumivalged \u00f5ied meenutavad pitsilist tantsuseelikut \u2013 keskelt pehme ja kohev, \u00e4\u00e4rtest korrap\u00e4raselt kroogitud. See sort on tuntud oma lummava puhtuse ja \u00f5hulise v\u00e4limuse poolest, mis toob istutusalale valguse ja kerguse. \u2018Perfecta Alba\u2019 \u00f5itseb rikkalikult ning loob peenral pilgup\u00fc\u00fcdva, rahuliku ja \u00fchtlasi luksusliku mulje. Tugevamad varred ja hea vaasip\u00fcsivus teevad temast suurep\u00e4rase valiku ka lillekimpudesse \u2013 \u00f5ied seisavad kaua ning hoiavad oma elegantset vormi. Aeda sobitub ta nii romantiliste roosade ja lavendlitoonide kui ka modernse rohelise-valge v\u00e4rvipaletiga. Pehme, puhas ja v\u00e4\u00e4rikas \u2013 \u2018Perfecta Alba\u2019 on t\u00e4htpea, mis t\u00f5stab iga aia ja kimbu \u00f5rna ilu uuele tasemele. KASVATAMINE\u00a0(soovituslik): &nbsp;<\/p>","protected":false},"featured_media":4517,"template":"","meta":{"om_disable_all_campaigns":false,"_monsterinsights_skip_tracking":false,"_monsterinsights_sitenote_active":false,"_monsterinsights_sitenote_note":"","_monsterinsights_sitenote_category":0},"product_brand":[],"product_cat":[134,180],"product_tag":[],"class_list":{"0":"post-4514","1":"product","2":"type-product","3":"status-publish","4":"has-post-thumbnail","6":"product_cat-pusililled","7":"product_cat-tahtpead","9":"first","10":"outofstock","11":"shipping-taxable","12":"purchasable","13":"product-type-variable"},"aioseo_notices":[],"jetpack_sharing_enabled":true,"_links":{"self":[{"href":"https:\/\/sooditalulilled.ee\/en\/wp-json\/wp\/v2\/product\/4514","targetHints":{"allow":["GET"]}}],"collection":[{"href":"https:\/\/sooditalulilled.ee\/en\/wp-json\/wp\/v2\/product"}],"about":[{"href":"https:\/\/sooditalulilled.ee\/en\/wp-json\/wp\/v2\/types\/product"}],"wp:featuredmedia":[{"embeddable":true,"href":"https:\/\/sooditalulilled.ee\/en\/wp-json\/wp\/v2\/media\/4517"}],"wp:attachment":[{"href":"https:\/\/sooditalulilled.ee\/en\/wp-json\/wp\/v2\/media?parent=4514"}],"wp:term":[{"taxonomy":"product_brand","embeddable":true,"href":"https:\/\/sooditalulilled.ee\/en\/wp-json\/wp\/v2\/product_brand?post=4514"},{"taxonomy":"product_cat","embeddable":true,"href":"https:\/\/sooditalulilled.ee\/en\/wp-json\/wp\/v2\/product_cat?post=4514"},{"taxonomy":"product_tag","embeddable":true,"href":"https:\/\/sooditalulilled.ee\/en\/wp-json\/wp\/v2\/product_tag?post=4514"}],"curies":[{"name":"wp","href":"https:\/\/api.w.org\/{rel}","templated":true}]}}