{"id":4518,"date":"2025-11-22T08:09:22","date_gmt":"2025-11-22T08:09:22","guid":{"rendered":"https:\/\/sooditalulilled.ee\/?post_type=product&#038;p=4518"},"modified":"2026-04-02T06:38:14","modified_gmt":"2026-04-02T06:38:14","slug":"minikorvits-baby-boo","status":"publish","type":"product","link":"https:\/\/sooditalulilled.ee\/en\/product\/minikorvits-baby-boo\/","title":{"rendered":"Minik\u00f5rvits &#8216;Baby Boo&#8217;"},"content":{"rendered":"<p data-start=\"0\" data-end=\"286\"><strong data-start=\"0\" data-end=\"26\">Minik\u00f5rvits \u2018Baby Boo\u2019<\/strong> on \u00fcks armsamaid s\u00fcgisesi pilgup\u00fc\u00fcdjaid \u2013 lumivalge, pisike ja perfektselt \u00fcmar, justkui muinasjutu dekoratsioon. See sort on tuntud oma kompaktse suuruse (tavaliselt 8-15 cm) ja elegantse kreemvalge koore poolest, mis p\u00fcsib ka p\u00e4rast koristamist kaua kaunina.<\/p>\n<p data-start=\"288\" data-end=\"575\">\u2018Baby Boo\u2019 sobib suurep\u00e4raselt s\u00fcgiseste dekoratsioonide, lauaseadete ja pildistamisrekvisiitide loomiseks, kuid on ka s\u00f6\u00f6dav \u2013 maheda, \u00f5rna viljalihaga. Taim ise on v\u00e4hen\u00f5udlik, kiire kasvuga ja annab rohkelt saaki, mis teeb temast toreda valiku nii kogenud kui ka alustavale aednikule.<\/p>\n<p data-start=\"577\" data-end=\"724\" data-is-last-node=\"\" data-is-only-node=\"\">Lihtne, puhas ja stiilne \u2013 <strong data-start=\"604\" data-end=\"618\">\u2018Baby Boo\u2019<\/strong> toob su aiamaale ja s\u00fcgiskaunistustesse valgeid pisikesi r\u00f5\u00f5mupalle, mis panevad iga nurga helendama.<\/p>\n<p><span style=\"text-decoration: underline;\">KASVATAMINE\u00a0<em>(soovituslik)<\/em>:<\/span><\/p>\n<p>Ettekasvatus: K\u00fclva seemned 2-4 n\u00e4dalat enne \u00f5ue istutamist (Eesti tingimustes k\u00f5ige varem aprilli l\u00f5pus &#8211; mai alguses). Istuta taimed \u00f5ue, kui \u00f6\u00f6k\u00fclma oht on m\u00f6\u00f6dunud (mai l\u00f5pp\/juuni)!<\/p>\n<p>Otsek\u00fclv: k\u00fclva seemned otse avamaale mais-juunis.<\/p>\n<p>K\u00f5rvits on v\u00e4ga kiire kasvuga!<\/p>","protected":false},"excerpt":{"rendered":"<p>Minik\u00f5rvits \u2018Baby Boo\u2019 on \u00fcks armsamaid s\u00fcgisesi pilgup\u00fc\u00fcdjaid \u2013 lumivalge, pisike ja perfektselt \u00fcmar, justkui muinasjutu dekoratsioon. See sort on tuntud oma kompaktse suuruse (tavaliselt 8-15 cm) ja elegantse kreemvalge koore poolest, mis p\u00fcsib ka p\u00e4rast koristamist kaua kaunina. \u2018Baby Boo\u2019 sobib suurep\u00e4raselt s\u00fcgiseste dekoratsioonide, lauaseadete ja pildistamisrekvisiitide loomiseks, kuid on ka s\u00f6\u00f6dav \u2013 maheda, \u00f5rna viljalihaga. Taim ise on v\u00e4hen\u00f5udlik, kiire kasvuga ja annab rohkelt saaki, mis teeb temast toreda valiku nii kogenud kui ka alustavale aednikule. Lihtne, puhas ja stiilne \u2013 \u2018Baby Boo\u2019 toob su aiamaale ja s\u00fcgiskaunistustesse valgeid pisikesi r\u00f5\u00f5mupalle, mis panevad iga nurga helendama. KASVATAMINE\u00a0(soovituslik): Ettekasvatus: K\u00fclva seemned 2-4 n\u00e4dalat enne \u00f5ue istutamist (Eesti tingimustes k\u00f5ige varem aprilli l\u00f5pus &#8211; mai alguses). Istuta taimed \u00f5ue, kui \u00f6\u00f6k\u00fclma oht on m\u00f6\u00f6dunud (mai l\u00f5pp\/juuni)! Otsek\u00fclv: k\u00fclva seemned otse avamaale mais-juunis. K\u00f5rvits on v\u00e4ga kiire kasvuga!<\/p>","protected":false},"featured_media":4521,"template":"","meta":{"om_disable_all_campaigns":false,"_monsterinsights_skip_tracking":false,"_monsterinsights_sitenote_active":false,"_monsterinsights_sitenote_note":"","_monsterinsights_sitenote_category":0},"product_brand":[],"product_cat":[18],"product_tag":[],"class_list":{"0":"post-4518","1":"product","2":"type-product","3":"status-publish","4":"has-post-thumbnail","6":"product_cat-muud-seemned","8":"first","9":"instock","10":"shipping-taxable","11":"purchasable","12":"product-type-variable"},"aioseo_notices":[],"jetpack_sharing_enabled":true,"_links":{"self":[{"href":"https:\/\/sooditalulilled.ee\/en\/wp-json\/wp\/v2\/product\/4518","targetHints":{"allow":["GET"]}}],"collection":[{"href":"https:\/\/sooditalulilled.ee\/en\/wp-json\/wp\/v2\/product"}],"about":[{"href":"https:\/\/sooditalulilled.ee\/en\/wp-json\/wp\/v2\/types\/product"}],"wp:featuredmedia":[{"embeddable":true,"href":"https:\/\/sooditalulilled.ee\/en\/wp-json\/wp\/v2\/media\/4521"}],"wp:attachment":[{"href":"https:\/\/sooditalulilled.ee\/en\/wp-json\/wp\/v2\/media?parent=4518"}],"wp:term":[{"taxonomy":"product_brand","embeddable":true,"href":"https:\/\/sooditalulilled.ee\/en\/wp-json\/wp\/v2\/product_brand?post=4518"},{"taxonomy":"product_cat","embeddable":true,"href":"https:\/\/sooditalulilled.ee\/en\/wp-json\/wp\/v2\/product_cat?post=4518"},{"taxonomy":"product_tag","embeddable":true,"href":"https:\/\/sooditalulilled.ee\/en\/wp-json\/wp\/v2\/product_tag?post=4518"}],"curies":[{"name":"wp","href":"https:\/\/api.w.org\/{rel}","templated":true}]}}