{"id":4522,"date":"2025-11-22T20:29:50","date_gmt":"2025-11-22T20:29:50","guid":{"rendered":"https:\/\/sooditalulilled.ee\/?post_type=product&#038;p=4522"},"modified":"2026-04-04T13:39:08","modified_gmt":"2026-04-04T13:39:08","slug":"lohnav-neitsikummel-qis-tetra-white-saabumas","status":"publish","type":"product","link":"https:\/\/sooditalulilled.ee\/en\/product\/lohnav-neitsikummel-qis-tetra-white-saabumas\/","title":{"rendered":"L\u00f5hnav neitsikummel &#8216;QIS\u00ae Tetra White&#8217;"},"content":{"rendered":"<p data-start=\"63\" data-end=\"449\"><strong data-start=\"63\" data-end=\"128\">L\u00f5hnav neitsikummel \u2018QIS\u00ae Tetra White\u2019 <em>(Tanacetum parthenium)<\/em><\/strong> on elegantne ja rikkalikult \u00f5itsev suvelill, mis toob peenrasse puhta valge helguse ja kerge, romantilise liikumise. Selle sordi armsad, tillukeste kroonlehtedega karikakra-laadsed \u00f5ied moodustavad tihedaid, pilve sarnaseid kimpusid, mis sobivad suurep\u00e4raselt nii l\u00f5ikelilleks kui ka aeda helendava struktuuri loomiseks.<\/p>\n<p data-start=\"451\" data-end=\"811\">\u2018QIS\u00ae Tetra White\u2019 kuulub professionaalse kvaliteediga QIS-seeriasse \u2013 see t\u00e4hendab tugevaid, sirgeid varsi, \u00fchtlast \u00f5itsemist ja lopsakat kasvukuju. L\u00f5ikelillede maailmas hinnatakse teda eriti puhta valge tooni, pikalt p\u00fcsivate \u00f5ite ja suurep\u00e4rase t\u00e4iteefekti t\u00f5ttu. Ta lisab igale kimbule \u00f5rna looduslikkust ja harmooniat, justkui vaikselt valgustavat pitsi.<\/p>\n<p data-start=\"813\" data-end=\"1046\">Peenras sobitub suurep\u00e4raselt nii pastelsete toonidega kui ka v\u00e4rvik\u00fcllaste suvelilledega, luues kergust ja pehmust. Lisaks pakub neitsikummel meeldivat \u00fcrdist, kergelt sidrunist aroomi, mis annab taimele veel \u00fche v\u00f5luva lisadetaili.<\/p>\n<p data-start=\"1048\" data-end=\"1204\" data-is-last-node=\"\" data-is-only-node=\"\"><em data-start=\"1048\" data-end=\"1198\">\u00d5rn, puhas ja alati imeliselt elegantne \u2013 \u2018QIS\u00ae Tetra White\u2019 on suvelill, mis lisab igasse kimpu ja aeda looduslikku helgust ja peent romantikat.<\/em><\/p>\n<p><span style=\"text-decoration: underline;\">KASVATAMINE\u00a0<em>(soovituslik)<\/em>:<\/span><\/p>","protected":false},"excerpt":{"rendered":"<p class=\"lk7499ae_ProductDetail_productDetailLatinName\"><em>Tanacetum parthenium<\/em><\/p>\n<p>Taime k\u00f5rgus: 60-90 cm<\/p>\n<p>Idanemine: 10-14 p\u00e4eva, 16-22C juures<\/p>\n<p>K\u00fclvist \u00f5itsemiseni: 100-110 p\u00e4eva<\/p>\n<p>Vaasiiga: 7-10 p\u00e4eva<\/p>","protected":false},"featured_media":6291,"template":"","meta":{"om_disable_all_campaigns":false,"_monsterinsights_skip_tracking":false,"_monsterinsights_sitenote_active":false,"_monsterinsights_sitenote_note":"","_monsterinsights_sitenote_category":0},"product_brand":[],"product_cat":[107,179,139],"product_tag":[],"class_list":{"0":"post-4522","1":"product","2":"type-product","3":"status-publish","4":"has-post-thumbnail","6":"product_cat-kuivkimbulilled","7":"product_cat-neitsikummel","8":"product_cat-rohelus-taitelilled","10":"first","11":"instock","12":"shipping-taxable","13":"purchasable","14":"product-type-variable"},"aioseo_notices":[],"jetpack_sharing_enabled":true,"_links":{"self":[{"href":"https:\/\/sooditalulilled.ee\/en\/wp-json\/wp\/v2\/product\/4522","targetHints":{"allow":["GET"]}}],"collection":[{"href":"https:\/\/sooditalulilled.ee\/en\/wp-json\/wp\/v2\/product"}],"about":[{"href":"https:\/\/sooditalulilled.ee\/en\/wp-json\/wp\/v2\/types\/product"}],"wp:featuredmedia":[{"embeddable":true,"href":"https:\/\/sooditalulilled.ee\/en\/wp-json\/wp\/v2\/media\/6291"}],"wp:attachment":[{"href":"https:\/\/sooditalulilled.ee\/en\/wp-json\/wp\/v2\/media?parent=4522"}],"wp:term":[{"taxonomy":"product_brand","embeddable":true,"href":"https:\/\/sooditalulilled.ee\/en\/wp-json\/wp\/v2\/product_brand?post=4522"},{"taxonomy":"product_cat","embeddable":true,"href":"https:\/\/sooditalulilled.ee\/en\/wp-json\/wp\/v2\/product_cat?post=4522"},{"taxonomy":"product_tag","embeddable":true,"href":"https:\/\/sooditalulilled.ee\/en\/wp-json\/wp\/v2\/product_tag?post=4522"}],"curies":[{"name":"wp","href":"https:\/\/api.w.org\/{rel}","templated":true}]}}