{"id":4528,"date":"2025-11-22T20:47:07","date_gmt":"2025-11-22T20:47:07","guid":{"rendered":"https:\/\/sooditalulilled.ee\/?post_type=product&#038;p=4528"},"modified":"2026-04-01T07:34:49","modified_gmt":"2026-04-01T07:34:49","slug":"harilik-orgiputk-green-mist-saabumas","status":"publish","type":"product","link":"https:\/\/sooditalulilled.ee\/en\/product\/harilik-orgiputk-green-mist-saabumas\/","title":{"rendered":"Harilik orgiputk &#8216;Green Mist&#8217;"},"content":{"rendered":"<p data-start=\"66\" data-end=\"362\"><strong data-start=\"66\" data-end=\"114\">Harilik orgiputk \u2018Green Mist\u2019 <em>(Ammi visnaga)<\/em><\/strong> on peen ja \u00f5huline suvelill, mis toob aeda ja lilleseadetesse kerget, pilvepehmet struktuuri. Selle sordi rohelise varjundiga pitsilised \u00f5isikupallid on justkui tillukestest t\u00e4ppidest kootud v\u00f5rgustik \u2013 lopsakas, kuid samas vaevum\u00e4rgatavalt \u00f5rn.<\/p>\n<p data-start=\"364\" data-end=\"727\">\u2018Green Mist\u2019 on eriti hinnatud l\u00f5ikelillekasvatajate seas, sest tema tugevad varred, pikk vaasip\u00fcsivus ja professionaalne v\u00e4limus teevad temast ideaalse t\u00e4itelille nii v\u00e4rsketesse kui ka kuivadesse kompositsioonidesse. \u00d5isikud lisavad igale kimbule kohe \u00f5hulist ruumi, liikumist ja naturaalset elegantsi \u2013 justkui kerge roheline udu, mis \u00fcmbritseb v\u00e4rvilisi \u00f5isi.<\/p>\n<p data-start=\"729\" data-end=\"972\">Peenras m\u00f5jub \u2018Green Mist\u2019 looduslikult romantilises stiilis, sobitudes imeh\u00e4sti kosmose, astrite, rooside ja teiste \u00f5huliste suvelilledega. Tema v\u00e4rvitoon on neutraalne, \u0161ikk ja rahulik, sobides nii suvisesse kui varas\u00fcgisesse v\u00e4rvipaletti.<\/p>\n<p data-start=\"974\" data-end=\"1179\" data-is-last-node=\"\" data-is-only-node=\"\"><em data-start=\"974\" data-end=\"1175\">Peen, elegantne ja alati harmooniline \u2013 \u2018Green Mist\u2019 on t\u00e4pselt see taim, mis toob kimpudesse ja peenrasse kerge, loodusliku hinguse ning loob tunnetuse, nagu seisaksid varahommikuses rohelises udus.<\/em><\/p>\n<p><span style=\"text-decoration: underline;\">KASVATAMINE\u00a0<em>(soovituslik)<\/em>:<\/span><\/p>","protected":false},"excerpt":{"rendered":"<p class=\"lk7499ae_ProductDetail_productDetailLatinName\"><em>Ammi visnaga<\/em><\/p>\n<p>Taime k\u00f5rgus: 80-120 cm<\/p>\n<p>Idanemine: 12-16 p\u00e4eva, 16-18C juures<\/p>\n<p>K\u00fclvist \u00f5itsemiseni: 90-100 p\u00e4eva<\/p>\n<p>Vaasiiga: 7-10 p\u00e4eva<\/p>","protected":false},"featured_media":6285,"template":"","meta":{"om_disable_all_campaigns":false,"_monsterinsights_skip_tracking":false,"_monsterinsights_sitenote_active":false,"_monsterinsights_sitenote_note":"","_monsterinsights_sitenote_category":0},"product_brand":[],"product_cat":[139],"product_tag":[],"class_list":{"0":"post-4528","1":"product","2":"type-product","3":"status-publish","4":"has-post-thumbnail","6":"product_cat-rohelus-taitelilled","8":"first","9":"instock","10":"shipping-taxable","11":"purchasable","12":"product-type-variable"},"aioseo_notices":[],"jetpack_sharing_enabled":true,"_links":{"self":[{"href":"https:\/\/sooditalulilled.ee\/en\/wp-json\/wp\/v2\/product\/4528","targetHints":{"allow":["GET"]}}],"collection":[{"href":"https:\/\/sooditalulilled.ee\/en\/wp-json\/wp\/v2\/product"}],"about":[{"href":"https:\/\/sooditalulilled.ee\/en\/wp-json\/wp\/v2\/types\/product"}],"wp:featuredmedia":[{"embeddable":true,"href":"https:\/\/sooditalulilled.ee\/en\/wp-json\/wp\/v2\/media\/6285"}],"wp:attachment":[{"href":"https:\/\/sooditalulilled.ee\/en\/wp-json\/wp\/v2\/media?parent=4528"}],"wp:term":[{"taxonomy":"product_brand","embeddable":true,"href":"https:\/\/sooditalulilled.ee\/en\/wp-json\/wp\/v2\/product_brand?post=4528"},{"taxonomy":"product_cat","embeddable":true,"href":"https:\/\/sooditalulilled.ee\/en\/wp-json\/wp\/v2\/product_cat?post=4528"},{"taxonomy":"product_tag","embeddable":true,"href":"https:\/\/sooditalulilled.ee\/en\/wp-json\/wp\/v2\/product_tag?post=4528"}],"curies":[{"name":"wp","href":"https:\/\/api.w.org\/{rel}","templated":true}]}}