{"id":4534,"date":"2025-11-22T21:25:29","date_gmt":"2025-11-22T21:25:29","guid":{"rendered":"https:\/\/sooditalulilled.ee\/?post_type=product&#038;p=4534"},"modified":"2026-03-14T08:29:53","modified_gmt":"2026-03-14T08:29:53","slug":"suur-ammi-qis-queen-of-africa-saabumas","status":"publish","type":"product","link":"https:\/\/sooditalulilled.ee\/en\/product\/suur-ammi-qis-queen-of-africa-saabumas\/","title":{"rendered":"Suur ammi &#8216;QIS\u00ae Queen of Africa&#8217;"},"content":{"rendered":"<p data-start=\"170\" data-end=\"460\"><strong>Suur ammi &#8216;QIS\u00ae Queen of Africa&#8217; <em>(Ammi majus)<\/em> <\/strong>on v\u00e4\u00e4rikas ja lummavalt \u00f5huline suvelill, mis loob peenrasse ja lilleseadetesse kerge, valkja pitsipilve. Tema peened, pilvesarnased \u00f5isikud meenutavad justkui \u00f5rna valget udu, mis liugleb haljaste varte kohal \u2013 samal ajal elegantne ja t\u00e4iesti loodusliku iluga koosk\u00f5las.<\/p>\n<p data-start=\"462\" data-end=\"814\">L\u00f5ikelillekasvatajad hindavad seda sorti erakordselt \u00fchtlase kvaliteedi, tugevate varte ja professionaalse v\u00e4limuse t\u00f5ttu. Kimpudes toob \u2018Queen of Africa\u2019 valgust, ruumi ja rahulikku struktuuri, luues kohe tunde, et kogu kompositsioon hingab. Ta sobib ideaalselt nii suurte lopsakate kimpude t\u00e4itmiseks kui ka minimalistlikesse, \u00f5hulistesse seadetesse.<\/p>\n<p data-start=\"816\" data-end=\"1069\">Peenras m\u00f5jub ta kui midagi vaevum\u00e4rgatavalt kuninglikku \u2013 lihtne, puhas ja laitmatu. Tema loomulik elegants t\u00e4iendab suurep\u00e4raselt kosmost, roose, astreid ja k\u00f5iki teisi \u00f5rnu suvelilli, tuues aeda kerge liikumise ning valge pitsilise s\u00e4ra.<\/p>\n<p data-start=\"1071\" data-end=\"1214\">\u00d5rn, \u00f5huline ja alati harmooniline \u2013 \u2018Queen of Africa\u2019 on kui suvine valge uduloor, mis t\u00f5stab iga aia ja kimbu hetkega peenemaks ja helgemaks.<\/p>\n<p><span style=\"text-decoration: underline;\">KASVATAMINE\u00a0<em>(soovituslik)<\/em>:<\/span><\/p>","protected":false},"excerpt":{"rendered":"<p class=\"lk7499ae_ProductDetail_productDetailLatinName\"><em>Ammi majus<\/em><\/p>\n<p>Taime k\u00f5rgus: 90-140 cm<\/p>\n<p>Idanemine: 8-16 p\u00e4eva, 16-20C juures<\/p>\n<p>K\u00fclvist \u00f5itsemiseni: 90-110 p\u00e4eva<\/p>\n<p>Vaasiiga: 6-8 p\u00e4eva<\/p>","protected":false},"featured_media":6294,"template":"","meta":{"om_disable_all_campaigns":false,"_monsterinsights_skip_tracking":false,"_monsterinsights_sitenote_active":false,"_monsterinsights_sitenote_note":"","_monsterinsights_sitenote_category":0},"product_brand":[],"product_cat":[139],"product_tag":[],"class_list":{"0":"post-4534","1":"product","2":"type-product","3":"status-publish","4":"has-post-thumbnail","6":"product_cat-rohelus-taitelilled","8":"first","9":"instock","10":"shipping-taxable","11":"purchasable","12":"product-type-variable"},"aioseo_notices":[],"jetpack_sharing_enabled":true,"_links":{"self":[{"href":"https:\/\/sooditalulilled.ee\/en\/wp-json\/wp\/v2\/product\/4534","targetHints":{"allow":["GET"]}}],"collection":[{"href":"https:\/\/sooditalulilled.ee\/en\/wp-json\/wp\/v2\/product"}],"about":[{"href":"https:\/\/sooditalulilled.ee\/en\/wp-json\/wp\/v2\/types\/product"}],"wp:featuredmedia":[{"embeddable":true,"href":"https:\/\/sooditalulilled.ee\/en\/wp-json\/wp\/v2\/media\/6294"}],"wp:attachment":[{"href":"https:\/\/sooditalulilled.ee\/en\/wp-json\/wp\/v2\/media?parent=4534"}],"wp:term":[{"taxonomy":"product_brand","embeddable":true,"href":"https:\/\/sooditalulilled.ee\/en\/wp-json\/wp\/v2\/product_brand?post=4534"},{"taxonomy":"product_cat","embeddable":true,"href":"https:\/\/sooditalulilled.ee\/en\/wp-json\/wp\/v2\/product_cat?post=4534"},{"taxonomy":"product_tag","embeddable":true,"href":"https:\/\/sooditalulilled.ee\/en\/wp-json\/wp\/v2\/product_tag?post=4534"}],"curies":[{"name":"wp","href":"https:\/\/api.w.org\/{rel}","templated":true}]}}