{"id":4538,"date":"2025-11-22T21:37:26","date_gmt":"2025-11-22T21:37:26","guid":{"rendered":"https:\/\/sooditalulilled.ee\/?post_type=product&#038;p=4538"},"modified":"2026-03-14T05:17:30","modified_gmt":"2026-03-14T05:17:30","slug":"monarda-lambada-saabumas","status":"publish","type":"product","link":"https:\/\/sooditalulilled.ee\/en\/product\/monarda-lambada-saabumas\/","title":{"rendered":"Monarda &#8216;Lambada&#8217; (Sidrunmonarda)"},"content":{"rendered":"<p data-start=\"150\" data-end=\"520\"><strong data-start=\"150\" data-end=\"171\">Monarda \u2018Lambada\u2019 <em>(Monarda hybrida Lambada)<\/em><\/strong>\u00a0on suvise aianurga t\u00f5eline tantsuline hing \u2013 p\u00f6\u00f6raselt meelitav, mesilasi ja liblikaid lausa magnetina ligi t\u00f5mbav meetaim, mis loob peenrale r\u00f5\u00f5msa, veidi metsiku, ent alati elegantse r\u00fctmi. Tema kihilised, pitsiliste servadega roosad-lillakad \u00f5ied avanevad astmeliselt \u00fclespoole, justkui oleks taim end ehtinud v\u00e4ikeste \u00f5ieliste tantsukroonidega.<\/p>\n<p data-start=\"522\" data-end=\"818\">\u2018Lambada\u2019 erip\u00e4raks on tema l\u00f5hn \u2013 soe, \u00fcrdine, kergelt tsitruseline ja meeldivalt aromaatne. Iga \u00f5rnem puudutus vabastab aroomi, mis on korraga v\u00e4rskendav ja rahustav, lisades peenrale \u00fcrdiaia h\u00f5ngu. See teeb taime armastatuks ka l\u00f5ikelilleks ning lehtede kasutamine taimetees on meeldiv boonus.<\/p>\n<p data-start=\"820\" data-end=\"1125\">Lilleseadetes toob \u2018Lambada\u2019 m\u00e4ngulisust ja k\u00f5rgust, peenras aga r\u00f5\u00f5msat, tantsivat liikumist \u2013 eriti kui tuul \u00f5isikuid kergelt \u00f5\u00f5tsutab. Ta sobitub suurep\u00e4raselt astrite, kosmose, salveide, ammi ja teiste loodusliku ilmega suvelilledega, luues \u00fcheaegselt nii romantilise kui ka kaasaegselt metsiku pildi.<\/p>\n<p data-start=\"1127\" data-end=\"1219\" data-is-last-node=\"\" data-is-only-node=\"\">Elav, l\u00f5hnav ja elu t\u00e4is \u2013 \u2018Lambada\u2019 on taim, mis paneb suve peenral t\u00f5eliselt tantsima.<\/p>\n<p><span style=\"text-decoration: underline;\">KASVATAMINE\u00a0<em>(soovituslik)<\/em>:<\/span><\/p>","protected":false},"excerpt":{"rendered":"<p class=\"lk7499ae_ProductDetail_productDetailLatinName\"><em>Monarda hybrida Lambada<\/em><\/p>\n<p>Taime k\u00f5rgus: 60-80 cm<\/p>\n<p>Idanemine: 10-14 p\u00e4eva, 20-22C juures<\/p>\n<p>K\u00fclvist \u00f5itsemiseni: 110-120 p\u00e4eva<\/p>\n<p>Vaasiiga: 7-10 p\u00e4eva<\/p>","protected":false},"featured_media":6295,"template":"","meta":{"om_disable_all_campaigns":false,"_monsterinsights_skip_tracking":false,"_monsterinsights_sitenote_active":false,"_monsterinsights_sitenote_note":"","_monsterinsights_sitenote_category":0},"product_brand":[],"product_cat":[18],"product_tag":[],"class_list":{"0":"post-4538","1":"product","2":"type-product","3":"status-publish","4":"has-post-thumbnail","6":"product_cat-muud-seemned","8":"first","9":"instock","10":"shipping-taxable","11":"purchasable","12":"product-type-variable"},"aioseo_notices":[],"jetpack_sharing_enabled":true,"_links":{"self":[{"href":"https:\/\/sooditalulilled.ee\/en\/wp-json\/wp\/v2\/product\/4538","targetHints":{"allow":["GET"]}}],"collection":[{"href":"https:\/\/sooditalulilled.ee\/en\/wp-json\/wp\/v2\/product"}],"about":[{"href":"https:\/\/sooditalulilled.ee\/en\/wp-json\/wp\/v2\/types\/product"}],"wp:featuredmedia":[{"embeddable":true,"href":"https:\/\/sooditalulilled.ee\/en\/wp-json\/wp\/v2\/media\/6295"}],"wp:attachment":[{"href":"https:\/\/sooditalulilled.ee\/en\/wp-json\/wp\/v2\/media?parent=4538"}],"wp:term":[{"taxonomy":"product_brand","embeddable":true,"href":"https:\/\/sooditalulilled.ee\/en\/wp-json\/wp\/v2\/product_brand?post=4538"},{"taxonomy":"product_cat","embeddable":true,"href":"https:\/\/sooditalulilled.ee\/en\/wp-json\/wp\/v2\/product_cat?post=4538"},{"taxonomy":"product_tag","embeddable":true,"href":"https:\/\/sooditalulilled.ee\/en\/wp-json\/wp\/v2\/product_tag?post=4538"}],"curies":[{"name":"wp","href":"https:\/\/api.w.org\/{rel}","templated":true}]}}