{"id":4542,"date":"2025-11-22T21:48:47","date_gmt":"2025-11-22T21:48:47","guid":{"rendered":"https:\/\/sooditalulilled.ee\/?post_type=product&#038;p=4542"},"modified":"2026-03-31T17:44:24","modified_gmt":"2026-03-31T17:44:24","slug":"vitshirss-qis-sprinkles-saabumas","status":"publish","type":"product","link":"https:\/\/sooditalulilled.ee\/en\/product\/vitshirss-qis-sprinkles-saabumas\/","title":{"rendered":"Vitshirss &#8216;QIS\u00ae Sprinkles&#8217;"},"content":{"rendered":"<p data-start=\"120\" data-end=\"471\"><strong data-start=\"120\" data-end=\"150\">Vitshirss \u2018QIS\u00ae Sprinkles\u2019<\/strong> <em><strong>(Panicum elegans)<\/strong> <\/em>on kui \u00f5huline vihmavarjude tants suvise taeva all \u2013 peen, graatsiline ja lummavalt kerge t\u00e4itelill, mis lisab igale kimbule professionaalset struktuuri ja liikumist. Selle sordi eriti peened, s\u00e4brulised \u00f5isikud meenutavad justkui pisikesi helerohelisi s\u00e4demekesi, mis h\u00f5ljuvad \u00f5hus ning valgust p\u00fc\u00fcdes pehmelt helgivad.<\/p>\n<p data-start=\"473\" data-end=\"865\">\u2018Sprinkles\u2019 on hinnatud just oma siidise, mittekahaneva ja ideaalselt vormi hoidva struktuuri t\u00f5ttu. Ta on \u00fcks floristi lemmikuid, sest sobib t\u00e4iuslikult nii romantilistesse kimpudesse, modernsetesse \u00f5hulistesse kompositsioonidesse kui ka kuivlilleseadetesse. Tema neutraalne rohekas toon loob delikaatse tausta, mis t\u00f5stab esile iga v\u00e4rvilise \u00f5ie ega t\u00f5mba kunagi liigselt t\u00e4helepanu endale.<\/p>\n<p data-start=\"867\" data-end=\"1134\">Peenras lisab ta istutusalale kergust ja r\u00fctmi, \u00f5\u00f5tsudes tuules nagu \u00f5rn heleroheline udu.<\/p>\n<p data-start=\"1136\" data-end=\"1283\" data-is-last-node=\"\" data-is-only-node=\"\"><em>Kerge, elegantne ja alati harmooniline \u2013 \u2018QIS\u00ae Sprinkles\u2019 on t\u00e4pselt see detail, mis annab kimpudele ja peenrale professionaalse viimase lihvi.<\/em><\/p>\n<p><span style=\"text-decoration: underline;\">KASVATAMINE\u00a0<em>(soovituslik)<\/em>:<\/span><\/p>","protected":false},"excerpt":{"rendered":"<p class=\"lk7499ae_ProductDetail_productDetailLatinName\"><em>Panicum elegans<\/em><\/p>\n<p>Taime k\u00f5rgus: 60-90 cm<\/p>\n<p>Idanemine: 7-14 p\u00e4eva, 16-20C juures<\/p>\n<p>K\u00fclvist \u00f5itsemiseni: 90-110 p\u00e4eva<\/p>\n<p>Vaasiiga: 7-10 p\u00e4eva<\/p>","protected":false},"featured_media":4546,"template":"","meta":{"om_disable_all_campaigns":false,"_monsterinsights_skip_tracking":false,"_monsterinsights_sitenote_active":false,"_monsterinsights_sitenote_note":"","_monsterinsights_sitenote_category":0},"product_brand":[],"product_cat":[106],"product_tag":[],"class_list":{"0":"post-4542","1":"product","2":"type-product","3":"status-publish","4":"has-post-thumbnail","6":"product_cat-korrelised","8":"first","9":"instock","10":"shipping-taxable","11":"purchasable","12":"product-type-variable"},"aioseo_notices":[],"jetpack_sharing_enabled":true,"_links":{"self":[{"href":"https:\/\/sooditalulilled.ee\/en\/wp-json\/wp\/v2\/product\/4542","targetHints":{"allow":["GET"]}}],"collection":[{"href":"https:\/\/sooditalulilled.ee\/en\/wp-json\/wp\/v2\/product"}],"about":[{"href":"https:\/\/sooditalulilled.ee\/en\/wp-json\/wp\/v2\/types\/product"}],"wp:featuredmedia":[{"embeddable":true,"href":"https:\/\/sooditalulilled.ee\/en\/wp-json\/wp\/v2\/media\/4546"}],"wp:attachment":[{"href":"https:\/\/sooditalulilled.ee\/en\/wp-json\/wp\/v2\/media?parent=4542"}],"wp:term":[{"taxonomy":"product_brand","embeddable":true,"href":"https:\/\/sooditalulilled.ee\/en\/wp-json\/wp\/v2\/product_brand?post=4542"},{"taxonomy":"product_cat","embeddable":true,"href":"https:\/\/sooditalulilled.ee\/en\/wp-json\/wp\/v2\/product_cat?post=4542"},{"taxonomy":"product_tag","embeddable":true,"href":"https:\/\/sooditalulilled.ee\/en\/wp-json\/wp\/v2\/product_tag?post=4542"}],"curies":[{"name":"wp","href":"https:\/\/api.w.org\/{rel}","templated":true}]}}