{"id":4553,"date":"2025-11-22T22:20:00","date_gmt":"2025-11-22T22:20:00","guid":{"rendered":"https:\/\/sooditalulilled.ee\/?post_type=product&#038;p=4553"},"modified":"2026-03-18T09:32:11","modified_gmt":"2026-03-18T09:32:11","slug":"harilik-sidrunhein-saabumas","status":"publish","type":"product","link":"https:\/\/sooditalulilled.ee\/en\/product\/harilik-sidrunhein-saabumas\/","title":{"rendered":"Harilik sidrunhein"},"content":{"rendered":"<p data-start=\"109\" data-end=\"473\"><strong data-start=\"109\" data-end=\"153\">Harilik sidrunhein <em>(Cymbopogon citratus)<\/em><\/strong> on troopiliste aedade s\u00e4ravaim tsitruseline aktsent \u2013 tugev, aromaatne ja v\u00e4rskusest pakatav. Selle pikkade, siidjate ja \u00f5rnalt kaardu hoidvate lehtede seest kerkib sidrunil\u00f5hn, mis on korraga nii puhas kui ka energiat andev. Iga tuuleiil vabastab kerge tsitrustooni, mis muudab kogu peenra hetkega v\u00e4rskeks ja elavaks.<\/p>\n<p data-start=\"475\" data-end=\"812\">L\u00f5ikelillede maailmas hinnatakse sidrunheina just tema graafilise vormi ja tekstuuri p\u00e4rast. Pikk, voolav lehestik lisab kimpudele modernset joont ning toob pehmuse k\u00f5rvale teravama, esteetilise r\u00fctmi. Ta sobib suurep\u00e4raselt nii minimalistlikesse kui ka rohkemate elementidega kompositsioonidesse, luues loodusliku, eksootilise aktsendi.<\/p>\n<p data-start=\"814\" data-end=\"1053\">Peenras m\u00f5jub sidrunhein arhitektuurselt ja j\u00f5uliselt \u2013 tema tugev kasvukuju annab istutusalale struktuuri ja k\u00f5rgust. Sidrunheina v\u00e4rske tsitrusl\u00f5hn meelitab ligi ka kasulikke putukaid ning loob aias m\u00f5nusa, puhta ja rahustava atmosf\u00e4\u00e4ri.<\/p>\n<p data-start=\"1055\" data-end=\"1240\" data-is-last-node=\"\" data-is-only-node=\"\">Mitmek\u00fclgne, dekoratiivne ja aromaatne \u2013 <strong data-start=\"1096\" data-end=\"1197\">sidrunhein on taim, mis toob aeda ja kimpudesse troopilist v\u00e4rskust ning naturaalselt \u0161ikki r\u00fctmi<\/strong>, olles \u00fchtaegu nii ilu- kui ka maitsetaim.<\/p>\n<p><span style=\"text-decoration: underline;\">KASVATAMINE\u00a0<em>(soovituslik)<\/em>:<\/span><\/p>","protected":false},"excerpt":{"rendered":"<p><em>Cymbopogon citratus<\/em><\/p>\n<p>Taime k\u00f5rgus: 120-180 cm<\/p>\n<p>Idanemine: 21-40 p\u00e4eva, 20-22C juures<\/p>\n<p>K\u00fclvist \u00f5itsemiseni: 90 p\u00e4eva<\/p>","protected":false},"featured_media":4556,"template":"","meta":{"om_disable_all_campaigns":false,"_monsterinsights_skip_tracking":false,"_monsterinsights_sitenote_active":false,"_monsterinsights_sitenote_note":"","_monsterinsights_sitenote_category":0},"product_brand":[],"product_cat":[106],"product_tag":[],"class_list":{"0":"post-4553","1":"product","2":"type-product","3":"status-publish","4":"has-post-thumbnail","6":"product_cat-korrelised","8":"first","9":"instock","10":"shipping-taxable","11":"purchasable","12":"product-type-variable"},"aioseo_notices":[],"jetpack_sharing_enabled":true,"_links":{"self":[{"href":"https:\/\/sooditalulilled.ee\/en\/wp-json\/wp\/v2\/product\/4553","targetHints":{"allow":["GET"]}}],"collection":[{"href":"https:\/\/sooditalulilled.ee\/en\/wp-json\/wp\/v2\/product"}],"about":[{"href":"https:\/\/sooditalulilled.ee\/en\/wp-json\/wp\/v2\/types\/product"}],"wp:featuredmedia":[{"embeddable":true,"href":"https:\/\/sooditalulilled.ee\/en\/wp-json\/wp\/v2\/media\/4556"}],"wp:attachment":[{"href":"https:\/\/sooditalulilled.ee\/en\/wp-json\/wp\/v2\/media?parent=4553"}],"wp:term":[{"taxonomy":"product_brand","embeddable":true,"href":"https:\/\/sooditalulilled.ee\/en\/wp-json\/wp\/v2\/product_brand?post=4553"},{"taxonomy":"product_cat","embeddable":true,"href":"https:\/\/sooditalulilled.ee\/en\/wp-json\/wp\/v2\/product_cat?post=4553"},{"taxonomy":"product_tag","embeddable":true,"href":"https:\/\/sooditalulilled.ee\/en\/wp-json\/wp\/v2\/product_tag?post=4553"}],"curies":[{"name":"wp","href":"https:\/\/api.w.org\/{rel}","templated":true}]}}