{"id":4557,"date":"2025-11-22T22:27:33","date_gmt":"2025-11-22T22:27:33","guid":{"rendered":"https:\/\/sooditalulilled.ee\/?post_type=product&#038;p=4557"},"modified":"2026-04-02T06:38:14","modified_gmt":"2026-04-02T06:38:14","slug":"umaralehine-janesekorv-qis-griffitti-saabumas","status":"publish","type":"product","link":"https:\/\/sooditalulilled.ee\/en\/product\/umaralehine-janesekorv-qis-griffitti-saabumas\/","title":{"rendered":"\u00dcmaralehine j\u00e4nesek\u00f5rv &#8216;QIS\u00ae Griffitti&#8217;"},"content":{"rendered":"<p data-start=\"47\" data-end=\"413\"><strong data-start=\"47\" data-end=\"116\">\u00dcmaralehine j\u00e4nesek\u00f5rv \u2018QIS\u00ae Griffitti\u2019 <em>(Bupleurum rotundifolium)<\/em><\/strong> on erakordselt elegantne t\u00e4itelill, mis toob kimpudesse ja peenrasse v\u00e4rske, modernse n\u00fcansi. Tema \u00fcmarad, pisut vahajad lehed ja \u00f5rnrohelised \u00f5isikud loovad justkui v\u00e4ikeste \u201etaldrikutena\u201c h\u00f5ljuva struktuuri, mis annab kompositsioonidele kergust, avarust ja selgelt \u00e4ratuntavat botaanilist v\u00f5lu.<\/p>\n<p data-start=\"415\" data-end=\"759\">\u2018QIS\u00ae Griffitti\u2019 erip\u00e4ra peitub tema puhtas, rahulikus toonis ning t\u00e4iuslikus vormis, mis sobib nii naturaalsete metsakimpude kui ka minimalistlike, kaasaegsete lilleseadete juurde. Tugevad varred ja suurep\u00e4rane vastupidavus teevad temast professionaalide lemmiku \u2013 ta p\u00fcsib vaasis kaua ning kuivab imeilusalt, s\u00e4ilitades oma iseloomuliku kuju.<\/p>\n<p data-start=\"761\" data-end=\"949\">Peenras pakub ta v\u00e4rskeid rohelisi aktsente, mis sobituvad peaaegu iga v\u00e4rvipaletiga. Ta loob botaanilist r\u00fctmi ja toob istutusalale selgelt eristuva, kuid siiski tagasihoidliku elegantsi.<\/p>\n<p data-start=\"951\" data-end=\"1137\" data-is-last-node=\"\" data-is-only-node=\"\">\u00d5huline, d\u00fcnaamiline ja loomulikult stiilne \u2013 \u2018QIS\u00ae Griffitti\u2019 on t\u00e4pselt see roheline element, mis muudab kimbud elavaks ja annab aiale professionaalse, maitsekalt l\u00e4bim\u00f5eldud ilme.<\/p>\n<p><span style=\"text-decoration: underline;\">KASVATAMINE\u00a0<em>(soovituslik)<\/em>:<\/span><\/p>","protected":false},"excerpt":{"rendered":"<p><em>Bupleurum rotundifolium<\/em><\/p>\n<p>Taime k\u00f5rgus: 90-100 cm<\/p>\n<p>Idanemine: 14-21 p\u00e4eva, 13-16C juures<\/p>\n<p>K\u00fclvist \u00f5itsemiseni: 80-90 p\u00e4eva<\/p>\n<p>Vaasiiga: 8-10 p\u00e4eva<\/p>","protected":false},"featured_media":6296,"template":"","meta":{"om_disable_all_campaigns":false,"_monsterinsights_skip_tracking":false,"_monsterinsights_sitenote_active":false,"_monsterinsights_sitenote_note":"","_monsterinsights_sitenote_category":0},"product_brand":[],"product_cat":[139],"product_tag":[],"class_list":{"0":"post-4557","1":"product","2":"type-product","3":"status-publish","4":"has-post-thumbnail","6":"product_cat-rohelus-taitelilled","8":"first","9":"outofstock","10":"shipping-taxable","11":"purchasable","12":"product-type-variable"},"aioseo_notices":[],"jetpack_sharing_enabled":true,"_links":{"self":[{"href":"https:\/\/sooditalulilled.ee\/en\/wp-json\/wp\/v2\/product\/4557","targetHints":{"allow":["GET"]}}],"collection":[{"href":"https:\/\/sooditalulilled.ee\/en\/wp-json\/wp\/v2\/product"}],"about":[{"href":"https:\/\/sooditalulilled.ee\/en\/wp-json\/wp\/v2\/types\/product"}],"wp:featuredmedia":[{"embeddable":true,"href":"https:\/\/sooditalulilled.ee\/en\/wp-json\/wp\/v2\/media\/6296"}],"wp:attachment":[{"href":"https:\/\/sooditalulilled.ee\/en\/wp-json\/wp\/v2\/media?parent=4557"}],"wp:term":[{"taxonomy":"product_brand","embeddable":true,"href":"https:\/\/sooditalulilled.ee\/en\/wp-json\/wp\/v2\/product_brand?post=4557"},{"taxonomy":"product_cat","embeddable":true,"href":"https:\/\/sooditalulilled.ee\/en\/wp-json\/wp\/v2\/product_cat?post=4557"},{"taxonomy":"product_tag","embeddable":true,"href":"https:\/\/sooditalulilled.ee\/en\/wp-json\/wp\/v2\/product_tag?post=4557"}],"curies":[{"name":"wp","href":"https:\/\/api.w.org\/{rel}","templated":true}]}}