{"id":4563,"date":"2025-11-22T23:02:53","date_gmt":"2025-11-22T23:02:53","guid":{"rendered":"https:\/\/sooditalulilled.ee\/?post_type=product&#038;p=4563"},"modified":"2026-03-27T14:21:17","modified_gmt":"2026-03-27T14:21:17","slug":"paikesetiib-pierrot-red","status":"publish","type":"product","link":"https:\/\/sooditalulilled.ee\/en\/product\/paikesetiib-pierrot-red\/","title":{"rendered":"P\u00e4ikesetiib &#8216;Pierrot Red&#8217;"},"content":{"rendered":"<p data-start=\"47\" data-end=\"438\"><strong data-start=\"47\" data-end=\"96\">P\u00e4ikesetiib \u2018Pierrot Red\u2019 <em>(Helipterum roseum)<\/em><\/strong> on t\u00f5eliselt s\u00e4rav ja m\u00e4nguline suvelill, mis toob aeda ning kimpudesse kohe p\u00e4ikeselist soojust. Selle sordi s\u00fcgavpunased, sametiselt matid \u00f5ied on kui pisikesed leegikesed \u2013 elavad, intensiivsed ja alati pilkup\u00fc\u00fcdvad. \u00d5ite keskosa peen kontrast loob eriti efektse tulemuse, muutes iga varre justkui looduslikult maalitud minikunstiteoseks.<\/p>\n<p data-start=\"440\" data-end=\"744\">\u2018Pierrot Red\u2019 on hinnatud nii v\u00e4rsketes kui ka kuivatatud lilleseadetes. Tema \u00f5ied hoiavad kuivamisel oma kuju ja v\u00e4rvi suurep\u00e4raselt, muutudes ideaalseks materjaliks igihaljaste kimpude ja dekoratsioonide loomisel. Tugevad varred teevad ta lihtsasti k\u00e4sitletavaks ja vastupidavaks nii p\u00f5llul kui vaasis.<\/p>\n<p data-start=\"746\" data-end=\"991\">Peenras lisab ta istutusalale r\u00f5\u00f5mu ja intensiivset v\u00e4rvi, sobitudes h\u00e4sti pastelsete, rooside ja teiste suviste \u00f5huliste \u00f5itega. Ta loob elavat r\u00fctmi ja toob kompositsioonidesse s\u00e4rtsu, olles samal ajal elegantne ja lihtsasti kombineeritav.<\/p>\n<p data-start=\"993\" data-end=\"1138\" data-is-last-node=\"\" data-is-only-node=\"\">L\u00f5bus, s\u00e4rav ja alati efektne \u2013 \u2018Brilliant Rose\u2019 on p\u00e4ikesetiib, mis ei j\u00e4\u00e4 kunagi varju ja toob igasse kimpu v\u00f5i peenrasse tulise suvetunde.<\/p>","protected":false},"excerpt":{"rendered":"<p><em>Helipterum roseum<\/em><\/p>\n<p>Taime k\u00f5rgus: 45-60 cm<\/p>\n<p>Idanemine: 14-21 p\u00e4eva, 18-24C juures<\/p>\n<p>K\u00fclvist \u00f5itsemiseni: 55-65 p\u00e4eva<\/p>\n<p>Vaasiiga: 10-14 p\u00e4eva<\/p>","protected":false},"featured_media":4567,"template":"","meta":{"om_disable_all_campaigns":false,"_monsterinsights_skip_tracking":false,"_monsterinsights_sitenote_active":false,"_monsterinsights_sitenote_note":"","_monsterinsights_sitenote_category":0},"product_brand":[],"product_cat":[107],"product_tag":[],"class_list":{"0":"post-4563","1":"product","2":"type-product","3":"status-publish","4":"has-post-thumbnail","6":"product_cat-kuivkimbulilled","8":"first","9":"instock","10":"shipping-taxable","11":"purchasable","12":"product-type-variable"},"aioseo_notices":[],"jetpack_sharing_enabled":true,"_links":{"self":[{"href":"https:\/\/sooditalulilled.ee\/en\/wp-json\/wp\/v2\/product\/4563","targetHints":{"allow":["GET"]}}],"collection":[{"href":"https:\/\/sooditalulilled.ee\/en\/wp-json\/wp\/v2\/product"}],"about":[{"href":"https:\/\/sooditalulilled.ee\/en\/wp-json\/wp\/v2\/types\/product"}],"wp:featuredmedia":[{"embeddable":true,"href":"https:\/\/sooditalulilled.ee\/en\/wp-json\/wp\/v2\/media\/4567"}],"wp:attachment":[{"href":"https:\/\/sooditalulilled.ee\/en\/wp-json\/wp\/v2\/media?parent=4563"}],"wp:term":[{"taxonomy":"product_brand","embeddable":true,"href":"https:\/\/sooditalulilled.ee\/en\/wp-json\/wp\/v2\/product_brand?post=4563"},{"taxonomy":"product_cat","embeddable":true,"href":"https:\/\/sooditalulilled.ee\/en\/wp-json\/wp\/v2\/product_cat?post=4563"},{"taxonomy":"product_tag","embeddable":true,"href":"https:\/\/sooditalulilled.ee\/en\/wp-json\/wp\/v2\/product_tag?post=4563"}],"curies":[{"name":"wp","href":"https:\/\/api.w.org\/{rel}","templated":true}]}}