{"id":4581,"date":"2025-11-22T23:42:46","date_gmt":"2025-11-22T23:42:46","guid":{"rendered":"https:\/\/sooditalulilled.ee\/?post_type=product&#038;p=4581"},"modified":"2026-03-22T10:42:23","modified_gmt":"2026-03-22T10:42:23","slug":"aed-varesjalg-qis-white-saabumas","status":"publish","type":"product","link":"https:\/\/sooditalulilled.ee\/en\/product\/aed-varesjalg-qis-white-saabumas\/","title":{"rendered":"Aed-varesjalg &#8216;QIS\u00ae White&#8217;"},"content":{"rendered":"<p data-start=\"151\" data-end=\"443\"><strong data-start=\"151\" data-end=\"204\">Aed-varesjalg \u2018QIS\u00ae White\u2019 <em>(Delphinium consolida)<\/em><\/strong> on \u00f5huline, kergelt romantiline suvelill, mis lisab peenrasse ja kimpudesse puhta, lumivalge helguse. Tema sihvakad varred on kaetud siidiste, t\u00e4hekujuliste \u00f5itega, mis moodustavad elegantse \u00f5isikujoa \u2013 kerge, h\u00f5ljuv ja alati pilkup\u00fc\u00fcdev.<\/p>\n<p data-start=\"445\" data-end=\"736\">\u2018QIS\u00ae White\u2019 kuulub professionaalide seas hinnatud QIS-sarja, mis on tuntud \u00fchtlase kasvukuju, tugeva varre ja erakordselt hea l\u00f5ike\u00f5ie kvaliteedi poolest. See sort p\u00fcsib vaasis kaua, hoiab oma vormi ja v\u00e4rvi ning sobib nii pidulike kui ka lihtsate, loodusliku joonega kimpude t\u00e4iendamiseks.<\/p>\n<p data-start=\"738\" data-end=\"967\">Peenras m\u00f5jub QIS\u00ae White pehmelt ja v\u00e4\u00e4rikalt, t\u00f5stes esile v\u00e4rvilisi suvelilli ning lisades istutusalasse valgust ja kergust. Tema valged \u00f5ied loovad tunde justkui vaikse hommikup\u00e4ikese kuma \u2013 puhas, rahulik ja harmooniline.<\/p>\n<p data-start=\"969\" data-end=\"1128\" data-is-last-node=\"\" data-is-only-node=\"\">\u00d5rn, elegantne ja alati \u0161ikk \u2013 Aed-varesjalg \u2018QIS\u00ae White\u2019 on lilleaedniku kindel lemmik, mis toob nii kimpudesse kui peenrasse klassikalise, valge ilu.<\/p>\n<p>&nbsp;<\/p>\n<p><strong>KASVATAMINE<em>\u00a0(soovituslik)<\/em>:<\/strong><\/p>\n<p>Enne k\u00fclvi: soovituslik on hoida seemneid 10-14 p\u00e4eva enne k\u00fclvamist s\u00fcgavk\u00fclmas. See aitab seemnetel paremini ja kiiremini idaneda.<\/p>\n<p>Ettekasvatus: k\u00fclva toas 6-8 n\u00e4dalat enne \u00f5ue istutamist. Taimed v\u00f5ib \u00f5ue istutada juba samuti 6-8 n\u00e4dalat enne viimaseid \u00f6\u00f6k\u00fclmi eeldusel, et taimed on eelnevalt karastatud v\u00f5i kasvanud jahedas keskkonnas, n\u00e4iteks k\u00fclmas kasvuhoones. Kogu ettekasvatuse aja on soovituslik taimi kasvatada jahedamas keskkonnas, parim on selleks ~ 13-kraadine temperatuur.<\/p>\n<p>Otsek\u00fclv (soovituslik!): k\u00fclva otse peenrasse kevadel, kui mul on sulanud v\u00f5i s\u00fcgisel enne \u00f6\u00f6k\u00fclmi. Idaneb k\u00f5ige paremini 13-kraadises mullas.<\/p>\n<p>\u00d5ige aeg \u00f5ie l\u00f5ikamiseks on, kui umbes 1\/3 \u00f5iepungadest on avanenud.<\/p>\n<p>&nbsp;<\/p>\n<p>Sobib ideaalselt ka kuivatamiseks! Selleks oota, et enamus \u00f5iepungi oleks avanenud, korja \u00f5ied ning riputa kuiva, pimedasse kohta kuivama ca 2 n\u00e4dalaks.<\/p>","protected":false},"excerpt":{"rendered":"<p data-start=\"1063\" data-end=\"1271\" data-is-last-node=\"\" data-is-only-node=\"\"><em>Delphinium consolida<\/em><\/p>\n<p>Taime k\u00f5rgus: 80-120 cm<\/p>\n<p>Idanemine: 14-21 p\u00e4eva, 10-18C juures<\/p>\n<p>K\u00fclvist \u00f5itsemiseni: 110-120 p\u00e4eva<\/p>\n<p>Vaasiiga: 5-7 p\u00e4eva<\/p>","protected":false},"featured_media":4584,"template":"","meta":{"om_disable_all_campaigns":false,"_monsterinsights_skip_tracking":false,"_monsterinsights_sitenote_active":false,"_monsterinsights_sitenote_note":"","_monsterinsights_sitenote_category":0},"product_brand":[],"product_cat":[135],"product_tag":[],"class_list":{"0":"post-4581","1":"product","2":"type-product","3":"status-publish","4":"has-post-thumbnail","6":"product_cat-aed-varesjalad","8":"first","9":"instock","10":"shipping-taxable","11":"purchasable","12":"product-type-variable"},"aioseo_notices":[],"jetpack_sharing_enabled":true,"_links":{"self":[{"href":"https:\/\/sooditalulilled.ee\/en\/wp-json\/wp\/v2\/product\/4581","targetHints":{"allow":["GET"]}}],"collection":[{"href":"https:\/\/sooditalulilled.ee\/en\/wp-json\/wp\/v2\/product"}],"about":[{"href":"https:\/\/sooditalulilled.ee\/en\/wp-json\/wp\/v2\/types\/product"}],"wp:featuredmedia":[{"embeddable":true,"href":"https:\/\/sooditalulilled.ee\/en\/wp-json\/wp\/v2\/media\/4584"}],"wp:attachment":[{"href":"https:\/\/sooditalulilled.ee\/en\/wp-json\/wp\/v2\/media?parent=4581"}],"wp:term":[{"taxonomy":"product_brand","embeddable":true,"href":"https:\/\/sooditalulilled.ee\/en\/wp-json\/wp\/v2\/product_brand?post=4581"},{"taxonomy":"product_cat","embeddable":true,"href":"https:\/\/sooditalulilled.ee\/en\/wp-json\/wp\/v2\/product_cat?post=4581"},{"taxonomy":"product_tag","embeddable":true,"href":"https:\/\/sooditalulilled.ee\/en\/wp-json\/wp\/v2\/product_tag?post=4581"}],"curies":[{"name":"wp","href":"https:\/\/api.w.org\/{rel}","templated":true}]}}