{"id":4585,"date":"2025-11-22T23:53:19","date_gmt":"2025-11-22T23:53:19","guid":{"rendered":"https:\/\/sooditalulilled.ee\/?post_type=product&#038;p=4585"},"modified":"2026-04-01T19:17:03","modified_gmt":"2026-04-01T19:17:03","slug":"aed-varesjalg-qis-light-pink-saabumas","status":"publish","type":"product","link":"https:\/\/sooditalulilled.ee\/en\/product\/aed-varesjalg-qis-light-pink-saabumas\/","title":{"rendered":"Aed-varesjalg &#8216;QIS\u00ae Light pink&#8217;"},"content":{"rendered":"<p data-start=\"136\" data-end=\"423\"><strong data-start=\"136\" data-end=\"194\">Aed-varesjalg \u2018QIS\u00ae Light Pink\u2019 <em>(Delphinium consolida)<\/em><\/strong> on \u00f5rn ja romantiline suvelill, mis toob aeda ja kimpudesse pehme roosa helguse. Selle sordi sihvakad varred on kaetud kergete, siidjate \u00f5itega, mis avanevad ebamaise \u00f5rnusega \u2013 justkui suvehommiku uduses valguses s\u00fcndinud v\u00e4rv.<\/p>\n<p data-start=\"425\" data-end=\"702\">\u2018QIS\u00ae Light Pink\u2019 on osa professionaalide poolt armastatud QIS-sarjast, mis on hinnatud tugevate varte, \u00fchtlase kasvukuju ja suurep\u00e4rase l\u00f5ike\u00f5iekvaliteedi poolest. Vaasis p\u00fcsib ta kaua, hoiab oma toonid v\u00e4rskena ning lisab igale kompositsioonile elegantset, pehmet romantikat.<\/p>\n<p data-start=\"704\" data-end=\"911\">Peenras loob ta helge ja lummava meeleolu, sobitudes suurep\u00e4raselt nii pastelsete kui ka elavamate toonidega. Tema \u00f5ied t\u00f5stavad teisi lilli esile, tuues istutusalasse \u00f5hulist liikumist ja kevadist kergust.<\/p>\n<p data-start=\"913\" data-end=\"1054\" data-is-last-node=\"\" data-is-only-node=\"\">\u00d5rn, naiselik ja alati kaunis \u2013 \u2018QIS\u00ae Light Pink\u2019 on suvelill, mis muudab iga kimbu ja lillepeenra hetkega pehmemaks ja unistavamaks.<\/p>\n<p data-start=\"944\" data-end=\"1187\" data-is-last-node=\"\" data-is-only-node=\"\">\n<p data-start=\"548\" data-end=\"728\" data-is-last-node=\"\" data-is-only-node=\"\">\n<p data-start=\"1020\" data-end=\"1156\" data-is-last-node=\"\" data-is-only-node=\"\">\n<p>&nbsp;<\/p>\n<p><strong>KASVATAMINE<em>\u00a0(soovituslik)<\/em>:<\/strong><\/p>\n<p>Enne k\u00fclvi: soovituslik on hoida seemneid 10-14 p\u00e4eva enne k\u00fclvamist s\u00fcgavk\u00fclmas. See aitab seemnetel paremini ja kiiremini idaneda.<\/p>\n<p>Ettekasvatus: k\u00fclva toas 6-8 n\u00e4dalat enne \u00f5ue istutamist. Taimed v\u00f5ib \u00f5ue istutada juba samuti 6-8 n\u00e4dalat enne viimaseid \u00f6\u00f6k\u00fclmi eeldusel, et taimed on eelnevalt karastatud v\u00f5i kasvanud jahedas keskkonnas, n\u00e4iteks k\u00fclmas kasvuhoones. Kogu ettekasvatuse aja on soovituslik taimi kasvatada jahedamas keskkonnas, parim on selleks ~ 13-kraadine temperatuur.<\/p>\n<p>Otsek\u00fclv (soovituslik!): k\u00fclva otse peenrasse kevadel, kui mul on sulanud v\u00f5i s\u00fcgisel enne \u00f6\u00f6k\u00fclmi. Idaneb k\u00f5ige paremini 13-kraadises mullas.<\/p>\n<p>\u00d5ige aeg \u00f5ie l\u00f5ikamiseks on, kui umbes 1\/3 \u00f5iepungadest on avanenud.<\/p>\n<p>&nbsp;<\/p>\n<p>Sobib ideaalselt ka kuivatamiseks! Selleks oota, et enamus \u00f5iepungi oleks avanenud, korja \u00f5ied ning riputa kuiva, pimedasse kohta kuivama ca 2 n\u00e4dalaks.<\/p>","protected":false},"excerpt":{"rendered":"<p data-start=\"1063\" data-end=\"1271\" data-is-last-node=\"\" data-is-only-node=\"\"><em>Delphinium consolida<\/em><\/p>\n<p>Taime k\u00f5rgus: 80-120 cm<\/p>\n<p>Idanemine: 14-21 p\u00e4eva, 10-18C juures<\/p>\n<p>K\u00fclvist \u00f5itsemiseni: 110-120 p\u00e4eva<\/p>\n<p>Vaasiiga: 5-7 p\u00e4eva<\/p>","protected":false},"featured_media":4588,"template":"","meta":{"om_disable_all_campaigns":false,"_monsterinsights_skip_tracking":false,"_monsterinsights_sitenote_active":false,"_monsterinsights_sitenote_note":"","_monsterinsights_sitenote_category":0},"product_brand":[],"product_cat":[135],"product_tag":[],"class_list":{"0":"post-4585","1":"product","2":"type-product","3":"status-publish","4":"has-post-thumbnail","6":"product_cat-aed-varesjalad","8":"first","9":"instock","10":"shipping-taxable","11":"purchasable","12":"product-type-variable"},"aioseo_notices":[],"jetpack_sharing_enabled":true,"_links":{"self":[{"href":"https:\/\/sooditalulilled.ee\/en\/wp-json\/wp\/v2\/product\/4585","targetHints":{"allow":["GET"]}}],"collection":[{"href":"https:\/\/sooditalulilled.ee\/en\/wp-json\/wp\/v2\/product"}],"about":[{"href":"https:\/\/sooditalulilled.ee\/en\/wp-json\/wp\/v2\/types\/product"}],"wp:featuredmedia":[{"embeddable":true,"href":"https:\/\/sooditalulilled.ee\/en\/wp-json\/wp\/v2\/media\/4588"}],"wp:attachment":[{"href":"https:\/\/sooditalulilled.ee\/en\/wp-json\/wp\/v2\/media?parent=4585"}],"wp:term":[{"taxonomy":"product_brand","embeddable":true,"href":"https:\/\/sooditalulilled.ee\/en\/wp-json\/wp\/v2\/product_brand?post=4585"},{"taxonomy":"product_cat","embeddable":true,"href":"https:\/\/sooditalulilled.ee\/en\/wp-json\/wp\/v2\/product_cat?post=4585"},{"taxonomy":"product_tag","embeddable":true,"href":"https:\/\/sooditalulilled.ee\/en\/wp-json\/wp\/v2\/product_tag?post=4585"}],"curies":[{"name":"wp","href":"https:\/\/api.w.org\/{rel}","templated":true}]}}