{"id":4589,"date":"2025-11-22T23:58:00","date_gmt":"2025-11-22T23:58:00","guid":{"rendered":"https:\/\/sooditalulilled.ee\/?post_type=product&#038;p=4589"},"modified":"2026-04-01T19:21:02","modified_gmt":"2026-04-01T19:21:02","slug":"aed-varesjalg-salmon-beauty-saabumas","status":"publish","type":"product","link":"https:\/\/sooditalulilled.ee\/en\/product\/aed-varesjalg-salmon-beauty-saabumas\/","title":{"rendered":"Aed-varesjalg &#8216;Salmon Beauty&#8217;"},"content":{"rendered":"<p data-start=\"130\" data-end=\"474\"><strong data-start=\"130\" data-end=\"186\">Aed-varesjalg \u2018Salmon Beauty\u2019 <em>(Delphinium consolida)<\/em><\/strong> on erakordselt pehme ja romantiline suvelill, mis v\u00f5lub oma sooja l\u00f5heroosa v\u00e4rvitooniga. Selle sordi \u00f5ied avanevad h\u00f5rgu, kergelt p\u00e4rlmutrise helgiga, tuues aeda ja kimpudesse unistava, pehmelt hajusa valguse tunde \u2013 justkui suve\u00f5htu viimased p\u00e4ikesekiired oleksid \u00f5itele pidama j\u00e4\u00e4nud.<\/p>\n<p data-start=\"476\" data-end=\"725\">\u2018Salmon Beauty\u2019 t\u00f5useb sihvakalt ja graatsiliselt, luues peenras \u00f5hulise vertikaali ning kimpudes elegantse, loomuliku liikumise. Tema soe toon sulandub imekaunilt nii pastellsete kui ka s\u00fcgavamate v\u00e4rvidega, sidudes k\u00f5ik elemendid \u00f5rnalt tervikuks.<\/p>\n<p data-start=\"727\" data-end=\"888\">L\u00f5ikelillena on ta hinnatud oma hea vastupidavuse ja professionaalse v\u00e4limuse t\u00f5ttu \u2013 varred p\u00fcsivad tugevad, \u00f5ied avanevad ka vaasis kaunilt ning v\u00e4rv ei tuhmu.<\/p>\n<p data-start=\"890\" data-end=\"1008\" data-is-last-node=\"\" data-is-only-node=\"\">\u00d5rn, helge ja alati lummav \u2013 \u2018Salmon Beauty\u2019 lisab igasse lillekogusse killukese pehmet romantikat ja soojust.<\/p>\n<p>&nbsp;<\/p>\n<p><strong>KASVATAMINE<em>\u00a0(soovituslik)<\/em>:<\/strong><\/p>\n<p>Enne k\u00fclvi: soovituslik on hoida seemneid 10-14 p\u00e4eva enne k\u00fclvamist s\u00fcgavk\u00fclmas. See aitab seemnetel paremini ja kiiremini idaneda.<\/p>\n<p>Ettekasvatus: k\u00fclva toas 6-8 n\u00e4dalat enne \u00f5ue istutamist. Taimed v\u00f5ib \u00f5ue istutada juba samuti 6-8 n\u00e4dalat enne viimaseid \u00f6\u00f6k\u00fclmi eeldusel, et taimed on eelnevalt karastatud v\u00f5i kasvanud jahedas keskkonnas, n\u00e4iteks k\u00fclmas kasvuhoones. Kogu ettekasvatuse aja on soovituslik taimi kasvatada jahedamas keskkonnas, parim on selleks ~ 13-kraadine temperatuur.<\/p>\n<p>Otsek\u00fclv (soovituslik!): k\u00fclva otse peenrasse kevadel, kui mul on sulanud v\u00f5i s\u00fcgisel enne \u00f6\u00f6k\u00fclmi. Idaneb k\u00f5ige paremini 13-kraadises mullas.<\/p>\n<p>\u00d5ige aeg \u00f5ie l\u00f5ikamiseks on, kui umbes 1\/3 \u00f5iepungadest on avanenud.<\/p>\n<p>&nbsp;<\/p>\n<p>Sobib ideaalselt ka kuivatamiseks! Selleks oota, et enamus \u00f5iepungi oleks avanenud, korja \u00f5ied ning riputa kuiva, pimedasse kohta kuivama ca 2 n\u00e4dalaks.<\/p>","protected":false},"excerpt":{"rendered":"<p data-start=\"1063\" data-end=\"1271\" data-is-last-node=\"\" data-is-only-node=\"\"><em>Delphinium consolida<\/em><\/p>\n<p>Taime k\u00f5rgus: 80-120 cm<\/p>\n<p>Idanemine: 14-21 p\u00e4eva, 10-18C juures<\/p>\n<p>K\u00fclvist \u00f5itsemiseni: 110-120 p\u00e4eva<\/p>\n<p>Vaasiiga: 5-7 p\u00e4eva<\/p>","protected":false},"featured_media":4593,"template":"","meta":{"om_disable_all_campaigns":false,"_monsterinsights_skip_tracking":false,"_monsterinsights_sitenote_active":false,"_monsterinsights_sitenote_note":"","_monsterinsights_sitenote_category":0},"product_brand":[],"product_cat":[135],"product_tag":[],"class_list":{"0":"post-4589","1":"product","2":"type-product","3":"status-publish","4":"has-post-thumbnail","6":"product_cat-aed-varesjalad","8":"first","9":"instock","10":"shipping-taxable","11":"purchasable","12":"product-type-variable"},"aioseo_notices":[],"jetpack_sharing_enabled":true,"_links":{"self":[{"href":"https:\/\/sooditalulilled.ee\/en\/wp-json\/wp\/v2\/product\/4589","targetHints":{"allow":["GET"]}}],"collection":[{"href":"https:\/\/sooditalulilled.ee\/en\/wp-json\/wp\/v2\/product"}],"about":[{"href":"https:\/\/sooditalulilled.ee\/en\/wp-json\/wp\/v2\/types\/product"}],"wp:featuredmedia":[{"embeddable":true,"href":"https:\/\/sooditalulilled.ee\/en\/wp-json\/wp\/v2\/media\/4593"}],"wp:attachment":[{"href":"https:\/\/sooditalulilled.ee\/en\/wp-json\/wp\/v2\/media?parent=4589"}],"wp:term":[{"taxonomy":"product_brand","embeddable":true,"href":"https:\/\/sooditalulilled.ee\/en\/wp-json\/wp\/v2\/product_brand?post=4589"},{"taxonomy":"product_cat","embeddable":true,"href":"https:\/\/sooditalulilled.ee\/en\/wp-json\/wp\/v2\/product_cat?post=4589"},{"taxonomy":"product_tag","embeddable":true,"href":"https:\/\/sooditalulilled.ee\/en\/wp-json\/wp\/v2\/product_tag?post=4589"}],"curies":[{"name":"wp","href":"https:\/\/api.w.org\/{rel}","templated":true}]}}