{"id":4594,"date":"2025-11-23T00:04:48","date_gmt":"2025-11-23T00:04:48","guid":{"rendered":"https:\/\/sooditalulilled.ee\/?post_type=product&#038;p=4594"},"modified":"2026-03-22T19:07:52","modified_gmt":"2026-03-22T19:07:52","slug":"tahk-matashari-flamingo-purple-saabumas","status":"publish","type":"product","link":"https:\/\/sooditalulilled.ee\/en\/product\/tahk-matashari-flamingo-purple-saabumas\/","title":{"rendered":"T\u00e4hk-m\u00e4tashari &#8216;Flamingo Purple&#8217;"},"content":{"rendered":"<p data-start=\"0\" data-end=\"341\"><strong data-start=\"0\" data-end=\"54\">T\u00e4hk-m\u00e4tashari \u2018Flamingo Purple\u2019 <em>(Celosia spicata)<\/em><\/strong> on vapustavalt elegantne ja eksootiline suvelill, mis t\u00f5stab iga peenra ja lillekimbu hetkega k\u00f5rgemale tasemele. Selle sordi sihvakad, sulgjad \u00f5isikud helgivad s\u00fcgava ploomililla ja pehme purpuri toonides, justkui v\u00e4ikesed leegid, mis tantsivad tuules \u2013 \u00f5rnad, ent pilkup\u00fc\u00fcdvalt \u0161ikid.<\/p>\n<p data-start=\"343\" data-end=\"610\">\u2018Flamingo Purple\u2019 loob peenras kerge, sulnis liikumise ning m\u00f5jub kui peen siidist tekstuur teiste taimede vahel. Tema toon on rikkalik, samas \u00fcllatavalt pehme \u2013 sobides suurep\u00e4raselt nii v\u00e4rvik\u00fcllastesse kui ka minimalistlikesse, neutraalsetesse kompositsioonidesse.<\/p>\n<p data-start=\"612\" data-end=\"823\">L\u00f5ikelillena on ta professionaalide lemmik: vastupidav, tugeval varrel ja pika vaasip\u00fcsivusega. \u00d5isikud kuivavad kaunilt ja hoiavad oma vormi, muutes ta eriti v\u00e4\u00e4rtuslikuks kuivkimpude ja sisekujunduse loomisel.<\/p>\n<p data-start=\"825\" data-end=\"980\" data-is-last-node=\"\" data-is-only-node=\"\">Graatsiline, kaasaegne ja alati efektne \u2013 \u2018Flamingo Purple<strong data-start=\"867\" data-end=\"888\">\u2019<\/strong> toob suvelillede maailma s\u00fcgavust, tekstuuri ja \u0161armi, mis ei j\u00e4\u00e4 kunagi m\u00e4rkamatuks.<\/p>\n<p>&nbsp;<\/p>\n<p><span style=\"text-decoration: underline;\">KASVATAMINE <em>(soovituslik)<\/em>:<\/span><\/p>\n<p>Ettekasvatus: k\u00fclva seemned 4-6 n\u00e4dalat enne viimast prognoositavat \u00f6\u00f6k\u00fclma. Istuta taimed \u00f5ue, kui \u00f6\u00f6k\u00fclmaoht on m\u00f6\u00f6dunud.<\/p>\n<p>\u00c4ra kata k\u00fclvi mullaga. Puista k\u00fclvile \u00f5rnalt vermikuliiti.<\/p>\n<p>Soovituslik kasvatada Eesti kliimas t\u00e4hk-m\u00e4tasharja kasvuhoones.<\/p>\n<p>L\u00f5ika kimpu v\u00f5i vaasi panekuks, kui \u00f5is on Sinule sobiva suurusega, kuid enne, kui seemned hakkavad moodustuma.<\/p>","protected":false},"excerpt":{"rendered":"<p class=\"lk7499ae_ProductDetail_productDetailLatinName\"><em>Celosia spicata<\/em><\/p>\n<p>Taime k\u00f5rgus: 70-90 cm<\/p>\n<p>Idanemine: 8-14 p\u00e4eva, 20-26C juures<\/p>\n<p>K\u00fclvist \u00f5itsemiseni: 100-130 p\u00e4eva<\/p>\n<p>Vaasiiga: 10-14 p\u00e4eva<\/p>","protected":false},"featured_media":4598,"template":"","meta":{"om_disable_all_campaigns":false,"_monsterinsights_skip_tracking":false,"_monsterinsights_sitenote_active":false,"_monsterinsights_sitenote_note":"","_monsterinsights_sitenote_category":0},"product_brand":[],"product_cat":[107],"product_tag":[],"class_list":{"0":"post-4594","1":"product","2":"type-product","3":"status-publish","4":"has-post-thumbnail","6":"product_cat-kuivkimbulilled","8":"first","9":"instock","10":"shipping-taxable","11":"purchasable","12":"product-type-variable"},"aioseo_notices":[],"jetpack_sharing_enabled":true,"_links":{"self":[{"href":"https:\/\/sooditalulilled.ee\/en\/wp-json\/wp\/v2\/product\/4594","targetHints":{"allow":["GET"]}}],"collection":[{"href":"https:\/\/sooditalulilled.ee\/en\/wp-json\/wp\/v2\/product"}],"about":[{"href":"https:\/\/sooditalulilled.ee\/en\/wp-json\/wp\/v2\/types\/product"}],"wp:featuredmedia":[{"embeddable":true,"href":"https:\/\/sooditalulilled.ee\/en\/wp-json\/wp\/v2\/media\/4598"}],"wp:attachment":[{"href":"https:\/\/sooditalulilled.ee\/en\/wp-json\/wp\/v2\/media?parent=4594"}],"wp:term":[{"taxonomy":"product_brand","embeddable":true,"href":"https:\/\/sooditalulilled.ee\/en\/wp-json\/wp\/v2\/product_brand?post=4594"},{"taxonomy":"product_cat","embeddable":true,"href":"https:\/\/sooditalulilled.ee\/en\/wp-json\/wp\/v2\/product_cat?post=4594"},{"taxonomy":"product_tag","embeddable":true,"href":"https:\/\/sooditalulilled.ee\/en\/wp-json\/wp\/v2\/product_tag?post=4594"}],"curies":[{"name":"wp","href":"https:\/\/api.w.org\/{rel}","templated":true}]}}