{"id":4610,"date":"2025-11-23T00:43:35","date_gmt":"2025-11-23T00:43:35","guid":{"rendered":"https:\/\/sooditalulilled.ee\/?post_type=product&#038;p=4610"},"modified":"2026-04-01T19:14:34","modified_gmt":"2026-04-01T19:14:34","slug":"keskmine-kellukas-single-rose-saabumas","status":"publish","type":"product","link":"https:\/\/sooditalulilled.ee\/en\/product\/keskmine-kellukas-single-rose-saabumas\/","title":{"rendered":"Keskmine kellukas &#8216;Single Rose&#8217;"},"content":{"rendered":"<p data-start=\"0\" data-end=\"356\"><strong data-start=\"0\" data-end=\"54\">Keskmine kellukas \u2018Single Rose\u2019 <em>(Campanula medium)<\/em><\/strong> on klassikaline aialill, mis toob peenrasse pehme, romantilise ja osaliselt isegi vintage-h\u00f5ngulise v\u00e4rvim\u00e4ngu. Tema graatsilised, pikad varred kannavad suuri, kellukakujulisi \u00f5isi, mis avanevad \u00f5rnas roosas toonis \u2013 justkui \u00f5rnalt hajutatud akvarell, kus iga kroonleht on veidi teistmoodi varjundiga.<\/p>\n<p data-start=\"358\" data-end=\"565\">\u2018Single Rose\u2019 loob aias kohe naiseliku ja pehme meeleolu. Tema roosa v\u00e4rv sulandub suurep\u00e4raselt kosmose, lavendlite, roosade astrite ja valgete lilledga, lisades kogu istutusalale kerge, heliseva \u00f5hulisuse.<\/p>\n<p data-start=\"567\" data-end=\"813\">L\u00f5ikelillena on ta t\u00f5eliselt v\u00e4\u00e4rtuslik \u2013 tugevad varred, hea p\u00fcsivus ja muljet avaldav \u00f5iekuju muudavad ta ideaalseks nii pidulikesse kui ka looduslikesse kimpudesse. Tema \u00f5rn roosa v\u00e4rv lisab kompositsioonile kohe pehmust ja s\u00fcdamlikku soojust.<\/p>\n<p data-start=\"815\" data-end=\"949\" data-is-last-node=\"\" data-is-only-node=\"\">Peen, romantiline ja lummavalt klassikaline \u2013 \u2018Single Rose\u2019 on kellukas, mis annab nii aiale kui kimpudele \u00f5rna roosa unistuse.<\/p>\n<p><span style=\"text-decoration: underline;\">KASVATAMINE\u00a0<em>(soovituslik)<\/em>:<\/span><\/p>","protected":false},"excerpt":{"rendered":"<p data-start=\"1063\" data-end=\"1271\" data-is-last-node=\"\" data-is-only-node=\"\"><i>Campanula medium<\/i><\/p>\n<p>Taime k\u00f5rgus: 60-80 cm<\/p>\n<p>Idanemine: 7-14 p\u00e4eva, 18-2oC juures<\/p>\n<p>K\u00fclvist \u00f5itsemiseni: 120-150 p\u00e4eva<\/p>\n<p>Vaasiiga: 7-10 p\u00e4eva<\/p>","protected":false},"featured_media":4613,"template":"","meta":{"om_disable_all_campaigns":false,"_monsterinsights_skip_tracking":false,"_monsterinsights_sitenote_active":false,"_monsterinsights_sitenote_note":"","_monsterinsights_sitenote_category":0},"product_brand":[],"product_cat":[137],"product_tag":[],"class_list":{"0":"post-4610","1":"product","2":"type-product","3":"status-publish","4":"has-post-thumbnail","6":"product_cat-kaheaastased-lilleseemned","8":"first","9":"outofstock","10":"shipping-taxable","11":"purchasable","12":"product-type-variable"},"aioseo_notices":[],"jetpack_sharing_enabled":true,"_links":{"self":[{"href":"https:\/\/sooditalulilled.ee\/en\/wp-json\/wp\/v2\/product\/4610","targetHints":{"allow":["GET"]}}],"collection":[{"href":"https:\/\/sooditalulilled.ee\/en\/wp-json\/wp\/v2\/product"}],"about":[{"href":"https:\/\/sooditalulilled.ee\/en\/wp-json\/wp\/v2\/types\/product"}],"wp:featuredmedia":[{"embeddable":true,"href":"https:\/\/sooditalulilled.ee\/en\/wp-json\/wp\/v2\/media\/4613"}],"wp:attachment":[{"href":"https:\/\/sooditalulilled.ee\/en\/wp-json\/wp\/v2\/media?parent=4610"}],"wp:term":[{"taxonomy":"product_brand","embeddable":true,"href":"https:\/\/sooditalulilled.ee\/en\/wp-json\/wp\/v2\/product_brand?post=4610"},{"taxonomy":"product_cat","embeddable":true,"href":"https:\/\/sooditalulilled.ee\/en\/wp-json\/wp\/v2\/product_cat?post=4610"},{"taxonomy":"product_tag","embeddable":true,"href":"https:\/\/sooditalulilled.ee\/en\/wp-json\/wp\/v2\/product_tag?post=4610"}],"curies":[{"name":"wp","href":"https:\/\/api.w.org\/{rel}","templated":true}]}}