{"id":4615,"date":"2025-11-23T00:47:36","date_gmt":"2025-11-23T00:47:36","guid":{"rendered":"https:\/\/sooditalulilled.ee\/?post_type=product&#038;p=4615"},"modified":"2026-03-14T05:24:39","modified_gmt":"2026-03-14T05:24:39","slug":"olelill-bright-rose-saabumas","status":"publish","type":"product","link":"https:\/\/sooditalulilled.ee\/en\/product\/olelill-bright-rose-saabumas\/","title":{"rendered":"\u00d5lelill &#8216;Bright Rose&#8217;"},"content":{"rendered":"<p data-start=\"0\" data-end=\"373\"><strong data-start=\"0\" data-end=\"62\">\u00d5lelill \u2018Bright Rose\u2019 <em>(Helichrysum bracteatum)<\/em><\/strong> on s\u00e4rav ja eluj\u00f5uline suvelill, mis toob peenrasse justkui p\u00e4ikese k\u00e4es helkiva roosatooni plahvatuse. Tema tihedad, kr\u00f5bisevad kroonlehed avanevad erksas fuksiaroosas v\u00e4rvis, mis p\u00fcsib \u00fchtviisi silmatorkav nii v\u00e4rskelt kui ka kuivatatult. \u00d5ie kuju meenutab v\u00e4ikest p\u00e4ikest \u2013 kiirjas, tugev ja selgepiiriline.<\/p>\n<p data-start=\"375\" data-end=\"728\">\u2018Bright Rose\u2019 on t\u00f5eline pilgup\u00fc\u00fcdja. Aias lisab ta istutusaladele hoogu ja v\u00e4rvi, sobitudes imeliselt teiste elavate toonidega: aprikoos, kollane, oran\u017e ja purpurlilla on tema k\u00f5rval loomulikud kaaslased. Kuivlillena s\u00e4ilitab ta oma v\u00e4rvi ja kuju suurep\u00e4raselt, muutes selle \u00fcheks hinnatuimaks sordiks igasugustes kuivatatud kimpudes ja seadetes.<\/p>\n<p data-start=\"730\" data-end=\"948\">L\u00f5ikelillena on ta vastupidav ja professionaalse v\u00e4limusega \u2013 tugev vars, kauap\u00fcsiv \u00f5is ja s\u00e4rav toon teevad temast iga kimbu energiapuhangu. Aias loob ta r\u00f5\u00f5msa, p\u00e4ikeselise meeleolu, mis ei j\u00e4\u00e4 kellelegi m\u00e4rkamatuks.<\/p>\n<p data-start=\"950\" data-end=\"1084\" data-is-last-node=\"\" data-is-only-node=\"\">Elav, s\u00e4rav ja alati r\u00f5\u00f5msameelne \u2013 <strong data-start=\"986\" data-end=\"1003\">\u2018Bright Rose\u2019<\/strong> on \u00f5lelill, mis toob nii peenrasse kui kuivkimpudesse elu ja v\u00e4rvik\u00fcllust.<\/p>\n<p>&nbsp;<\/p>\n<p><span style=\"text-decoration: underline;\">KASVATAMISE N\u00d5UANDED:<\/span><\/p>\n<p>Ettekasvatus: k\u00fclva seemned 4-6 n\u00e4dalat enne \u00f5ue istutamist. Taimed istuta \u00f5ue, kui \u00f6\u00f6k\u00fclma oht on m\u00f6\u00f6das.<\/p>\n<p>\u00c4ra kata k\u00fclvi mullaga \u2013 seemned vajavad idanemiseks valgust. V\u00f5imalusel kata k\u00fclv \u00f5rna vermikuliidikihiga. Kui taimed on idanenud, kasvata soovituslikult veidi jahedamas ruumis.<\/p>\n<p>Parim aeg l\u00f5ikamiseks on, kui pool \u00f5iest on avanenud ja enne tolmeldamist.<\/p>","protected":false},"excerpt":{"rendered":"<p><em>Helichrysum bracteatum<\/em><\/p>\n<p>Taime k\u00f5rgus: 90-120 cm<\/p>\n<p>Idanemine: 7-10 p\u00e4eva, 21-24C juures<\/p>\n<p>K\u00fclvist \u00f5itsemiseni: 80-90 p\u00e4eva<\/p>\n<p>Vaasiiga: 7+ p\u00e4eva<\/p>","protected":false},"featured_media":6290,"template":"","meta":{"om_disable_all_campaigns":false,"_monsterinsights_skip_tracking":false,"_monsterinsights_sitenote_active":false,"_monsterinsights_sitenote_note":"","_monsterinsights_sitenote_category":0},"product_brand":[],"product_cat":[107,104],"product_tag":[],"class_list":{"0":"post-4615","1":"product","2":"type-product","3":"status-publish","4":"has-post-thumbnail","6":"product_cat-kuivkimbulilled","7":"product_cat-olelilled","9":"first","10":"instock","11":"shipping-taxable","12":"purchasable","13":"product-type-variable"},"aioseo_notices":[],"jetpack_sharing_enabled":true,"_links":{"self":[{"href":"https:\/\/sooditalulilled.ee\/en\/wp-json\/wp\/v2\/product\/4615","targetHints":{"allow":["GET"]}}],"collection":[{"href":"https:\/\/sooditalulilled.ee\/en\/wp-json\/wp\/v2\/product"}],"about":[{"href":"https:\/\/sooditalulilled.ee\/en\/wp-json\/wp\/v2\/types\/product"}],"wp:featuredmedia":[{"embeddable":true,"href":"https:\/\/sooditalulilled.ee\/en\/wp-json\/wp\/v2\/media\/6290"}],"wp:attachment":[{"href":"https:\/\/sooditalulilled.ee\/en\/wp-json\/wp\/v2\/media?parent=4615"}],"wp:term":[{"taxonomy":"product_brand","embeddable":true,"href":"https:\/\/sooditalulilled.ee\/en\/wp-json\/wp\/v2\/product_brand?post=4615"},{"taxonomy":"product_cat","embeddable":true,"href":"https:\/\/sooditalulilled.ee\/en\/wp-json\/wp\/v2\/product_cat?post=4615"},{"taxonomy":"product_tag","embeddable":true,"href":"https:\/\/sooditalulilled.ee\/en\/wp-json\/wp\/v2\/product_tag?post=4615"}],"curies":[{"name":"wp","href":"https:\/\/api.w.org\/{rel}","templated":true}]}}