{"id":4842,"date":"2025-12-10T08:14:44","date_gmt":"2025-12-10T08:14:44","guid":{"rendered":"https:\/\/sooditalulilled.ee\/product\/gift-card\/"},"modified":"2025-12-13T07:00:55","modified_gmt":"2025-12-13T07:00:55","slug":"gift-card","status":"publish","type":"product","link":"https:\/\/sooditalulilled.ee\/en\/product\/gift-card\/","title":{"rendered":"Kinkekaart"},"content":{"rendered":"<pre data-start=\"118\" data-end=\"161\"><strong data-start=\"122\" data-end=\"159\">Soodi Talu Lilled Kinkekaart - k<\/strong><strong data-start=\"162\" data-end=\"201\">ingitus, mis laseb \u00f5itseda r\u00f5\u00f5mul.<\/strong><\/pre>\n<p>&nbsp;<\/p>\n<p data-start=\"205\" data-end=\"483\">Soodi Talu kinkekaart on rohkem kui lihtsalt v\u00e4\u00e4rtus poes \u2013 see on vabadus otsustada, mis paneb s\u00fcdame r\u00f5\u00f5must s\u00e4rama. Olgu selleks kevadine tulbikimp, suvised p\u00f5llulilled, unistuste seemned v\u00f5i midagi hoopis ootamatut \u2013 kingisaaja saab valida just selle, mis teeb temale r\u00f5\u00f5mu.<\/p>\n<p data-start=\"485\" data-end=\"693\">See kinkekaart sobib igaks s\u00fcndmuseks ja igale inimesele, kes armastab ilu, loodust, lihtsaid r\u00f5\u00f5me ja p\u00e4riselt kohalikke lilli.<br data-start=\"613\" data-end=\"616\" \/>Kingi midagi, mis ei kesta ainult hetke \u2013 vaid kasvab, t\u00e4rkab ja j\u00e4\u00e4b meelde.<\/p>\n<h5 data-start=\"908\" data-end=\"943\"><\/h5>\n<pre data-start=\"908\" data-end=\"943\"><strong data-start=\"912\" data-end=\"941\">Miks valida kinkekaart?<\/strong><\/pre>\n<p>&nbsp;<\/p>\n<ul>\n<li data-start=\"944\" data-end=\"1048\">Sobib igaks t\u00e4htp\u00e4evaks<\/li>\n<li data-start=\"944\" data-end=\"1048\">Kingisaaja saab ise valida endale meeldiva<\/li>\n<li data-start=\"944\" data-end=\"1048\">Ilus, personaalne ja l\u00e4bim\u00f5eldud kingitus<\/li>\n<\/ul>\n<p data-start=\"1050\" data-end=\"1096\">Kingi s\u00fcdamest \u2013 las kingitus \u00f5itseb edasi. \ud83d\udc9b<\/p>\n<h5 data-start=\"323\" data-end=\"397\"><\/h5>\n<h5 data-start=\"323\" data-end=\"397\"><\/h5>\n<pre data-start=\"323\" data-end=\"397\"><strong data-start=\"328\" data-end=\"397\">Kinkekaardi kasutustingimused<\/strong><\/pre>\n<p data-start=\"399\" data-end=\"894\"><strong data-start=\"399\" data-end=\"466\">\u2022 Kinkekaarti saab kasutada e-poes <a class=\"decorated-link cursor-pointer\" target=\"_new\" rel=\"noopener\" data-start=\"441\" data-end=\"463\">www.sooditalulilled.ee<\/a>.<\/strong><br data-start=\"466\" data-end=\"469\" \/><strong data-start=\"469\" data-end=\"511\">\u2022 Kinkekaarti v\u00f5ib kasutada mitu korda<\/strong>, kuni kaardi saldo on kasutatud.<br data-start=\"544\" data-end=\"547\" \/><strong data-start=\"547\" data-end=\"620\">\u2022 Kinkekaardi v\u00e4\u00e4rtust ei vahetata rahaks ning j\u00e4\u00e4ki ei maksta v\u00e4lja.<\/strong><br data-start=\"620\" data-end=\"623\" \/><strong data-start=\"623\" data-end=\"716\">\u2022 Kui ostusumma \u00fcletab kinkekaardi v\u00e4\u00e4rtuse, saab vahe tasuda tavap\u00e4raste makseviisidega.<\/strong><br data-start=\"716\" data-end=\"719\" \/><strong data-start=\"719\" data-end=\"777\">\u2022 Kinkekaart kehtib kuni kaardile m\u00e4rgitud kuup\u00e4evani (alates ostukuup\u00e4evast 1 aasta).<\/strong><br data-start=\"777\" data-end=\"780\" \/><strong data-start=\"780\" data-end=\"832\">\u2022 Kaotatud kinkekaarti ei ole v\u00f5imalik taastada.<\/strong><br data-start=\"832\" data-end=\"835\" \/><strong data-start=\"835\" data-end=\"894\">\u2022 Kinkekaarti saab kasutada ka soodustoodete ostmiseks.<\/strong><\/p>","protected":false},"excerpt":{"rendered":"<p>Kinkekaarti saab kasutada osade kaupa kuni saldo l\u00f5ppemiseni. Ei vahetata rahaks. Kehtib kuni m\u00e4rgitud kuup\u00e4evani (1 aasta alates ostukuup\u00e4evast).<\/p>","protected":false},"featured_media":4883,"template":"","meta":{"om_disable_all_campaigns":false,"_monsterinsights_skip_tracking":false,"_monsterinsights_sitenote_active":false,"_monsterinsights_sitenote_note":"","_monsterinsights_sitenote_category":0},"product_brand":[],"product_cat":[142],"product_tag":[],"class_list":{"0":"post-4842","1":"product","2":"type-product","3":"status-publish","4":"has-post-thumbnail","6":"product_cat-wps_wgm_giftcard","8":"first","9":"instock","10":"purchasable","11":"product-type-pw-gift-card"},"aioseo_notices":[],"jetpack_sharing_enabled":true,"_links":{"self":[{"href":"https:\/\/sooditalulilled.ee\/en\/wp-json\/wp\/v2\/product\/4842","targetHints":{"allow":["GET"]}}],"collection":[{"href":"https:\/\/sooditalulilled.ee\/en\/wp-json\/wp\/v2\/product"}],"about":[{"href":"https:\/\/sooditalulilled.ee\/en\/wp-json\/wp\/v2\/types\/product"}],"wp:featuredmedia":[{"embeddable":true,"href":"https:\/\/sooditalulilled.ee\/en\/wp-json\/wp\/v2\/media\/4883"}],"wp:attachment":[{"href":"https:\/\/sooditalulilled.ee\/en\/wp-json\/wp\/v2\/media?parent=4842"}],"wp:term":[{"taxonomy":"product_brand","embeddable":true,"href":"https:\/\/sooditalulilled.ee\/en\/wp-json\/wp\/v2\/product_brand?post=4842"},{"taxonomy":"product_cat","embeddable":true,"href":"https:\/\/sooditalulilled.ee\/en\/wp-json\/wp\/v2\/product_cat?post=4842"},{"taxonomy":"product_tag","embeddable":true,"href":"https:\/\/sooditalulilled.ee\/en\/wp-json\/wp\/v2\/product_tag?post=4842"}],"curies":[{"name":"wp","href":"https:\/\/api.w.org\/{rel}","templated":true}]}}