{"id":4859,"date":"2025-12-11T16:04:13","date_gmt":"2025-12-11T16:04:13","guid":{"rendered":"https:\/\/sooditalulilled.ee\/?post_type=product&#038;p=4859"},"modified":"2026-01-14T03:46:09","modified_gmt":"2026-01-14T03:46:09","slug":"tulbikimbu-pusitellimus-2026","status":"publish","type":"product","link":"https:\/\/sooditalulilled.ee\/en\/product\/tulbikimbu-pusitellimus-2026\/","title":{"rendered":"Tulbikimbu p\u00fcsitellimus 2026"},"content":{"rendered":"<p data-start=\"165\" data-end=\"224\"><strong data-start=\"165\" data-end=\"224\">Neli n\u00e4dalat r\u00f5\u00f5mu \u2013 \u00fcks kaunis tulbikimp igal n\u00e4dalal.<\/strong><\/p>\n<p data-start=\"226\" data-end=\"489\">Kutsu kevad varem koju v\u00f5i kingi see kellelegi, kes armastab v\u00e4rsket lilleilu.<br data-start=\"304\" data-end=\"307\" \/>Tulbikimbu p\u00fcsitellimus sisaldab <strong data-start=\"340\" data-end=\"360\">4 n\u00e4dala jooksul<\/strong> igal n\u00e4dalal <strong data-start=\"374\" data-end=\"406\">\u00fchte M-suuruses kimpu<\/strong>, mille v\u00e4rske ja s\u00e4rav sisu koosneb <strong data-start=\"443\" data-end=\"488\">umbes 15\u201316 kohalikult kasvatatud tulbist<\/strong>.<\/p>\n<p data-start=\"491\" data-end=\"701\">P\u00fcsitellimuse algus s\u00f5ltub ilmastikuoludest ja tulpide kasvur\u00fctmist. Kimpe hakkame v\u00e4ljastama <strong data-start=\"593\" data-end=\"641\">orienteeruvalt aprilli l\u00f5pus v\u00f5i mai alguses<\/strong>, t\u00e4pne esmane kuup\u00e4ev kinnitatakse 1\u20132 n\u00e4dalat enne algust kliendile e-maili teel.<\/p>\n<p data-start=\"703\" data-end=\"902\">K\u00f5ik tulbid on kasvatatud Soodi Talus \u2013 hoolikalt, armastusega ja loodusega \u00fches r\u00fctmis. See on kingitus, mis kordub, r\u00f5\u00f5mustab ja toob kevade kohale juba enne, kui aed t\u00e4ielikult \u00f5itsema puhkeb.<\/p>\n<p>&nbsp;<\/p>\n<p><strong>KIMPUDE K\u00c4TTESAAMINE:<\/strong><\/p>\n<ul>\n<li>P\u00fcsitellimus sisaldab soovi korral tasuta transporti marsruudil <em>Soodi talu &#8211; V\u00f5ru linn.<\/em><\/li>\n<li>Kimbule saab j\u00e4rgi tulla ka Soodi Talu Lillemajja.<\/li>\n<li><strong>Soovid transporti kaugemale?\u00a0<\/strong>Saame seda korraldada &#8211; kirjuta meile ja teeme personaalse pakkumise.<\/li>\n<\/ul>\n<h4 data-start=\"1296\" data-end=\"1314\"><\/h4>\n<p data-start=\"1542\" data-end=\"1561\"><span style=\"text-decoration: underline;\"><strong data-start=\"1547\" data-end=\"1561\">Tingimused<\/strong><\/span><\/p>\n<ul data-start=\"1563\" data-end=\"2272\">\n<li data-start=\"1563\" data-end=\"1631\">\n<p data-start=\"1565\" data-end=\"1631\">P\u00fcsitellimus sisaldab nelja\u00a0kimbu v\u00e4ljastamist (1 kimp n\u00e4dalas).<\/p>\n<\/li>\n<li data-start=\"1632\" data-end=\"1735\">\n<p data-start=\"1634\" data-end=\"1735\">P\u00fcsitellimus algab s\u00f5ltuvalt ilmastikust: orienteeruvalt aprilli l\u00f5pus v\u00f5i mai alguses.<\/p>\n<\/li>\n<li data-start=\"1736\" data-end=\"1832\">\n<p data-start=\"1738\" data-end=\"1832\">T\u00e4pne p\u00fcsitellimuse algus ja k\u00e4ttesaamisp\u00e4evad antakse kliendile teada <strong data-start=\"1809\" data-end=\"1829\">1\u20132 n\u00e4dalat ette e-maili teel.<\/strong><\/p>\n<\/li>\n<li data-start=\"1833\" data-end=\"1953\">\n<p data-start=\"1835\" data-end=\"1953\">Kimbud v\u00e4ljastatakse kokkulepitud p\u00e4eval &#8211; v\u00f5imalus tulla j\u00e4rgi Soodi Talu Lillemajja v\u00f5i kasutada transporditeenust.<\/p>\n<\/li>\n<li data-start=\"1954\" data-end=\"2020\">\n<p data-start=\"1956\" data-end=\"2020\">P\u00fcsitellimuse v\u00e4\u00e4rtust ei vahetata rahaks ega ole v\u00f5imalik tagastada!<\/p>\n<\/li>\n<li data-start=\"2021\" data-end=\"2102\">\n<p data-start=\"2023\" data-end=\"2102\">Kimbu v\u00e4rvid varieeruvad s\u00f5ltuvalt parasjagu \u00f5itsevatest sortidest.<\/p>\n<\/li>\n<li data-start=\"2103\" data-end=\"2167\">\n<p data-start=\"2105\" data-end=\"2167\">P\u00fcsitellimuse hinna sees sisaldub soovi korral kohaletoimetamine marsruudil: <em data-start=\"2140\" data-end=\"2164\">Soodi Talu \u2192 V\u00f5ru linn<\/em>.<\/p>\n<\/li>\n<li data-start=\"2168\" data-end=\"2272\">\n<p data-start=\"2170\" data-end=\"2272\">Pikemate vahemaade tarne toimub <strong data-start=\"2202\" data-end=\"2219\">lisatasu eest<\/strong> \u2013 k\u00fcsige personaalse pakkumise jaoks hinnapakkumist.<\/p>\n<\/li>\n<li data-start=\"2168\" data-end=\"2272\">Kui Sa ei saa kimbule j\u00e4rgi tulla etteteatatud kuup\u00e4evaks, palun anna sellest ette teada v\u00e4hemalt 48h ning saame kokku leppida uue k\u00e4ttesaamise kuup\u00e4eva.<\/li>\n<\/ul>","protected":false},"excerpt":{"rendered":"<p>Valik:<\/p>\n<ul>\n<li>* <span style=\"text-decoration: underline;\">KINKEKAART:<\/span><\/li>\n<li style=\"list-style-type: none;\">\n<ul>\n<li>&#8211; V\u00f5imalik v\u00e4ljastada p\u00fcsitellimuse kinkekaart &#8211; selleks palun tee valik enne ostukorvi lisamist.<\/li>\n<li>&#8211; Kinkekaart on valminud k\u00e4sit\u00f6\u00f6na ning saadetakse Sinu valitud pakiautomaati v\u00f5i kokkuleppel saab kinkekaardile tulla ka ise j\u00e4rgi.<\/li>\n<li>&#8211; Kui sa f\u00fc\u00fcsilist kinkekaarti ei soovi, siis tee sellekohane valik enne ostukorvi lisamist (ei soovi kinkekaarti) ning vali ostukorvis transpordiviisiks &#8216;Tulen ise j\u00e4rgi&#8217;.<\/li>\n<\/ul>\n<\/li>\n<\/ul>\n<p>&nbsp;<\/p>\n<ul>\n<li>* <span style=\"text-decoration: underline;\"><span style=\"text-decoration: underline;\">KIMBUTELLIMUSE K\u00c4TTESAAMINE:<\/span><\/span><\/li>\n<li>\n<ul>\n<li>&#8211; Kui Sa soovid kevadel tulbikimbule transporti (marsruudil <em>Soodi Talu &#8211; V\u00f5ru linn<\/em> sisaldub hinnas), siis tee sellekohane valik enne ostukorvi lisamist: &#8216;Transport marsruudil&#8230;&#8217;<\/li>\n<li>&#8211; Kui Sa tuled kevadel kimbule ise j\u00e4rgi Soodi Talu Lillemajja, siis tee vastav valik enne ostukorvi lisamist: &#8216;Ise j\u00e4rgi&#8230;&#8217;<\/li>\n<li>&#8211; <span style=\"text-decoration: underline;\">Kui Sa ostad p\u00fcsitellimuse kingiks<\/span> ja soovid kevadel transporti kingi saaja aadressile, palun lisa Kassas &#8216;Saada teisele aadressile&#8217; saaja kontaktinfo ja aadress &#8211; kimbud tarnitakse sellele aadressile ning eelnevalt saadetakse sellele isikule 1-2 n\u00e4dalat enne p\u00fcsitellimuse algust t\u00e4psem info alguse kuup\u00e4evaga.<\/li>\n<li>&#8211; Kui soovid, et <span style=\"text-decoration: underline;\">kingiks ostetud tulbikimbu tellimus<\/span> oleks saajale<strong> \u00fcllatus<\/strong> kuni kimbu kohaleviimiseni, siis palun lisa sellekohane info M\u00e4rkused lahtrisse!<\/li>\n<\/ul>\n<\/li>\n<\/ul>","protected":false},"featured_media":4891,"template":"","meta":{"om_disable_all_campaigns":false,"_monsterinsights_skip_tracking":false,"_monsterinsights_sitenote_active":false,"_monsterinsights_sitenote_note":"","_monsterinsights_sitenote_category":0},"product_brand":[],"product_cat":[141,144],"product_tag":[],"class_list":{"0":"post-4859","1":"product","2":"type-product","3":"status-publish","4":"has-post-thumbnail","6":"product_cat-kimbud","7":"product_cat-pusitellimused","9":"first","10":"instock","11":"shipping-taxable","12":"purchasable","13":"product-type-variable"},"aioseo_notices":[],"jetpack_sharing_enabled":true,"_links":{"self":[{"href":"https:\/\/sooditalulilled.ee\/en\/wp-json\/wp\/v2\/product\/4859","targetHints":{"allow":["GET"]}}],"collection":[{"href":"https:\/\/sooditalulilled.ee\/en\/wp-json\/wp\/v2\/product"}],"about":[{"href":"https:\/\/sooditalulilled.ee\/en\/wp-json\/wp\/v2\/types\/product"}],"wp:featuredmedia":[{"embeddable":true,"href":"https:\/\/sooditalulilled.ee\/en\/wp-json\/wp\/v2\/media\/4891"}],"wp:attachment":[{"href":"https:\/\/sooditalulilled.ee\/en\/wp-json\/wp\/v2\/media?parent=4859"}],"wp:term":[{"taxonomy":"product_brand","embeddable":true,"href":"https:\/\/sooditalulilled.ee\/en\/wp-json\/wp\/v2\/product_brand?post=4859"},{"taxonomy":"product_cat","embeddable":true,"href":"https:\/\/sooditalulilled.ee\/en\/wp-json\/wp\/v2\/product_cat?post=4859"},{"taxonomy":"product_tag","embeddable":true,"href":"https:\/\/sooditalulilled.ee\/en\/wp-json\/wp\/v2\/product_tag?post=4859"}],"curies":[{"name":"wp","href":"https:\/\/api.w.org\/{rel}","templated":true}]}}