{"id":5157,"date":"2026-01-10T20:41:41","date_gmt":"2026-01-10T20:41:41","guid":{"rendered":"https:\/\/sooditalulilled.ee\/?post_type=product&#038;p=5157"},"modified":"2026-02-18T11:21:55","modified_gmt":"2026-02-18T11:21:55","slug":"aasia-tulikas-amandine-white","status":"publish","type":"product","link":"https:\/\/sooditalulilled.ee\/en\/product\/aasia-tulikas-amandine-white\/","title":{"rendered":"Aasia tulikas &#8216;Amandine White&#8217;"},"content":{"rendered":"<p data-start=\"228\" data-end=\"503\">Puhas ja ajatu \u2013 \u2018Amandine White\u2019 toob aeda ja vaasi klassikalise valge ilu, mis m\u00f5jub \u00fchtaegu nii v\u00e4rskelt kui ka luksuslikult. Selle sordi suured, tihedalt kihilised \u00f5ied meenutavad oma t\u00e4idluselt roose ning loovad elegantse ja rahuliku meeleolu igas koosluses.<\/p>\n<p data-start=\"505\" data-end=\"752\">Tugevad ja sirged varred koos rikkaliku \u00f5itsemisega teevad <em data-start=\"568\" data-end=\"588\">Amandine White\u2019ist<\/em> suurep\u00e4rase l\u00f5ikelille pulmakimpudesse, pidulikesse seadetesse ja minimalistlikesse lilleseadetesse, olles samal ajal ka kaunis pilgup\u00fc\u00fcdja peenral v\u00f5i vaasis.<\/p>\n<p data-start=\"754\" data-end=\"997\">Amandine sarja aasia tulikad on aretatud spetsiaalselt l\u00f5ikelillekasvatuseks. Need taimed taluvad h\u00e4sti hiliskevade ja varasuve soojemaid ilmasid, pakkudes kvaliteetset ja \u00fchtlast \u00f5itsemist ajal, mil paljud teised sordid juba h\u00e4\u00e4buvad.<\/p>\n<p data-start=\"999\" data-end=\"1367\">Kuna Amandine sordid on k\u00fclma suhtes veidi tundlikumad, algab nende \u00f5itsemine pisut hiljem, kuid see kestab see-eest kauem ja \u00fchtlasemalt, t\u00e4ites aia v\u00f5i vaasi pikaks ajaks puhta ja luksusliku \u00f5iteiluga.<\/p>\n<p data-start=\"1369\" data-end=\"1556\">Amandine White on ideaalne valik neile, kes otsivad kauap\u00fcsivaid, t\u00e4idlasi ja ajatult elegantseid l\u00f5ikelilli, mis sobivad nii romantilistesse kui ka modernsetesse lilleseadetesse.<\/p>","protected":false},"excerpt":{"rendered":"<p>Puhas ja ajatu \u2013 \u2018Amandine White\u2019 toob aeda ja vaasi klassikalise valge ilu, mis m\u00f5jub \u00fchtaegu nii v\u00e4rskelt kui ka luksuslikult. Selle sordi suured, tihedalt kihilised \u00f5ied meenutavad oma t\u00e4idluselt roose ning loovad elegantse ja rahuliku meeleolu igas koosluses. Tugevad ja sirged varred koos rikkaliku \u00f5itsemisega teevad Amandine White\u2019ist suurep\u00e4rase l\u00f5ikelille pulmakimpudesse, pidulikesse seadetesse ja minimalistlikesse lilleseadetesse, olles samal ajal ka kaunis pilgup\u00fc\u00fcdja peenral v\u00f5i vaasis. Amandine sarja aasia tulikad on aretatud spetsiaalselt l\u00f5ikelillekasvatuseks. Need taimed taluvad h\u00e4sti hiliskevade ja varasuve soojemaid ilmasid, pakkudes kvaliteetset ja \u00fchtlast \u00f5itsemist ajal, mil paljud teised sordid juba h\u00e4\u00e4buvad. Kuna Amandine sordid on k\u00fclma suhtes veidi tundlikumad, algab nende \u00f5itsemine pisut hiljem, kuid see kestab see-eest kauem ja \u00fchtlasemalt, t\u00e4ites aia v\u00f5i vaasi pikaks ajaks puhta ja luksusliku \u00f5iteiluga. Amandine White on ideaalne valik neile, kes otsivad kauap\u00fcsivaid, t\u00e4idlasi ja ajatult elegantseid l\u00f5ikelilli, mis sobivad nii romantilistesse kui ka modernsetesse lilleseadetesse.<\/p>","protected":false},"featured_media":5161,"template":"","meta":{"om_disable_all_campaigns":false,"_monsterinsights_skip_tracking":false,"_monsterinsights_sitenote_active":false,"_monsterinsights_sitenote_note":"","_monsterinsights_sitenote_category":0},"product_brand":[],"product_cat":[117,118],"product_tag":[],"class_list":{"0":"post-5157","1":"product","2":"type-product","3":"status-publish","4":"has-post-thumbnail","6":"product_cat-kevadlilled","7":"product_cat-aasia-tulikad","9":"first","10":"outofstock","11":"shipping-taxable","12":"purchasable","13":"product-type-variable"},"aioseo_notices":[],"jetpack_sharing_enabled":true,"_links":{"self":[{"href":"https:\/\/sooditalulilled.ee\/en\/wp-json\/wp\/v2\/product\/5157","targetHints":{"allow":["GET"]}}],"collection":[{"href":"https:\/\/sooditalulilled.ee\/en\/wp-json\/wp\/v2\/product"}],"about":[{"href":"https:\/\/sooditalulilled.ee\/en\/wp-json\/wp\/v2\/types\/product"}],"wp:featuredmedia":[{"embeddable":true,"href":"https:\/\/sooditalulilled.ee\/en\/wp-json\/wp\/v2\/media\/5161"}],"wp:attachment":[{"href":"https:\/\/sooditalulilled.ee\/en\/wp-json\/wp\/v2\/media?parent=5157"}],"wp:term":[{"taxonomy":"product_brand","embeddable":true,"href":"https:\/\/sooditalulilled.ee\/en\/wp-json\/wp\/v2\/product_brand?post=5157"},{"taxonomy":"product_cat","embeddable":true,"href":"https:\/\/sooditalulilled.ee\/en\/wp-json\/wp\/v2\/product_cat?post=5157"},{"taxonomy":"product_tag","embeddable":true,"href":"https:\/\/sooditalulilled.ee\/en\/wp-json\/wp\/v2\/product_tag?post=5157"}],"curies":[{"name":"wp","href":"https:\/\/api.w.org\/{rel}","templated":true}]}}