{"id":5163,"date":"2026-01-10T21:06:36","date_gmt":"2026-01-10T21:06:36","guid":{"rendered":"https:\/\/sooditalulilled.ee\/?post_type=product&#038;p=5163"},"modified":"2026-02-27T16:35:53","modified_gmt":"2026-02-27T16:35:53","slug":"hiina-aster-appleblossom-saabumas","status":"publish","type":"product","link":"https:\/\/sooditalulilled.ee\/en\/product\/hiina-aster-appleblossom-saabumas\/","title":{"rendered":"Hiina Aster &#8216;Syringa Appleblossom&#8217;"},"content":{"rendered":"<p data-start=\"288\" data-end=\"642\">\u00d5rn ja harmooniline \u2013 <strong data-start=\"310\" data-end=\"348\">Hiina aster \u2018Syringa Appleblossom\u2019<\/strong> v\u00f5lub oma <strong data-start=\"359\" data-end=\"412\">pehme \u00f5un\u00f5ie-roosa ja \u00f5rna sirelililla varjundiga<\/strong>, mis loob aias ja vaasis romantilise ning rahuliku meeleolu. Selle sordi <strong data-start=\"486\" data-end=\"521\">suured, tihedalt kihilised \u00f5ied<\/strong> avanevad lopsakalt, pakkudes kaunist v\u00e4rvi- ja tekstuurim\u00e4ngu, mis sobib suurep\u00e4raselt nii peenrale kui ka l\u00f5ikelilleks.<\/p>\n<p data-start=\"644\" data-end=\"1039\">Taimel on <strong data-start=\"654\" data-end=\"682\">tugevad ja sirged varred<\/strong> ning head harunemise omadused, mist\u00f5ttu on <em data-start=\"726\" data-end=\"750\">\u2018Syringa Appleblossom\u2019<\/em> v\u00e4ga hinnatud <strong data-start=\"765\" data-end=\"778\">l\u00f5ikelill<\/strong>. \u00d5ied p\u00fcsivad vaasis kaua ning annavad kimpudele \u00f5rna, v\u00e4rskelt \u00f5itseva ilme, mis sobib eriti h\u00e4sti suvistesse ja romantilistesse lilleseadetesse. Peenral m\u00f5jub see sort rahulikult ja tasakaalukalt, sobitudes kaunilt nii pastelsete kui ka s\u00fcgavamate toonidega.<\/p>\n<p data-start=\"1041\" data-end=\"1173\">\u00d5rnus, tasakaal ja kvaliteet \u2013 <strong data-start=\"1072\" data-end=\"1098\">\u2018Syringa Appleblossom\u2019<\/strong> on hiina aster, mis toob igasse suvep\u00e4eva pehme \u00f5ieilu ja ajatu elegantsi.<\/p>\n<p>&nbsp;<\/p>\n<p><span style=\"text-decoration: underline;\">KASVATAMINE <em>(soovituslik)<\/em>:<\/span><\/p>\n<p>Ettekasvatus: k\u00fclva seemned 6-8 n\u00e4dalat enne \u00f5ue istutamist. Taimed istuta \u00f5ue, kui \u00f6\u00f6k\u00fclma oht on m\u00f6\u00f6das.<\/p>\n<p>\u00c4ra kata k\u00fclvi mullaga &#8211; seemned vajavad idanemiseks valgust. V\u00f5imalusel kata k\u00fclv \u00f5rna vermikuliidikihiga.<\/p>\n<p>T\u00e4iskasvanud astri taimed kannatavad kuni -6 kraadist k\u00fclma, kuid noortele taimedele v\u00f5ib \u00f6\u00f6k\u00fclm teha liiga ning kasv v\u00f5ib pidurduda.<\/p>\n<p>Latva ei ole vaja n\u00e4pistada &#8211; astrid hargnevad iseseisvalt.<\/p>\n<p>L\u00f5ika lilled vaasi panekuks, kui \u00f5ied on pooleldi avanenud. \u00d5ied ei kannata vihma &#8211; t\u00f5mbuvad pruuniks.<\/p>","protected":false},"excerpt":{"rendered":"<p class=\"lk7499ae_ProductDetail_productDetailLatinName\"><em>Callistephus chinensis<\/em><\/p>\n<p>Taime k\u00f5rgus: 60-70 cm<\/p>\n<p>Idanemine: 7-10 p\u00e4eva, 20-22C juures<\/p>\n<p>K\u00fclvist \u00f5itsemiseni: 110-120 p\u00e4eva<\/p>\n<p>Vaasiiga: 7-10 p\u00e4eva<\/p>","protected":false},"featured_media":5167,"template":"","meta":{"om_disable_all_campaigns":false,"_monsterinsights_skip_tracking":false,"_monsterinsights_sitenote_active":false,"_monsterinsights_sitenote_note":"","_monsterinsights_sitenote_category":0},"product_brand":[],"product_cat":[22],"product_tag":[103,25,23,151],"class_list":{"0":"post-5163","1":"product","2":"type-product","3":"status-publish","4":"has-post-thumbnail","6":"product_cat-hiina-astrid","7":"product_tag-appleblossom","8":"product_tag-aster","9":"product_tag-hiina-aster","10":"product_tag-syringa","12":"first","13":"outofstock","14":"shipping-taxable","15":"purchasable","16":"product-type-variable"},"aioseo_notices":[],"jetpack_sharing_enabled":true,"_links":{"self":[{"href":"https:\/\/sooditalulilled.ee\/en\/wp-json\/wp\/v2\/product\/5163","targetHints":{"allow":["GET"]}}],"collection":[{"href":"https:\/\/sooditalulilled.ee\/en\/wp-json\/wp\/v2\/product"}],"about":[{"href":"https:\/\/sooditalulilled.ee\/en\/wp-json\/wp\/v2\/types\/product"}],"wp:featuredmedia":[{"embeddable":true,"href":"https:\/\/sooditalulilled.ee\/en\/wp-json\/wp\/v2\/media\/5167"}],"wp:attachment":[{"href":"https:\/\/sooditalulilled.ee\/en\/wp-json\/wp\/v2\/media?parent=5163"}],"wp:term":[{"taxonomy":"product_brand","embeddable":true,"href":"https:\/\/sooditalulilled.ee\/en\/wp-json\/wp\/v2\/product_brand?post=5163"},{"taxonomy":"product_cat","embeddable":true,"href":"https:\/\/sooditalulilled.ee\/en\/wp-json\/wp\/v2\/product_cat?post=5163"},{"taxonomy":"product_tag","embeddable":true,"href":"https:\/\/sooditalulilled.ee\/en\/wp-json\/wp\/v2\/product_tag?post=5163"}],"curies":[{"name":"wp","href":"https:\/\/api.w.org\/{rel}","templated":true}]}}