{"id":5172,"date":"2026-01-10T21:22:18","date_gmt":"2026-01-10T21:22:18","guid":{"rendered":"https:\/\/sooditalulilled.ee\/?post_type=product&#038;p=5172"},"modified":"2026-03-01T19:46:29","modified_gmt":"2026-03-01T19:46:29","slug":"hiina-aster-trobador-lavender-saabumas","status":"publish","type":"product","link":"https:\/\/sooditalulilled.ee\/en\/product\/hiina-aster-trobador-lavender-saabumas\/","title":{"rendered":"Hiina Aster &#8216;Trobador Lavender&#8217;"},"content":{"rendered":"<p data-start=\"403\" data-end=\"710\">Rohke\u00f5ieline ja vastupidav \u2013 <strong data-start=\"432\" data-end=\"467\">Hiina aster \u2018Trobador Lavender\u2019<\/strong> on tuntud oma <strong data-start=\"482\" data-end=\"516\">pehme lavendlililla v\u00e4rvitooni<\/strong> ja erakordselt rikkaliku \u00f5itsemise poolest. Iga taim moodustab justkui <strong data-start=\"588\" data-end=\"605\">omaette kimbu<\/strong>, avades korraga <strong data-start=\"622\" data-end=\"667\">\u00fcle 30 v\u00e4iksema, 2,5\u20133 cm l\u00e4bim\u00f5\u00f5duga \u00f5ie<\/strong>, mis loovad \u00f5hulise ja loomuliku \u00fcldmulje.<\/p>\n<p data-start=\"712\" data-end=\"1002\"><em data-start=\"712\" data-end=\"722\">Trobador<\/em> sarjale iseloomulikult haruneb taim v\u00e4ga h\u00e4sti, moodustades rohkelt <strong data-start=\"791\" data-end=\"814\">teise j\u00e4rgu v\u00f5rseid<\/strong>, mis tagavad pika ja \u00fchtlase \u00f5itsemise. <strong data-start=\"855\" data-end=\"873\">Tugevad varred<\/strong> ja rohke \u00f5itemass teevad sellest suurep\u00e4rase <strong data-start=\"919\" data-end=\"933\">l\u00f5ikelille<\/strong>, eriti kimpudesse, kus hinnatakse loomulikku stiili.<\/p>\n<p data-start=\"1004\" data-end=\"1273\">\u00d5ied p\u00fcsivad vaasis <strong data-start=\"1024\" data-end=\"1039\">v\u00e4ga pikalt<\/strong>\u00a0ning sort on <strong data-start=\"1053\" data-end=\"1068\">vihmakindel<\/strong>, mis teeb <em data-start=\"1079\" data-end=\"1103\">\u2018Trobador Lavender\u2019ist<\/em> usaldusv\u00e4\u00e4rse valiku ka muutlikes suveilmades. Peenral m\u00f5jub see sort lopsakalt ja elavalt, sobides h\u00e4sti nii massistutusse kui ka t\u00e4ienduseks suure\u00f5ielistele sortidele.<\/p>\n<p data-start=\"1275\" data-end=\"1459\">Rikkalik \u00f5itsemine, vastupidavus ja pikk vaasikindlus \u2013 <strong data-start=\"1331\" data-end=\"1354\">\u2018Trobador Lavender\u2019<\/strong> on ideaalne hiina aster neile, kes otsivad <strong data-start=\"1398\" data-end=\"1458\">rohke\u00f5ielist, praktilist ja loodusliku ilmega l\u00f5ikelille<\/strong>.<\/p>\n<p>&nbsp;<\/p>\n<p><span style=\"text-decoration: underline;\">KASVATAMINE <em>(soovituslik)<\/em>:<\/span><\/p>\n<p>Ettekasvatus: k\u00fclva seemned 6-8 n\u00e4dalat enne \u00f5ue istutamist. Taimed istuta \u00f5ue, kui \u00f6\u00f6k\u00fclma oht on m\u00f6\u00f6das.<\/p>\n<p>\u00c4ra kata k\u00fclvi mullaga &#8211; seemned vajavad idanemiseks valgust. V\u00f5imalusel kata k\u00fclv \u00f5rna vermikuliidikihiga.<\/p>\n<p>T\u00e4iskasvanud astri taimed kannatavad kuni -6 kraadist k\u00fclma, kuid noortele taimedele v\u00f5ib \u00f6\u00f6k\u00fclm teha liiga ning kasv v\u00f5ib pidurduda.<\/p>\n<p>L\u00f5ika lilled vaasi panekuks, kui \u00f5ied on pooleldi avanenud.<\/p>","protected":false},"excerpt":{"rendered":"<p class=\"lk7499ae_ProductDetail_productDetailLatinName\"><em>Callistephus chinensis<\/em><\/p>\n<p>Taime k\u00f5rgus: 60-70 cm<\/p>\n<p>Idanemine: 7-10 p\u00e4eva, 20-22C juures<\/p>\n<p>K\u00fclvist \u00f5itsemiseni: 110-120 p\u00e4eva<\/p>\n<p>Vaasiiga: 7-10 p\u00e4eva<\/p>","protected":false},"featured_media":5175,"template":"","meta":{"om_disable_all_campaigns":false,"_monsterinsights_skip_tracking":false,"_monsterinsights_sitenote_active":false,"_monsterinsights_sitenote_note":"","_monsterinsights_sitenote_category":0},"product_brand":[],"product_cat":[22],"product_tag":[25,23,152],"class_list":{"0":"post-5172","1":"product","2":"type-product","3":"status-publish","4":"has-post-thumbnail","6":"product_cat-hiina-astrid","7":"product_tag-aster","8":"product_tag-hiina-aster","9":"product_tag-lavender","11":"first","12":"outofstock","13":"shipping-taxable","14":"purchasable","15":"product-type-variable"},"aioseo_notices":[],"jetpack_sharing_enabled":true,"_links":{"self":[{"href":"https:\/\/sooditalulilled.ee\/en\/wp-json\/wp\/v2\/product\/5172","targetHints":{"allow":["GET"]}}],"collection":[{"href":"https:\/\/sooditalulilled.ee\/en\/wp-json\/wp\/v2\/product"}],"about":[{"href":"https:\/\/sooditalulilled.ee\/en\/wp-json\/wp\/v2\/types\/product"}],"wp:featuredmedia":[{"embeddable":true,"href":"https:\/\/sooditalulilled.ee\/en\/wp-json\/wp\/v2\/media\/5175"}],"wp:attachment":[{"href":"https:\/\/sooditalulilled.ee\/en\/wp-json\/wp\/v2\/media?parent=5172"}],"wp:term":[{"taxonomy":"product_brand","embeddable":true,"href":"https:\/\/sooditalulilled.ee\/en\/wp-json\/wp\/v2\/product_brand?post=5172"},{"taxonomy":"product_cat","embeddable":true,"href":"https:\/\/sooditalulilled.ee\/en\/wp-json\/wp\/v2\/product_cat?post=5172"},{"taxonomy":"product_tag","embeddable":true,"href":"https:\/\/sooditalulilled.ee\/en\/wp-json\/wp\/v2\/product_tag?post=5172"}],"curies":[{"name":"wp","href":"https:\/\/api.w.org\/{rel}","templated":true}]}}