{"id":5176,"date":"2026-01-10T21:29:43","date_gmt":"2026-01-10T21:29:43","guid":{"rendered":"https:\/\/sooditalulilled.ee\/?post_type=product&#038;p=5176"},"modified":"2026-03-14T08:29:53","modified_gmt":"2026-03-14T08:29:53","slug":"itaalia-kukeleib-red-jewel-saabumas","status":"publish","type":"product","link":"https:\/\/sooditalulilled.ee\/en\/product\/itaalia-kukeleib-red-jewel-saabumas\/","title":{"rendered":"Itaalia kukeleib &#8216;Red Jewel&#8217;"},"content":{"rendered":"<p data-start=\"197\" data-end=\"495\">Efektne ja iseloomuga \u2013 <strong data-start=\"221\" data-end=\"253\">Itaalia kukeleib \u2018Red Jewel\u2019<\/strong> on silmapaistev dekoratiivne k\u00f5rreline, mida hinnatakse tema <strong data-start=\"314\" data-end=\"399\">s\u00fcgavpunaste kuni veinitooniliste, tihedate ja \u201erebase-saba\u201c meenutavate \u00f5isikute<\/strong> poolest. Taim lisab peenrale ja lilleseadetesse tugevat struktuuri, liikumist ja v\u00e4rvis\u00fcgavust.<\/p>\n<p data-start=\"497\" data-end=\"788\">P\u00fcstise ja tugeva kasvukujuga <em data-start=\"527\" data-end=\"540\">\u2018Red Jewel\u2019<\/em> sobib suurep\u00e4raselt nii <strong data-start=\"565\" data-end=\"581\">l\u00f5ikelilleks<\/strong> kui ka <strong data-start=\"589\" data-end=\"606\">kuivatamiseks<\/strong>, s\u00e4ilitades oma v\u00e4rvi ja vormi ka p\u00e4rast kuivamist. Aias loob see sort loomuliku ja modernse ilme, sobitudes h\u00e4sti nii suvelillede, k\u00f5rreliste kui ka loodusl\u00e4hedaste istutusaladega.<\/p>\n<p data-start=\"790\" data-end=\"1034\">Kiire kasv ja hea vastupidavus teevad <em data-start=\"828\" data-end=\"849\">Itaalia kukeleivast<\/em> t\u00e4nuv\u00e4\u00e4rse taime nii algajale kui ka kogenud aednikule. <em data-start=\"906\" data-end=\"919\">\u2018Red Jewel\u2019<\/em> on suurep\u00e4rane valik neile, kes otsivad <strong data-start=\"960\" data-end=\"983\">julget aktsenttaime<\/strong>, mis m\u00f5jub sama h\u00e4sti nii peenral kui ka kimpudes.<\/p>","protected":false},"excerpt":{"rendered":"<p><em>Setaria italica<\/em><\/p>\n<p>Taime k\u00f5rgus: 100-120 cm<\/p>\n<p>Idanemine: 7-10 p\u00e4eva, 21-23C juures<\/p>\n<p>K\u00fclvist valmimiseni: 60-70 p\u00e4eva<\/p>","protected":false},"featured_media":5179,"template":"","meta":{"om_disable_all_campaigns":false,"_monsterinsights_skip_tracking":false,"_monsterinsights_sitenote_active":false,"_monsterinsights_sitenote_note":"","_monsterinsights_sitenote_category":0},"product_brand":[],"product_cat":[106],"product_tag":[],"class_list":{"0":"post-5176","1":"product","2":"type-product","3":"status-publish","4":"has-post-thumbnail","6":"product_cat-korrelised","8":"first","9":"instock","10":"shipping-taxable","11":"purchasable","12":"product-type-variable"},"aioseo_notices":[],"jetpack_sharing_enabled":true,"_links":{"self":[{"href":"https:\/\/sooditalulilled.ee\/en\/wp-json\/wp\/v2\/product\/5176","targetHints":{"allow":["GET"]}}],"collection":[{"href":"https:\/\/sooditalulilled.ee\/en\/wp-json\/wp\/v2\/product"}],"about":[{"href":"https:\/\/sooditalulilled.ee\/en\/wp-json\/wp\/v2\/types\/product"}],"wp:featuredmedia":[{"embeddable":true,"href":"https:\/\/sooditalulilled.ee\/en\/wp-json\/wp\/v2\/media\/5179"}],"wp:attachment":[{"href":"https:\/\/sooditalulilled.ee\/en\/wp-json\/wp\/v2\/media?parent=5176"}],"wp:term":[{"taxonomy":"product_brand","embeddable":true,"href":"https:\/\/sooditalulilled.ee\/en\/wp-json\/wp\/v2\/product_brand?post=5176"},{"taxonomy":"product_cat","embeddable":true,"href":"https:\/\/sooditalulilled.ee\/en\/wp-json\/wp\/v2\/product_cat?post=5176"},{"taxonomy":"product_tag","embeddable":true,"href":"https:\/\/sooditalulilled.ee\/en\/wp-json\/wp\/v2\/product_tag?post=5176"}],"curies":[{"name":"wp","href":"https:\/\/api.w.org\/{rel}","templated":true}]}}