{"id":5565,"date":"2026-01-15T20:07:08","date_gmt":"2026-01-15T20:07:08","guid":{"rendered":"https:\/\/sooditalulilled.ee\/?post_type=product&#038;p=5565"},"modified":"2026-03-29T10:47:09","modified_gmt":"2026-03-29T10:47:09","slug":"kaaruline-parkjuur-qis-pale-blue-saabumas-jaanuaris","status":"publish","type":"product","link":"https:\/\/sooditalulilled.ee\/en\/product\/kaaruline-parkjuur-qis-pale-blue-saabumas-jaanuaris\/","title":{"rendered":"K\u00e4\u00e4ruline parkjuur &#8216;QIS Pale Blue&#8217;"},"content":{"rendered":"<p data-start=\"50\" data-end=\"318\"><strong data-start=\"50\" data-end=\"106\">K\u00e4\u00e4ruline parkjuur \u2018QIS Pale Blue\u2019 (Limonium sinuatum) <\/strong>on vaoshoitud elegantsi kehastus \u2013 tema \u00f5rnad, lainelised \u00f5iekesed helgivad pehme, udusinisena nagu varahommikune udu mere kohal. See toon on rahulik ja klassikaline, justkui kaugus, milles on ilu ja igatsust.<\/p>\n<p data-start=\"266\" data-end=\"530\">\u2018QIS Pale Blue\u2019 paistab silma oma tugeva kasvu, \u00fchtlase \u00f5itsemise ja suurep\u00e4rase l\u00f5ikelillekvaliteediga. Tugevad varred hoiavad \u00f5isi h\u00e4sti, mist\u00f5ttu sobib sort nii v\u00e4rskesse kimpu kui kuivlilledeks \u2013 tema hele sinakas varjund j\u00e4\u00e4b kuivatatultki puhtaks ja selgeks.<\/p>\n<p data-start=\"532\" data-end=\"807\">Aias loob see parkjuur rahuliku ja \u00f5hulise meeleolu, t\u00e4iustades suurep\u00e4raselt nii valgete kui lavendlitoonide k\u00f5rval istutusi. Kimpudes lisab \u2018QIS Pale Blue\u2019 tasakaalu ja karget rahu, olles ideaalne aktsent neile, kes hindavad peent v\u00e4rvide koosk\u00f5la ja looduslikku tunnetust.<\/p>\n<p data-start=\"809\" data-end=\"939\" data-is-last-node=\"\" data-is-only-node=\"\">\u00d5rnus, vastupidavus ja ajatult kaunis v\u00e4rv \u2013 \u2018QIS Pale Blue\u2019 on parkjuur, mis ei p\u00fc\u00fca t\u00e4helepanu valjult, kuid j\u00e4\u00e4b meelde kauaks.<\/p>\n<p>&nbsp;<\/p>\n<p><span style=\"text-decoration: underline;\">KASVATAMINE\u00a0<em>(soovituslik)<\/em>:<\/span><\/p>\n<p>Ettekasvatus: K\u00fclva seemned 4-6 n\u00e4dalat enne \u00f5ue istutamist. Kui seemned on idanenud, kasvata seemikuid ~16-kraadisesse ruumis, et taim kasvataks tugevad juured. Istuta taimed \u00f5ue, kui \u00f6\u00f6k\u00fclmaoht on m\u00f6\u00f6dunud.<\/p>\n<p>\u00c4ra kata k\u00fclvi mullaga \u2013 seemned vajavad idanemiseks valgust. V\u00f5imalusel kata k\u00fclv \u00f5rnalt vermikuliidiga.<\/p>\n<p>L\u00f5ike vaasi panekuks v\u00f5i kuivatamiseks siis, kui peaaegu k\u00f5ik \u00f5ied varrel on avanenud.<\/p>","protected":false},"excerpt":{"rendered":"<p class=\"lk7499ae_ProductDetail_productDetailLatinName\"><em>Limonium sinuatum<\/em><\/p>\n<p>Taime k\u00f5rgus: 50-75 cm<\/p>\n<p>Idanemine: 4-8 p\u00e4eva, 18-22C juures<\/p>\n<p>K\u00fclvist \u00f5itsemiseni: 110-120 p\u00e4eva<\/p>\n<p>Vaasiiga: 7-14 p\u00e4eva<\/p>","protected":false},"featured_media":5569,"template":"","meta":{"om_disable_all_campaigns":false,"_monsterinsights_skip_tracking":false,"_monsterinsights_sitenote_active":false,"_monsterinsights_sitenote_note":"","_monsterinsights_sitenote_category":0},"product_brand":[],"product_cat":[107,47],"product_tag":[],"class_list":{"0":"post-5565","1":"product","2":"type-product","3":"status-publish","4":"has-post-thumbnail","6":"product_cat-kuivkimbulilled","7":"product_cat-parkjuured","9":"first","10":"instock","11":"shipping-taxable","12":"purchasable","13":"product-type-variable"},"aioseo_notices":[],"jetpack_sharing_enabled":true,"_links":{"self":[{"href":"https:\/\/sooditalulilled.ee\/en\/wp-json\/wp\/v2\/product\/5565","targetHints":{"allow":["GET"]}}],"collection":[{"href":"https:\/\/sooditalulilled.ee\/en\/wp-json\/wp\/v2\/product"}],"about":[{"href":"https:\/\/sooditalulilled.ee\/en\/wp-json\/wp\/v2\/types\/product"}],"wp:featuredmedia":[{"embeddable":true,"href":"https:\/\/sooditalulilled.ee\/en\/wp-json\/wp\/v2\/media\/5569"}],"wp:attachment":[{"href":"https:\/\/sooditalulilled.ee\/en\/wp-json\/wp\/v2\/media?parent=5565"}],"wp:term":[{"taxonomy":"product_brand","embeddable":true,"href":"https:\/\/sooditalulilled.ee\/en\/wp-json\/wp\/v2\/product_brand?post=5565"},{"taxonomy":"product_cat","embeddable":true,"href":"https:\/\/sooditalulilled.ee\/en\/wp-json\/wp\/v2\/product_cat?post=5565"},{"taxonomy":"product_tag","embeddable":true,"href":"https:\/\/sooditalulilled.ee\/en\/wp-json\/wp\/v2\/product_tag?post=5565"}],"curies":[{"name":"wp","href":"https:\/\/api.w.org\/{rel}","templated":true}]}}