{"id":5581,"date":"2026-01-15T20:29:27","date_gmt":"2026-01-15T20:29:27","guid":{"rendered":"https:\/\/sooditalulilled.ee\/?post_type=product&#038;p=5581"},"modified":"2026-04-04T13:39:08","modified_gmt":"2026-04-04T13:39:08","slug":"kare-sinisarikas-lace-pink-saabumas-jaanuaris","status":"publish","type":"product","link":"https:\/\/sooditalulilled.ee\/en\/product\/kare-sinisarikas-lace-pink-saabumas-jaanuaris\/","title":{"rendered":"Kare sinisarikas &#8216;Lacy Pink&#8217;"},"content":{"rendered":"<p data-start=\"0\" data-end=\"272\"><strong>Kare sinisarikas \u2018Lacy Pink\u2019<\/strong>\u00a0on nagu pitsiline unistus \u2013 tema ime\u00f5rnad roosad \u00f5iekobarad h\u00f5ljuvad varte kohal justkui v\u00e4ikesed udused pilved. V\u00e4rv on hele ja habras, \u00f5rna vintage-roosa varjundiga, mis toob aeda v\u00f5i kimpu erilise romantilise puudutuse.<\/p>\n<p data-start=\"274\" data-end=\"535\">\u2018Lacy Pink\u2019 v\u00f5lub oma peente, korrap\u00e4raste \u00f5itega, mis koonduvad graatsilisteks kerakujulisteks \u00f5isikuteks. Taimel on kerge, \u00f5huline kasv ja tugev vars, mis teeb sellest v\u00e4ga armastatud l\u00f5ikelille \u2013 lisades igale seadele kerget elegantsi ja looduslikku pehmust.<\/p>\n<p data-start=\"537\" data-end=\"807\">Aias m\u00f5jub see sort justkui pastelltoonides pintslit\u00f5mme \u2013 sobitudes h\u00e4sti lavendlite, valgete ja heleroosade \u00f5itega. Tema kuju ja tekstuur toovad kompositsioonidesse nii struktuuri kui kergust, olles ideaalne partner nii klassikalistele kui metsikuma joonega lilledele.<\/p>\n<p data-start=\"809\" data-end=\"1034\" data-is-last-node=\"\" data-is-only-node=\"\">\u2018Lacy Pink\u2019 on taim, mis ei tr\u00fcgi esile, vaid loob oma kohaloluga harmooniat. See on \u00f5is neile, kes hindavad peensust, vaikseid toone ja \u00f5hulist ilu \u2013 pilkup\u00fc\u00fcdev oma tagasihoidlikkuses, ning alati kaunis nii aias kui vaasis.<\/p>","protected":false},"excerpt":{"rendered":"<p class=\"lk7499ae_ProductDetail_productDetailLatinName\"><em>Didiscus caeruleus<\/em><\/p>\n<p>Taime k\u00f5rgus: 60-90 cm<\/p>\n<p>Idanemine: 14-21 p\u00e4eva, 21-22C juures<\/p>\n<p>K\u00fclvist \u00f5itsemiseni: 100-110 p\u00e4eva<\/p>\n<p>Vaasiiga: ~7 p\u00e4eva<\/p>","protected":false},"featured_media":5586,"template":"","meta":{"om_disable_all_campaigns":false,"_monsterinsights_skip_tracking":false,"_monsterinsights_sitenote_active":false,"_monsterinsights_sitenote_note":"","_monsterinsights_sitenote_category":0},"product_brand":[],"product_cat":[18],"product_tag":[],"class_list":{"0":"post-5581","1":"product","2":"type-product","3":"status-publish","4":"has-post-thumbnail","6":"product_cat-muud-seemned","8":"first","9":"instock","10":"shipping-taxable","11":"purchasable","12":"product-type-variable"},"aioseo_notices":[],"jetpack_sharing_enabled":true,"_links":{"self":[{"href":"https:\/\/sooditalulilled.ee\/en\/wp-json\/wp\/v2\/product\/5581","targetHints":{"allow":["GET"]}}],"collection":[{"href":"https:\/\/sooditalulilled.ee\/en\/wp-json\/wp\/v2\/product"}],"about":[{"href":"https:\/\/sooditalulilled.ee\/en\/wp-json\/wp\/v2\/types\/product"}],"wp:featuredmedia":[{"embeddable":true,"href":"https:\/\/sooditalulilled.ee\/en\/wp-json\/wp\/v2\/media\/5586"}],"wp:attachment":[{"href":"https:\/\/sooditalulilled.ee\/en\/wp-json\/wp\/v2\/media?parent=5581"}],"wp:term":[{"taxonomy":"product_brand","embeddable":true,"href":"https:\/\/sooditalulilled.ee\/en\/wp-json\/wp\/v2\/product_brand?post=5581"},{"taxonomy":"product_cat","embeddable":true,"href":"https:\/\/sooditalulilled.ee\/en\/wp-json\/wp\/v2\/product_cat?post=5581"},{"taxonomy":"product_tag","embeddable":true,"href":"https:\/\/sooditalulilled.ee\/en\/wp-json\/wp\/v2\/product_tag?post=5581"}],"curies":[{"name":"wp","href":"https:\/\/api.w.org\/{rel}","templated":true}]}}