{"id":5595,"date":"2026-01-16T16:19:37","date_gmt":"2026-01-16T16:19:37","guid":{"rendered":"https:\/\/sooditalulilled.ee\/?post_type=product&#038;p=5595"},"modified":"2026-03-23T19:28:17","modified_gmt":"2026-03-23T19:28:17","slug":"hiina-aster-lady-coral-golden","status":"publish","type":"product","link":"https:\/\/sooditalulilled.ee\/en\/product\/hiina-aster-lady-coral-golden\/","title":{"rendered":"Hiina Aster &#8216;Lady Coral Golden&#8217;"},"content":{"rendered":"<p data-start=\"132\" data-end=\"437\">Hiina aster <strong data-start=\"144\" data-end=\"167\">\u2018Lady Coral Golden\u2019<\/strong> (<em data-start=\"169\" data-end=\"193\">Callistephus chinensis<\/em>) on s\u00e4ravalt soe ja kuldse tooniga sort, mis avab oma \u00f5ied suure ja t\u00e4idlase kroonlehestikuga \u2013 justkui suvep\u00e4ikese soe puudutus t\u00e4ies \u00f5ies. Iga \u00f5is kumab rikkalikult kuldkollases varjundis, tuues peenrale v\u00f5i kimpudesse elu, valgust ja r\u00f5\u00f5mu.<\/p>\n<p data-start=\"439\" data-end=\"659\">\u2018Lady Coral Golden\u2019 varred on tugevad, h\u00e4sti harunevad ja \u00f5ied l\u00e4bim\u00f5\u00f5duga ligikaudu 10\u201312 cm, sobitudes suurep\u00e4raselt l\u00f5ikelilleks. Ta kestab vaasis kaua, s\u00e4ilitades oma s\u00fcgava kollase s\u00e4ra ja tiheda, korrastatud vormi.<\/p>\n<p data-start=\"661\" data-end=\"849\">Peenral toob ta soojust ja k\u00fcllust, sobides kauni kuldse aktsendina teiste pastelsete v\u00f5i kontrastsete toonide sekka. Tema soe v\u00e4rv loob tasakaalu ja p\u00e4ikeselist energiat igasse istutusse.<\/p>\n<p data-start=\"851\" data-end=\"1000\">K\u00fclluslik, s\u00e4rav ja eluj\u00f5uline \u2013 <strong data-start=\"884\" data-end=\"907\">\u2018Lady Coral Golden\u2019<\/strong> on aster, mis lisab suveaeda v\u00f5i kimbule p\u00e4ikest ja soojust nii visuaalselt kui meeleliselt.<\/p>\n<p>&nbsp;<\/p>\n<p><span style=\"text-decoration: underline;\">KASVATAMINE <em>(soovituslik)<\/em>:<\/span><\/p>\n<p>Ettekasvatus: k\u00fclva seemned 6-8 n\u00e4dalat enne \u00f5ue istutamist. Taimed istuta \u00f5ue, kui \u00f6\u00f6k\u00fclma oht on m\u00f6\u00f6das.<\/p>\n<p>\u00c4ra kata k\u00fclvi mullaga &#8211; seemned vajavad idanemiseks valgust. V\u00f5imalusel kata k\u00fclv \u00f5rna vermikuliidikihiga.<\/p>\n<p>T\u00e4iskasvanud astri taimed kannatavad kuni -6 kraadist k\u00fclma, kuid noortele taimedele v\u00f5ib \u00f6\u00f6k\u00fclm teha liiga ning kasv v\u00f5ib pidurduda.<\/p>\n<p>Latva ei ole vaja n\u00e4pistada &#8211; astrid hargnevad iseseisvalt.<\/p>\n<p>L\u00f5ika lilled vaasi panekuks, kui \u00f5ied on pooleldi avanenud. \u00d5ied ei kannata vihma &#8211; t\u00f5mbuvad pruuniks.<\/p>","protected":false},"excerpt":{"rendered":"<p class=\"lk7499ae_ProductDetail_productDetailLatinName\"><em>Callistephus chinensis<\/em><\/p>\n<p>Taime k\u00f5rgus: 60-80 cm<\/p>\n<p>Idanemine: 7-10 p\u00e4eva, 20-22C juures<\/p>\n<p>K\u00fclvist \u00f5itsemiseni: 110-120 p\u00e4eva<\/p>\n<p>Vaasiiga: 7-10 p\u00e4eva<\/p>","protected":false},"featured_media":5599,"template":"","meta":{"om_disable_all_campaigns":false,"_monsterinsights_skip_tracking":false,"_monsterinsights_sitenote_active":false,"_monsterinsights_sitenote_note":"","_monsterinsights_sitenote_category":0},"product_brand":[],"product_cat":[22],"product_tag":[25,23],"class_list":{"0":"post-5595","1":"product","2":"type-product","3":"status-publish","4":"has-post-thumbnail","6":"product_cat-hiina-astrid","7":"product_tag-aster","8":"product_tag-hiina-aster","10":"first","11":"outofstock","12":"shipping-taxable","13":"purchasable","14":"product-type-variable"},"aioseo_notices":[],"jetpack_sharing_enabled":true,"_links":{"self":[{"href":"https:\/\/sooditalulilled.ee\/en\/wp-json\/wp\/v2\/product\/5595","targetHints":{"allow":["GET"]}}],"collection":[{"href":"https:\/\/sooditalulilled.ee\/en\/wp-json\/wp\/v2\/product"}],"about":[{"href":"https:\/\/sooditalulilled.ee\/en\/wp-json\/wp\/v2\/types\/product"}],"wp:featuredmedia":[{"embeddable":true,"href":"https:\/\/sooditalulilled.ee\/en\/wp-json\/wp\/v2\/media\/5599"}],"wp:attachment":[{"href":"https:\/\/sooditalulilled.ee\/en\/wp-json\/wp\/v2\/media?parent=5595"}],"wp:term":[{"taxonomy":"product_brand","embeddable":true,"href":"https:\/\/sooditalulilled.ee\/en\/wp-json\/wp\/v2\/product_brand?post=5595"},{"taxonomy":"product_cat","embeddable":true,"href":"https:\/\/sooditalulilled.ee\/en\/wp-json\/wp\/v2\/product_cat?post=5595"},{"taxonomy":"product_tag","embeddable":true,"href":"https:\/\/sooditalulilled.ee\/en\/wp-json\/wp\/v2\/product_tag?post=5595"}],"curies":[{"name":"wp","href":"https:\/\/api.w.org\/{rel}","templated":true}]}}