{"id":5605,"date":"2026-01-16T19:20:50","date_gmt":"2026-01-16T19:20:50","guid":{"rendered":"https:\/\/sooditalulilled.ee\/?post_type=product&#038;p=5605"},"modified":"2026-03-27T14:21:18","modified_gmt":"2026-03-27T14:21:18","slug":"aed-varesjalg-misty-lavender-saabumas-jaanuaris","status":"publish","type":"product","link":"https:\/\/sooditalulilled.ee\/en\/product\/aed-varesjalg-misty-lavender-saabumas-jaanuaris\/","title":{"rendered":"Aed-varesjalg &#8216;Misty Lavender&#8217;"},"content":{"rendered":"<p data-start=\"138\" data-end=\"446\"><strong data-start=\"138\" data-end=\"172\">Aed-varesjalg \u2018Misty Lavender\u2019<\/strong> (<em data-start=\"174\" data-end=\"196\">Delphinium consolida<\/em>) on lummavalt pehme ja uduvinekarva suvelill, mille saledatel vartel helendavad lavendlilillad \u00f5ied loovad peenras justkui rahuliku lavendripilve. Tema toon on \u00f5rn ja tasakaalukas \u2013 hele, veidi jahe, kuid samas pilkup\u00fc\u00fcdev oma vaoshoitud elegantsis.<\/p>\n<p data-start=\"448\" data-end=\"717\">\u2018Misty Lavender\u2019 kuulub \u00fcheaastaste aed-varesjalgade hulka, olles kergelt pitsilise lehestiku ja sirge kasvuga. Ta sobib h\u00e4sti peenrasse k\u00f5rgust andma v\u00f5i looduslikku liikumist looma. Taim \u00f5itseb suvel ja meelitab oma kerge v\u00e4rvigammaga ligi nii pilke kui tolmeldajaid.<\/p>\n<p data-start=\"719\" data-end=\"966\">Kimpudes lisab ta struktuuri ja liikumist, sobitudes h\u00e4sti pastelltoonide, valgete ja s\u00fcgavamate v\u00e4rvidega. Tema piklik kuju ja \u00f5huline olek muudavad ta v\u00e4\u00e4rtuslikuks t\u00e4ienduseks romantilistes, metsikult looduslikes v\u00f5i boho-stiilis lilleseadetes.<\/p>\n<p data-start=\"719\" data-end=\"966\">Sobib ideaalselt ka kuivlilleks, s\u00e4ilitades oma v\u00e4rvi!<\/p>\n<p data-start=\"968\" data-end=\"1163\" data-is-last-node=\"\" data-is-only-node=\"\"><strong data-start=\"968\" data-end=\"988\">\u2018Misty Lavender\u2019<\/strong> on sort neile, kes otsivad peenust ja tasakaalu \u2013 see on taim, mis ei t\u00f5tta esile, vaid loob \u00fcmberringi rahuliku ja unen\u00e4olise atmosf\u00e4\u00e4ri. Helge, elegantne ja alati nauditav.<\/p>\n<p>&nbsp;<\/p>\n<p><strong>KASVATAMINE<em>\u00a0(soovituslik)<\/em>:<\/strong><\/p>\n<p>Enne k\u00fclvi: soovituslik on hoida seemneid 10-14 p\u00e4eva enne k\u00fclvamist s\u00fcgavk\u00fclmas. See aitab seemnetel paremini ja kiiremini idaneda.<\/p>\n<p>Ettekasvatus: k\u00fclva toas 6-8 n\u00e4dalat enne \u00f5ue istutamist. Taimed v\u00f5ib \u00f5ue istutada juba samuti 6-8 n\u00e4dalat enne viimaseid \u00f6\u00f6k\u00fclmi eeldusel, et taimed on eelnevalt karastatud v\u00f5i kasvanud jahedas keskkonnas, n\u00e4iteks k\u00fclmas kasvuhoones. Kogu ettekasvatuse aja on soovituslik taimi kasvatada jahedamas keskkonnas, parim on selleks ~ 13-kraadine temperatuur.<\/p>\n<p>Otsek\u00fclv (soovituslik!): k\u00fclva otse peenrasse kevadel, kui mul on sulanud v\u00f5i s\u00fcgisel enne \u00f6\u00f6k\u00fclmi. Idaneb k\u00f5ige paremini 13-kraadises mullas.<\/p>\n<p>\u00d5ige aeg \u00f5ie l\u00f5ikamiseks on, kui umbes 1\/3 \u00f5iepungadest on avanenud.<\/p>\n<p>&nbsp;<\/p>\n<p>Sobib ideaalselt ka kuivatamiseks! Selleks oota, et enamus \u00f5iepungi oleks avanenud, korja \u00f5ied ning riputa kuiva, pimedasse kohta kuivama ca 2 n\u00e4dalaks.<\/p>","protected":false},"excerpt":{"rendered":"<p data-start=\"1063\" data-end=\"1271\" data-is-last-node=\"\" data-is-only-node=\"\"><em>Delphinium consolida<\/em><\/p>\n<p>Taime k\u00f5rgus: 80-120 cm<\/p>\n<p>Idanemine: 14-21 p\u00e4eva, 10-18C juures<\/p>\n<p>K\u00fclvist \u00f5itsemiseni: 110-120 p\u00e4eva<\/p>\n<p>Vaasiiga: 5-7 p\u00e4eva<\/p>","protected":false},"featured_media":5608,"template":"","meta":{"om_disable_all_campaigns":false,"_monsterinsights_skip_tracking":false,"_monsterinsights_sitenote_active":false,"_monsterinsights_sitenote_note":"","_monsterinsights_sitenote_category":0},"product_brand":[],"product_cat":[135],"product_tag":[],"class_list":{"0":"post-5605","1":"product","2":"type-product","3":"status-publish","4":"has-post-thumbnail","6":"product_cat-aed-varesjalad","8":"first","9":"instock","10":"shipping-taxable","11":"purchasable","12":"product-type-variable"},"aioseo_notices":[],"jetpack_sharing_enabled":true,"_links":{"self":[{"href":"https:\/\/sooditalulilled.ee\/en\/wp-json\/wp\/v2\/product\/5605","targetHints":{"allow":["GET"]}}],"collection":[{"href":"https:\/\/sooditalulilled.ee\/en\/wp-json\/wp\/v2\/product"}],"about":[{"href":"https:\/\/sooditalulilled.ee\/en\/wp-json\/wp\/v2\/types\/product"}],"wp:featuredmedia":[{"embeddable":true,"href":"https:\/\/sooditalulilled.ee\/en\/wp-json\/wp\/v2\/media\/5608"}],"wp:attachment":[{"href":"https:\/\/sooditalulilled.ee\/en\/wp-json\/wp\/v2\/media?parent=5605"}],"wp:term":[{"taxonomy":"product_brand","embeddable":true,"href":"https:\/\/sooditalulilled.ee\/en\/wp-json\/wp\/v2\/product_brand?post=5605"},{"taxonomy":"product_cat","embeddable":true,"href":"https:\/\/sooditalulilled.ee\/en\/wp-json\/wp\/v2\/product_cat?post=5605"},{"taxonomy":"product_tag","embeddable":true,"href":"https:\/\/sooditalulilled.ee\/en\/wp-json\/wp\/v2\/product_tag?post=5605"}],"curies":[{"name":"wp","href":"https:\/\/api.w.org\/{rel}","templated":true}]}}