{"id":5614,"date":"2026-01-16T19:34:16","date_gmt":"2026-01-16T19:34:16","guid":{"rendered":"https:\/\/sooditalulilled.ee\/?post_type=product&#038;p=5614"},"modified":"2026-03-22T06:03:07","modified_gmt":"2026-03-22T06:03:07","slug":"levkoi-katz-light-lavender","status":"publish","type":"product","link":"https:\/\/sooditalulilled.ee\/en\/product\/levkoi-katz-light-lavender\/","title":{"rendered":"Levkoi &#8216;Katz Light Lavender&#8217;"},"content":{"rendered":"<div class=\"flex flex-col text-sm\">\n<article class=\"text-token-text-primary w-full focus:outline-none [--shadow-height:45px] has-data-writing-block:pointer-events-none has-data-writing-block:-mt-(--shadow-height) has-data-writing-block:pt-(--shadow-height) [&amp;:has([data-writing-block])&gt;*]:pointer-events-auto scroll-mt-[calc(var(--header-height)+min(200px,max(70px,20svh)))]\" dir=\"auto\" tabindex=\"-1\" data-turn-id=\"request-69692549-8e1c-8326-bebf-876fa3177e7c-13\" data-testid=\"conversation-turn-30\" data-scroll-anchor=\"true\" data-turn=\"assistant\">\n<div class=\"text-base my-auto mx-auto pb-10 [--thread-content-margin:--spacing(4)] @w-sm\/main:[--thread-content-margin:--spacing(6)] @w-lg\/main:[--thread-content-margin:--spacing(16)] px-(--thread-content-margin)\">\n<div class=\"[--thread-content-max-width:40rem] @w-lg\/main:[--thread-content-max-width:48rem] mx-auto max-w-(--thread-content-max-width) flex-1 group\/turn-messages focus-visible:outline-hidden relative flex w-full min-w-0 flex-col agent-turn\" tabindex=\"-1\">\n<div class=\"flex max-w-full flex-col grow\">\n<div class=\"min-h-8 text-message relative flex w-full flex-col items-end gap-2 text-start break-words whitespace-normal [.text-message+&amp;]:mt-1\" dir=\"auto\" data-message-author-role=\"assistant\" data-message-id=\"9cd0de7f-130f-4d90-b071-222c1012bcfd\" data-message-model-slug=\"gpt-4o\">\n<div class=\"flex w-full flex-col gap-1 empty:hidden first:pt-[1px]\">\n<div class=\"markdown prose dark:prose-invert w-full break-words light markdown-new-styling\">\n<p data-start=\"114\" data-end=\"382\"><strong data-start=\"114\" data-end=\"146\">Levkoi \u2018Katz Light Lavender\u2019<\/strong> (<em data-start=\"148\" data-end=\"166\">Matthiola incana<\/em>) on kui suvine rahutooja \u2013 tema t\u00e4idlased, \u00f5rnalt l\u00f5hnavad \u00f5ied avanevad pehme lavendlililla tooniga, mis m\u00f5jub rahustavalt ja elegantselt. See v\u00e4rvitoon on nagu kerge udu kevadisel hommikul \u2013 delikaatne, ent m\u00f5juv.<\/p>\n<p data-start=\"384\" data-end=\"687\">\u2018Katz Light Lavender\u2019 kuulub varavalmivate levkoide sarja, mille tugevad varred ja kompaktsed taimed kannavad tihedaid \u00f5iekobaraid. \u00d5ied on kaunilt t\u00e4idetud ning levitavad meeldivat aroomi, mis teeb selle sordi suurep\u00e4raseks nii peenras kui vaasis \u2013 ideaalne l\u00f5ikelill, mis p\u00fcsib kaua ja hoiab oma kuju.<\/p>\n<p data-start=\"689\" data-end=\"895\">Peenral m\u00f5jub ta rahulikult ja pehmelt, sobitudes imeh\u00e4sti valgete, roosade v\u00f5i sinakate suvelillede k\u00f5rvale. Tema lavendlitoon loob tasakaalu ja s\u00fcgavust, tuues istutusse rahuliku ja viimistletud meeleolu.<\/p>\n<p data-start=\"897\" data-end=\"1079\">Kimpudes annab <strong data-start=\"912\" data-end=\"937\">\u2018Katz Light Lavender\u2019<\/strong> lillekompositsioonile \u00f5hulist mahedust ja klassikalist v\u00f5lu, olles ideaalne valik romantilisteks seadeteks v\u00f5i loodusl\u00e4hedasteks bukettideks.<\/p>\n<p data-start=\"1081\" data-end=\"1212\" data-is-last-node=\"\" data-is-only-node=\"\">Lavendlililla ilu, l\u00f5hn ja vastupidavus \u00fches \u2013 see on levkoi, mis \u00fchendab meelelise pehmuse ja visuaalse kerguse kauniks tervikuks.<\/p>\n<\/div>\n<\/div>\n<\/div>\n<\/div>\n<\/div>\n<\/div>\n<\/article>\n<\/div>\n<p>&nbsp;<\/p>\n<p><span style=\"text-decoration: underline;\">KASVATAMINE<em> (soovituslik)<\/em>:<\/span><\/p>\n<p>Ettekasvatus: K\u00fclva seemned toas 4-5 n\u00e4dalat enne \u00f5ue istutamist. Taimed v\u00f5ib \u00f5ue istutada juba enne viimaseid \u00f6\u00f6k\u00fclmi \u2013 taluvad m\u00f5ningaid miinuskraade. Suuremate k\u00fclmade korral kata kattelooriga.<\/p>\n<p>\u00c4ra kata k\u00fclvi mullaga \u2013 seemned vajavad idanemiseks valgust. V\u00f5imalusel puista k\u00fclvile \u00f5rnalt vermikuliiti.<\/p>\n<p>\u00c4ra taime latva n\u00e4pista &#8211; levkoi kasvatab vaid \u00fche \u00f5ievarre.<\/p>\n<p>Vaasi panekuks l\u00f5ika levkoi, kui 2\/3 \u00f5itest on avanenud.<\/p>","protected":false},"excerpt":{"rendered":"<p class=\"lk7499ae_ProductDetail_productDetailLatinName\"><em>Matthiola incana<\/em><\/p>\n<p>Taime k\u00f5rgus: 60-80 cm<\/p>\n<p>Idanemine: 4-12 p\u00e4eva, 18-22\u00b0C juures<\/p>\n<p>K\u00fclvist \u00f5itsemiseni: 90-100 p\u00e4eva<\/p>\n<p>Vaasiiga: 5-10 p\u00e4eva<\/p>","protected":false},"featured_media":5618,"template":"","meta":{"om_disable_all_campaigns":false,"_monsterinsights_skip_tracking":false,"_monsterinsights_sitenote_active":false,"_monsterinsights_sitenote_note":"","_monsterinsights_sitenote_category":0},"product_brand":[],"product_cat":[30],"product_tag":[31,35,34],"class_list":{"0":"post-5614","1":"product","2":"type-product","3":"status-publish","4":"has-post-thumbnail","6":"product_cat-levkoid","7":"product_tag-levkoi","8":"product_tag-matthiola","9":"product_tag-stock","11":"first","12":"instock","13":"shipping-taxable","14":"purchasable","15":"product-type-variable"},"aioseo_notices":[],"jetpack_sharing_enabled":true,"_links":{"self":[{"href":"https:\/\/sooditalulilled.ee\/en\/wp-json\/wp\/v2\/product\/5614","targetHints":{"allow":["GET"]}}],"collection":[{"href":"https:\/\/sooditalulilled.ee\/en\/wp-json\/wp\/v2\/product"}],"about":[{"href":"https:\/\/sooditalulilled.ee\/en\/wp-json\/wp\/v2\/types\/product"}],"wp:featuredmedia":[{"embeddable":true,"href":"https:\/\/sooditalulilled.ee\/en\/wp-json\/wp\/v2\/media\/5618"}],"wp:attachment":[{"href":"https:\/\/sooditalulilled.ee\/en\/wp-json\/wp\/v2\/media?parent=5614"}],"wp:term":[{"taxonomy":"product_brand","embeddable":true,"href":"https:\/\/sooditalulilled.ee\/en\/wp-json\/wp\/v2\/product_brand?post=5614"},{"taxonomy":"product_cat","embeddable":true,"href":"https:\/\/sooditalulilled.ee\/en\/wp-json\/wp\/v2\/product_cat?post=5614"},{"taxonomy":"product_tag","embeddable":true,"href":"https:\/\/sooditalulilled.ee\/en\/wp-json\/wp\/v2\/product_tag?post=5614"}],"curies":[{"name":"wp","href":"https:\/\/api.w.org\/{rel}","templated":true}]}}