{"id":5635,"date":"2026-01-16T19:48:49","date_gmt":"2026-01-16T19:48:49","guid":{"rendered":"https:\/\/sooditalulilled.ee\/?post_type=product&#038;p=5635"},"modified":"2026-03-30T20:19:45","modified_gmt":"2026-03-30T20:19:45","slug":"suvi-leeklill-creme-brulee-saabumas-jaanuaris","status":"publish","type":"product","link":"https:\/\/sooditalulilled.ee\/en\/product\/suvi-leeklill-creme-brulee-saabumas-jaanuaris\/","title":{"rendered":"Suvi-leeklill &#8216;Cr\u00e8me Br\u00fbl\u00e9e&#8217;"},"content":{"rendered":"<p data-start=\"116\" data-end=\"433\"><strong data-start=\"116\" data-end=\"148\">Suvi-leeklill \u2018Cr\u00e8me Br\u00fbl\u00e9e\u2019<\/strong> (<em data-start=\"150\" data-end=\"168\">Phlox drummondii<\/em>) on kui magus unistus suvep\u00e4eva l\u00f5pus \u2013 tema \u00f5ied on mahedalt karamellised, virsiku- ja aprikoosivarjunditega, justkui kuldse koorikuga kaetud kreemjas maius. Iga \u00f5is kannab endas soojust ja \u00f5rnust, muutes peenra v\u00f5i kimpu korraga luksuslikuks ja loodusl\u00e4hedaseks.<\/p>\n<p data-start=\"435\" data-end=\"732\">\u2018Cr\u00e8me Br\u00fbl\u00e9e\u2019 on madalakasvuline, rikkalikult \u00f5itsev sort, mille kompaktsed taimed katavad end tihedalt pastelse varjundim\u00e4nguga. Tema toonivaheldus \u2013 \u00f5rn kuldkollane, virsikuroosa ja soe bee\u017e \u2013 loob mitmekesise, ent harmoonilise \u00fcldilme, mis p\u00fc\u00fcab pilku, kuid j\u00e4\u00e4b siiski pehmeks ja elegantsiks.<\/p>\n<p data-start=\"734\" data-end=\"983\">Kimpudes lisab ta sooja mahedust ja eristuvat karakterit \u2013 ideaalne t\u00e4iendus romantilistesse, loodusl\u00e4hedastesse v\u00f5i s\u00fcgavamatesse v\u00e4rvipalettidesse. Peenral m\u00f5jub ta kui pehme valguslaik, sobitudes h\u00e4sti valgete, roosade ja lavendlikarva lilledega.<\/p>\n<p data-start=\"985\" data-end=\"1216\" data-is-last-node=\"\" data-is-only-node=\"\"><strong data-start=\"985\" data-end=\"1003\">\u2018Cr\u00e8me Br\u00fbl\u00e9e\u2019<\/strong> on suvelill neile, kes otsivad midagi erilist \u2013 naturaalset, samas kergelt gurmeelikku. See on sort, mis \u00fchendab endas delikaatse ilu ja hubase v\u00e4rvigamma, luues aiaruumi v\u00f5i kimpu rahulikult luksusliku meeleolu.<\/p>","protected":false},"excerpt":{"rendered":"<p class=\"lk7499ae_ProductDetail_productDetailLatinName\"><em>Phlox drummondii<\/em><\/p>\n<p>Taime k\u00f5rgus: 40-50 cm<\/p>\n<p>Idanemine: 7-21 p\u00e4eva, 16-18C juures<\/p>\n<p>K\u00fclvist \u00f5itsemiseni: 60-65 p\u00e4eva<\/p>\n<p>Vaasiiga: ~5-7 p\u00e4eva<\/p>","protected":false},"featured_media":5638,"template":"","meta":{"om_disable_all_campaigns":false,"_monsterinsights_skip_tracking":false,"_monsterinsights_sitenote_active":false,"_monsterinsights_sitenote_note":"","_monsterinsights_sitenote_category":0},"product_brand":[],"product_cat":[181],"product_tag":[],"class_list":{"0":"post-5635","1":"product","2":"type-product","3":"status-publish","4":"has-post-thumbnail","6":"product_cat-suvi-leeklilled","8":"first","9":"instock","10":"shipping-taxable","11":"purchasable","12":"product-type-variable"},"aioseo_notices":[],"jetpack_sharing_enabled":true,"_links":{"self":[{"href":"https:\/\/sooditalulilled.ee\/en\/wp-json\/wp\/v2\/product\/5635","targetHints":{"allow":["GET"]}}],"collection":[{"href":"https:\/\/sooditalulilled.ee\/en\/wp-json\/wp\/v2\/product"}],"about":[{"href":"https:\/\/sooditalulilled.ee\/en\/wp-json\/wp\/v2\/types\/product"}],"wp:featuredmedia":[{"embeddable":true,"href":"https:\/\/sooditalulilled.ee\/en\/wp-json\/wp\/v2\/media\/5638"}],"wp:attachment":[{"href":"https:\/\/sooditalulilled.ee\/en\/wp-json\/wp\/v2\/media?parent=5635"}],"wp:term":[{"taxonomy":"product_brand","embeddable":true,"href":"https:\/\/sooditalulilled.ee\/en\/wp-json\/wp\/v2\/product_brand?post=5635"},{"taxonomy":"product_cat","embeddable":true,"href":"https:\/\/sooditalulilled.ee\/en\/wp-json\/wp\/v2\/product_cat?post=5635"},{"taxonomy":"product_tag","embeddable":true,"href":"https:\/\/sooditalulilled.ee\/en\/wp-json\/wp\/v2\/product_tag?post=5635"}],"curies":[{"name":"wp","href":"https:\/\/api.w.org\/{rel}","templated":true}]}}