{"id":5639,"date":"2026-01-16T19:52:17","date_gmt":"2026-01-16T19:52:17","guid":{"rendered":"https:\/\/sooditalulilled.ee\/?post_type=product&#038;p=5639"},"modified":"2026-03-28T06:55:47","modified_gmt":"2026-03-28T06:55:47","slug":"turgi-mustkoomen-miss-jekyll-rose-saabumas-jaanuaris","status":"publish","type":"product","link":"https:\/\/sooditalulilled.ee\/en\/product\/turgi-mustkoomen-miss-jekyll-rose-saabumas-jaanuaris\/","title":{"rendered":"T\u00fcrgi Mustk\u00f6\u00f6men &#8216;Miss Jekyll Rose&#8217;"},"content":{"rendered":"<p data-start=\"150\" data-end=\"482\"><strong data-start=\"150\" data-end=\"189\">T\u00fcrgi mustk\u00f6\u00f6men \u2018Miss Jekyll Rose\u2019<\/strong> (<em data-start=\"191\" data-end=\"210\">Nigella damascena<\/em>) on v\u00f5luv ja erip\u00e4rane suvelill, mille pitsiliste lehtede kohal h\u00f5ljuvad pehmed roosakas-lillad \u00f5ied justkui unen\u00e4olised t\u00e4hed. Tema \u00f5rn, veidi suitsune roosatoon m\u00f5jub salap\u00e4raselt ja poeetiliselt \u2013 nagu vana lillepressist leitud kuivanud kroonlehed, mille ilu on ajatu.<\/p>\n<p data-start=\"484\" data-end=\"767\">\u2018Miss Jekyll Rose\u2019 on tagasihoidliku, ent v\u00e4ga dekoratiivse olemusega taim. Tema \u00f5ied on lihtsad, kuid elegantsed, ja p\u00e4rast \u00f5itsemist moodustuvad iseloomulikud \u00fcmarad seemnekapslid, mis lisavad aeda v\u00f5i kimpudesse arhitektuurset struktuuri ning sobivad suurep\u00e4raselt ka kuivlilleks.<\/p>\n<p data-start=\"769\" data-end=\"1065\">Peenras toob ta \u00f5hulise kerguse ja loodusl\u00e4hedase r\u00fctmi, sobitudes h\u00e4sti teiste romantiliste suvelilledega nagu rukkililled, aedvaresjalad v\u00f5i suvi-leeklilled. Tema \u00f5rn tekstuur ja pastelne toon toovad kontrasti nii tugevatele v\u00e4rvidele kui ka pehmendavad valgete ja roosade vahelisi \u00fcleminekuid.<\/p>\n<p data-start=\"1067\" data-end=\"1261\" data-is-last-node=\"\" data-is-only-node=\"\"><strong data-start=\"1067\" data-end=\"1089\">\u2018Miss Jekyll Rose\u2019<\/strong> on sort neile, kes armastavad veidi metsikut ilu ja aimatavat nostalgiat \u2013 lille, mis ei tr\u00fcgi esile, kuid j\u00e4\u00e4b meelde oma omap\u00e4rase v\u00f5lu, pehmuse ja loomuliku graatsiaga.<\/p>","protected":false},"excerpt":{"rendered":"<p class=\"lk7499ae_ProductDetail_productDetailLatinName\"><em>Nigella damascena<\/em><\/p>\n<p>Taime k\u00f5rgus: 50-100 cm<\/p>\n<p>Idanemine: 7-14 p\u00e4eva, 14-18C juures<\/p>\n<p>K\u00fclvist \u00f5itsemiseni: 65-85 p\u00e4eva<\/p>\n<p>Vaasiiga: ~7 p\u00e4eva<\/p>","protected":false},"featured_media":5642,"template":"","meta":{"om_disable_all_campaigns":false,"_monsterinsights_skip_tracking":false,"_monsterinsights_sitenote_active":false,"_monsterinsights_sitenote_note":"","_monsterinsights_sitenote_category":0},"product_brand":[],"product_cat":[107,182],"product_tag":[],"class_list":{"0":"post-5639","1":"product","2":"type-product","3":"status-publish","4":"has-post-thumbnail","6":"product_cat-kuivkimbulilled","7":"product_cat-turgi-mustkoomned","9":"first","10":"instock","11":"shipping-taxable","12":"purchasable","13":"product-type-variable"},"aioseo_notices":[],"jetpack_sharing_enabled":true,"_links":{"self":[{"href":"https:\/\/sooditalulilled.ee\/en\/wp-json\/wp\/v2\/product\/5639","targetHints":{"allow":["GET"]}}],"collection":[{"href":"https:\/\/sooditalulilled.ee\/en\/wp-json\/wp\/v2\/product"}],"about":[{"href":"https:\/\/sooditalulilled.ee\/en\/wp-json\/wp\/v2\/types\/product"}],"wp:featuredmedia":[{"embeddable":true,"href":"https:\/\/sooditalulilled.ee\/en\/wp-json\/wp\/v2\/media\/5642"}],"wp:attachment":[{"href":"https:\/\/sooditalulilled.ee\/en\/wp-json\/wp\/v2\/media?parent=5639"}],"wp:term":[{"taxonomy":"product_brand","embeddable":true,"href":"https:\/\/sooditalulilled.ee\/en\/wp-json\/wp\/v2\/product_brand?post=5639"},{"taxonomy":"product_cat","embeddable":true,"href":"https:\/\/sooditalulilled.ee\/en\/wp-json\/wp\/v2\/product_cat?post=5639"},{"taxonomy":"product_tag","embeddable":true,"href":"https:\/\/sooditalulilled.ee\/en\/wp-json\/wp\/v2\/product_tag?post=5639"}],"curies":[{"name":"wp","href":"https:\/\/api.w.org\/{rel}","templated":true}]}}