{"id":5645,"date":"2026-01-16T19:58:06","date_gmt":"2026-01-16T19:58:06","guid":{"rendered":"https:\/\/sooditalulilled.ee\/?post_type=product&#038;p=5645"},"modified":"2026-03-14T06:51:04","modified_gmt":"2026-03-14T06:51:04","slug":"pruudisolg-cupcakes-pink-saabumas-jaanuaris","status":"publish","type":"product","link":"https:\/\/sooditalulilled.ee\/en\/product\/pruudisolg-cupcakes-pink-saabumas-jaanuaris\/","title":{"rendered":"Pruudis\u00f5lg &#8216;Cupcakes Pink&#8217;"},"content":{"rendered":"<p data-start=\"110\" data-end=\"408\"><strong data-start=\"110\" data-end=\"140\">Pruudis\u00f5lg \u2018Cupcakes Pink\u2019<\/strong> (<em data-start=\"142\" data-end=\"158\">Zinnia elegans<\/em>) on kui suvine maiuspala \u2013 tema suured, korrap\u00e4raselt t\u00e4idetud \u00f5ied meenutavad v\u00e4ikeseid roosikujulisi koogikesi, mis on kaetud heleroosa vahukoorega. Toon on mahe ja romantiline, t\u00e4pselt parasjagu roosakas, et m\u00f5juda \u00fchtaegu armsalt ja elegantselt.<\/p>\n<p data-start=\"410\" data-end=\"672\">\u2018Cupcakes Pink\u2019 on tugev ja vastupidav sort, millel on tihedad kroonlehed ja p\u00fcsivad, k\u00f5rged varred \u2013 ideaalne l\u00f5ikelill, mis seisab vaasis uhkelt ja kaua. Tema \u00f5ied on igast k\u00fcljest t\u00e4idlased ja kohevusega pilkup\u00fc\u00fcdvad, lisades kimpudele kohevust ja struktuuri.<\/p>\n<p data-start=\"674\" data-end=\"925\">Peenral m\u00f5jub see sort kui suve keskpunkt \u2013 tema rikkalik \u00f5itsemine ja selge roosa toon loovad r\u00f5\u00f5msa ja piduliku meeleolu. Sobib h\u00e4sti teiste tsinniate, suvelillede v\u00f5i looduslike tekstuuridega, olles oma vormilt lopsakas, ent olemuselt r\u00f5\u00f5mus ja soe.<\/p>\n<p data-start=\"927\" data-end=\"1132\" data-is-last-node=\"\" data-is-only-node=\"\"><strong data-start=\"927\" data-end=\"946\">\u2018Cupcakes Pink\u2019<\/strong> on tsinnia neile, kes otsivad ilu, mis on \u00fchtaegu m\u00e4nguline ja v\u00e4\u00e4rikas. Ta toob aeda ja vaasi roosilaadset luksust, kuid j\u00e4\u00e4b alati ligip\u00e4\u00e4setavaks \u2013 nagu magus naeratus suvep\u00e4eva sees.<\/p>\n<p data-start=\"1020\" data-end=\"1156\" data-is-last-node=\"\" data-is-only-node=\"\">\n<p>&nbsp;<\/p>\n<p><strong>KASVATAMINE<em>\u00a0(soovituslik)<\/em>:<\/strong><\/p>\n<p>Ettekasvatus: k\u00fclva 4-6 n\u00e4dalat enne \u00f5ue istutamist. Istuta \u00f5ue alles p\u00e4rast \u00f6\u00f6k\u00fclmaohu m\u00f6\u00f6dumist \u2013 noortaimed ei talu miinuskraade! (Soovituslik kallimate sortide puhul v\u00f5i kui on oht, et maapind v\u00f5ib olla liigniiske. Siis seemned ei pruugi idaneda!)<\/p>\n<p>Otsek\u00fclv: k\u00fclva otse peenrasse p\u00e4rast \u00f6\u00f6k\u00fclmaohu m\u00f6\u00f6dumist.<\/p>\n<p>N\u00e4pista latv, kui taim on 20-30 cm k\u00f5rgune v\u00f5i kui taimel on juba 3-4 paari p\u00e4rislehti \u2013 see innustab taime kasvatama k\u00fclgharusid ja nii saad rohkem \u00f5isi \u00fchelt taimelt.<\/p>\n<p>\u00d5ige aeg \u00f5ie l\u00f5ikamiseks on siis, kui \u00f5ievart raputades on vars j\u00e4ik ja p\u00fcsib p\u00fcsti (<em>wiggle test)<\/em>. Mida rohkem \u00f5isi l\u00f5ikad, seda rohkem \u00f5isi taim Sulle kasvatab!<\/p>","protected":false},"excerpt":{"rendered":"<p><em>Zinnia elegans<\/em><\/p>\n<p>Taime k\u00f5rgus: 60-120 cm<\/p>\n<p>Idanemine: 5-7 p\u00e4eva, 21-24C juures<\/p>\n<p>K\u00fclvist \u00f5itsemiseni: 75-90 p\u00e4eva<\/p>\n<p>Vaasiiga: ~7 p\u00e4eva<\/p>","protected":false},"featured_media":5646,"template":"","meta":{"om_disable_all_campaigns":false,"_monsterinsights_skip_tracking":false,"_monsterinsights_sitenote_active":false,"_monsterinsights_sitenote_note":"","_monsterinsights_sitenote_category":0},"product_brand":[],"product_cat":[67],"product_tag":[68,69],"class_list":{"0":"post-5645","1":"product","2":"type-product","3":"status-publish","4":"has-post-thumbnail","6":"product_cat-pruudisoled","7":"product_tag-pruudisolg","8":"product_tag-tsinnia","10":"first","11":"outofstock","12":"shipping-taxable","13":"purchasable","14":"product-type-variable"},"aioseo_notices":[],"jetpack_sharing_enabled":true,"_links":{"self":[{"href":"https:\/\/sooditalulilled.ee\/en\/wp-json\/wp\/v2\/product\/5645","targetHints":{"allow":["GET"]}}],"collection":[{"href":"https:\/\/sooditalulilled.ee\/en\/wp-json\/wp\/v2\/product"}],"about":[{"href":"https:\/\/sooditalulilled.ee\/en\/wp-json\/wp\/v2\/types\/product"}],"wp:featuredmedia":[{"embeddable":true,"href":"https:\/\/sooditalulilled.ee\/en\/wp-json\/wp\/v2\/media\/5646"}],"wp:attachment":[{"href":"https:\/\/sooditalulilled.ee\/en\/wp-json\/wp\/v2\/media?parent=5645"}],"wp:term":[{"taxonomy":"product_brand","embeddable":true,"href":"https:\/\/sooditalulilled.ee\/en\/wp-json\/wp\/v2\/product_brand?post=5645"},{"taxonomy":"product_cat","embeddable":true,"href":"https:\/\/sooditalulilled.ee\/en\/wp-json\/wp\/v2\/product_cat?post=5645"},{"taxonomy":"product_tag","embeddable":true,"href":"https:\/\/sooditalulilled.ee\/en\/wp-json\/wp\/v2\/product_tag?post=5645"}],"curies":[{"name":"wp","href":"https:\/\/api.w.org\/{rel}","templated":true}]}}