{"id":5649,"date":"2026-01-16T20:02:21","date_gmt":"2026-01-16T20:02:21","guid":{"rendered":"https:\/\/sooditalulilled.ee\/?post_type=product&#038;p=5649"},"modified":"2026-04-01T07:34:56","modified_gmt":"2026-04-01T07:34:56","slug":"pruudisolg-queen-lime-orange","status":"publish","type":"product","link":"https:\/\/sooditalulilled.ee\/en\/product\/pruudisolg-queen-lime-orange\/","title":{"rendered":"Pruudis\u00f5lg &#8216;Queen Lime Orange&#8217;"},"content":{"rendered":"<p data-start=\"114\" data-end=\"428\"><strong data-start=\"114\" data-end=\"148\">Pruudis\u00f5lg \u2018Queen Lime Orange\u2019<\/strong> (<em data-start=\"150\" data-end=\"166\">Zinnia elegans<\/em>) on eriline ja pilkup\u00fc\u00fcdev suvelill, mille \u00f5ied avanevad ainulaadses v\u00e4rvim\u00e4ngus \u2013 lubiroheline p\u00f5hi sulandub pehmelt sooja aprikoosi- ja roosteoran\u017ei varjundiga. Tulemuseks on luksuslik, sametine toon, mis m\u00f5jub \u00fchtaegu v\u00e4rske ja s\u00fcgavalt elegantse aktsendina.<\/p>\n<p data-start=\"430\" data-end=\"692\">\u2018Queen Lime Orange\u2019 kuulub hinnatud Queen-sarja, mis on tuntud oma erakordsete v\u00e4rvide ja tugeva l\u00f5ikelillekvaliteedi poolest. \u00d5ied on suured, tihedalt t\u00e4idetud ja tugevatel varrel, mis teeb ta ideaalseks vaasililleks \u2013 lopsakas, vastupidav ja alati pilkup\u00fc\u00fcdev.<\/p>\n<p data-start=\"694\" data-end=\"921\">Peenral lisab see sort suvisesse istutusse s\u00fcgavust ja mitmekihilist v\u00e4rvigammat. Tema unikaalne toon sobitub imeh\u00e4sti \u0161ampanja-, rooste- ja roosade toonide k\u00f5rvale, tuues aeda ja kimpudesse loodusl\u00e4hedast, ent \u0161ikki kontrasti.<\/p>\n<p data-start=\"923\" data-end=\"1163\" data-is-last-node=\"\" data-is-only-node=\"\"><strong data-start=\"923\" data-end=\"946\">\u2018Queen Lime Orange\u2019<\/strong> on zinnia neile, kes otsivad midagi klassikalisest erinevat \u2013 midagi modernset, ent loodusest inspireeritud. See on sort, mis annab igale kompositsioonile kunstip\u00e4rase ilme, olles julge, peen ja t\u00f5eliselt meeldej\u00e4\u00e4v.<\/p>\n<p data-start=\"1020\" data-end=\"1156\" data-is-last-node=\"\" data-is-only-node=\"\">\n<p>&nbsp;<\/p>\n<p><strong>KASVATAMINE<em>\u00a0(soovituslik)<\/em>:<\/strong><\/p>\n<p>Ettekasvatus: k\u00fclva 4-6 n\u00e4dalat enne \u00f5ue istutamist. Istuta \u00f5ue alles p\u00e4rast \u00f6\u00f6k\u00fclmaohu m\u00f6\u00f6dumist \u2013 noortaimed ei talu miinuskraade! (Soovituslik kallimate sortide puhul v\u00f5i kui on oht, et maapind v\u00f5ib olla liigniiske. Siis seemned ei pruugi idaneda!)<\/p>\n<p>Otsek\u00fclv: k\u00fclva otse peenrasse p\u00e4rast \u00f6\u00f6k\u00fclmaohu m\u00f6\u00f6dumist.<\/p>\n<p>N\u00e4pista latv, kui taim on 20-30 cm k\u00f5rgune v\u00f5i kui taimel on juba 3-4 paari p\u00e4rislehti \u2013 see innustab taime kasvatama k\u00fclgharusid ja nii saad rohkem \u00f5isi \u00fchelt taimelt.<\/p>\n<p>\u00d5ige aeg \u00f5ie l\u00f5ikamiseks on siis, kui \u00f5ievart raputades on vars j\u00e4ik ja p\u00fcsib p\u00fcsti (<em>wiggle test)<\/em>. Mida rohkem \u00f5isi l\u00f5ikad, seda rohkem \u00f5isi taim Sulle kasvatab!<\/p>","protected":false},"excerpt":{"rendered":"<p><em>Zinnia elegans<\/em><\/p>\n<p>Taime k\u00f5rgus: 60-120 cm<\/p>\n<p>Idanemine: 5-7 p\u00e4eva, 21-24C juures<\/p>\n<p>K\u00fclvist \u00f5itsemiseni: 75-90 p\u00e4eva<\/p>\n<p>Vaasiiga: ~7 p\u00e4eva<\/p>","protected":false},"featured_media":5652,"template":"","meta":{"om_disable_all_campaigns":false,"_monsterinsights_skip_tracking":false,"_monsterinsights_sitenote_active":false,"_monsterinsights_sitenote_note":"","_monsterinsights_sitenote_category":0},"product_brand":[],"product_cat":[67],"product_tag":[68,69],"class_list":{"0":"post-5649","1":"product","2":"type-product","3":"status-publish","4":"has-post-thumbnail","6":"product_cat-pruudisoled","7":"product_tag-pruudisolg","8":"product_tag-tsinnia","10":"first","11":"instock","12":"shipping-taxable","13":"purchasable","14":"product-type-variable"},"aioseo_notices":[],"jetpack_sharing_enabled":true,"_links":{"self":[{"href":"https:\/\/sooditalulilled.ee\/en\/wp-json\/wp\/v2\/product\/5649","targetHints":{"allow":["GET"]}}],"collection":[{"href":"https:\/\/sooditalulilled.ee\/en\/wp-json\/wp\/v2\/product"}],"about":[{"href":"https:\/\/sooditalulilled.ee\/en\/wp-json\/wp\/v2\/types\/product"}],"wp:featuredmedia":[{"embeddable":true,"href":"https:\/\/sooditalulilled.ee\/en\/wp-json\/wp\/v2\/media\/5652"}],"wp:attachment":[{"href":"https:\/\/sooditalulilled.ee\/en\/wp-json\/wp\/v2\/media?parent=5649"}],"wp:term":[{"taxonomy":"product_brand","embeddable":true,"href":"https:\/\/sooditalulilled.ee\/en\/wp-json\/wp\/v2\/product_brand?post=5649"},{"taxonomy":"product_cat","embeddable":true,"href":"https:\/\/sooditalulilled.ee\/en\/wp-json\/wp\/v2\/product_cat?post=5649"},{"taxonomy":"product_tag","embeddable":true,"href":"https:\/\/sooditalulilled.ee\/en\/wp-json\/wp\/v2\/product_tag?post=5649"}],"curies":[{"name":"wp","href":"https:\/\/api.w.org\/{rel}","templated":true}]}}