{"id":5653,"date":"2026-01-16T20:08:53","date_gmt":"2026-01-16T20:08:53","guid":{"rendered":"https:\/\/sooditalulilled.ee\/?post_type=product&#038;p=5653"},"modified":"2026-04-04T14:19:43","modified_gmt":"2026-04-04T14:19:43","slug":"pruudisolg-queen-lime-red-saabumas-jaanuaris","status":"publish","type":"product","link":"https:\/\/sooditalulilled.ee\/en\/product\/pruudisolg-queen-lime-red-saabumas-jaanuaris\/","title":{"rendered":"Pruudis\u00f5lg &#8216;Queen Lime Red&#8217;"},"content":{"rendered":"<p data-start=\"112\" data-end=\"461\"><strong data-start=\"112\" data-end=\"143\">Pruudis\u00f5lg \u2018Queen Lime Red\u2019<\/strong> (<em data-start=\"145\" data-end=\"161\">Zinnia elegans<\/em>) on dramaatiline ja samas elegantne suvelill, mille ainulaadne v\u00e4rvikombinatsioon lummab esimesest pilgust \u2013 lubiroheline keskosa sulandub pehmelt s\u00fcgavpunase ja vaarikakarva kroonlehtedesse, luues rikkaliku ja luksusliku v\u00e4rvigradiendi. See on toonide m\u00e4ng, mis m\u00f5jub \u00fchtaegu julge ja v\u00e4ljapeetuna.<\/p>\n<p data-start=\"463\" data-end=\"733\">\u2018Queen Lime Red\u2019 kuulub hinnatud Queen-sarja, mis on tuntud oma tugeva kasvu, t\u00e4idlaste \u00f5ite ja erakordse l\u00f5ikelillekvaliteedi poolest. Tugevad varred ja pikaealine \u00f5is muudavad ta ideaalseks vaasi \u2013 ta lisab kompositsioonidele s\u00fcgavust, kontrasti ja kunstilist n\u00fcanssi.<\/p>\n<p data-start=\"735\" data-end=\"992\">Peenral on ta justkui keskne tegelane, t\u00f5mmates pilku ning andes istutusele struktuuri ja iseloomu. Tema ainulaadne toon sobitub suurep\u00e4raselt tumedate, tolmuste ja pastellsete varjunditega, pakkudes tugevat visuaalset kontrasti v\u00f5i loodusl\u00e4hedast s\u00fcgavust.<\/p>\n<p data-start=\"994\" data-end=\"1192\" data-is-last-node=\"\" data-is-only-node=\"\"><strong data-start=\"994\" data-end=\"1014\">\u2018Queen Lime Red\u2019<\/strong> on zinnia neile, kes armastavad tugevaid v\u00e4rve, kuid hindavad ka peensust ja tasakaalu. See on sort, mis ei j\u00e4\u00e4 kunagi m\u00e4rkamatuks \u2013 julge, kaunis ja kunstip\u00e4rane iga nurga alt.<\/p>\n<p>&nbsp;<\/p>\n<p><strong>KASVATAMINE<em>\u00a0(soovituslik)<\/em>:<\/strong><\/p>\n<p>Ettekasvatus: k\u00fclva 4-6 n\u00e4dalat enne \u00f5ue istutamist. Istuta \u00f5ue alles p\u00e4rast \u00f6\u00f6k\u00fclmaohu m\u00f6\u00f6dumist \u2013 noortaimed ei talu miinuskraade! (Soovituslik kallimate sortide puhul v\u00f5i kui on oht, et maapind v\u00f5ib olla liigniiske. Siis seemned ei pruugi idaneda!)<\/p>\n<p>Otsek\u00fclv: k\u00fclva otse peenrasse p\u00e4rast \u00f6\u00f6k\u00fclmaohu m\u00f6\u00f6dumist.<\/p>\n<p>N\u00e4pista latv, kui taim on 20-30 cm k\u00f5rgune v\u00f5i kui taimel on juba 3-4 paari p\u00e4rislehti \u2013 see innustab taime kasvatama k\u00fclgharusid ja nii saad rohkem \u00f5isi \u00fchelt taimelt.<\/p>\n<p>\u00d5ige aeg \u00f5ie l\u00f5ikamiseks on siis, kui \u00f5ievart raputades on vars j\u00e4ik ja p\u00fcsib p\u00fcsti (<em>wiggle test)<\/em>. Mida rohkem \u00f5isi l\u00f5ikad, seda rohkem \u00f5isi taim Sulle kasvatab!<\/p>","protected":false},"excerpt":{"rendered":"<p><em>Zinnia elegans<\/em><\/p>\n<p>Taime k\u00f5rgus: 60-120 cm<\/p>\n<p>Idanemine: 5-7 p\u00e4eva, 21-24C juures<\/p>\n<p>K\u00fclvist \u00f5itsemiseni: 75-90 p\u00e4eva<\/p>\n<p>Vaasiiga: ~7 p\u00e4eva<\/p>","protected":false},"featured_media":5656,"template":"","meta":{"om_disable_all_campaigns":false,"_monsterinsights_skip_tracking":false,"_monsterinsights_sitenote_active":false,"_monsterinsights_sitenote_note":"","_monsterinsights_sitenote_category":0},"product_brand":[],"product_cat":[67],"product_tag":[68,69],"class_list":{"0":"post-5653","1":"product","2":"type-product","3":"status-publish","4":"has-post-thumbnail","6":"product_cat-pruudisoled","7":"product_tag-pruudisolg","8":"product_tag-tsinnia","10":"first","11":"instock","12":"shipping-taxable","13":"purchasable","14":"product-type-variable"},"aioseo_notices":[],"jetpack_sharing_enabled":true,"_links":{"self":[{"href":"https:\/\/sooditalulilled.ee\/en\/wp-json\/wp\/v2\/product\/5653","targetHints":{"allow":["GET"]}}],"collection":[{"href":"https:\/\/sooditalulilled.ee\/en\/wp-json\/wp\/v2\/product"}],"about":[{"href":"https:\/\/sooditalulilled.ee\/en\/wp-json\/wp\/v2\/types\/product"}],"wp:featuredmedia":[{"embeddable":true,"href":"https:\/\/sooditalulilled.ee\/en\/wp-json\/wp\/v2\/media\/5656"}],"wp:attachment":[{"href":"https:\/\/sooditalulilled.ee\/en\/wp-json\/wp\/v2\/media?parent=5653"}],"wp:term":[{"taxonomy":"product_brand","embeddable":true,"href":"https:\/\/sooditalulilled.ee\/en\/wp-json\/wp\/v2\/product_brand?post=5653"},{"taxonomy":"product_cat","embeddable":true,"href":"https:\/\/sooditalulilled.ee\/en\/wp-json\/wp\/v2\/product_cat?post=5653"},{"taxonomy":"product_tag","embeddable":true,"href":"https:\/\/sooditalulilled.ee\/en\/wp-json\/wp\/v2\/product_tag?post=5653"}],"curies":[{"name":"wp","href":"https:\/\/api.w.org\/{rel}","templated":true}]}}