{"id":5660,"date":"2026-01-16T20:11:27","date_gmt":"2026-01-16T20:11:27","guid":{"rendered":"https:\/\/sooditalulilled.ee\/?post_type=product&#038;p=5660"},"modified":"2026-04-04T13:39:08","modified_gmt":"2026-04-04T13:39:08","slug":"hurmeline-tahtpea-fata-morgana-saabumas-jaanuaris","status":"publish","type":"product","link":"https:\/\/sooditalulilled.ee\/en\/product\/hurmeline-tahtpea-fata-morgana-saabumas-jaanuaris\/","title":{"rendered":"Hurmeline t\u00e4htpea &#8216;Fata Morgana&#8217;"},"content":{"rendered":"<p data-start=\"126\" data-end=\"428\"><strong data-start=\"126\" data-end=\"162\">Hurmeline t\u00e4htpea \u2018Fata Morgana\u2019<\/strong> (<em data-start=\"164\" data-end=\"187\">Scabiosa atropurpurea<\/em>) on kui \u00f5rn miraa\u017e kuumal suvep\u00e4eval \u2013 tema pitsilised, pehme virsikukarva \u00f5ied kiirgavad habrast soojust ja unen\u00e4olist ilu. Toon on sametine ja mahe, liitudes virsiku, bee\u017ei ja aprikoosiroosade varjunditega, justkui tolmune p\u00e4ikeseloojang.<\/p>\n<p data-start=\"430\" data-end=\"744\">\u2018Fata Morgana\u2019 on k\u00f5rgema kasvuga sort, mille elegantselt \u00f5hulised \u00f5ied t\u00f5usevad \u00f5rnadel vartel lehestiku kohale, tuues peenrasse liikumist ja kergust. \u00d5itsemine kestab pikalt ja rikkalikult, olles samal ajal suurep\u00e4rane l\u00f5ikelill \u2013 vaasis p\u00fcsib kaua ning lisab kimpudele pehmust, romantikat ja struktuurset r\u00fctmi.<\/p>\n<p data-start=\"746\" data-end=\"964\">Peenral sobib \u2018Fata Morgana\u2019 imeh\u00e4sti nii loodusliku kui romantilise istutuse osaks, sobitudes \u00f5rnalt valgete, lavendliste v\u00f5i s\u00fcgavamate burgunditoonidega. Tema v\u00e4limuses on samal ajal metsikut ilu ja peent graatsiat.<\/p>\n<p data-start=\"966\" data-end=\"1157\" data-is-last-node=\"\" data-is-only-node=\"\"><strong data-start=\"966\" data-end=\"984\">\u2018Fata Morgana\u2019<\/strong> on t\u00e4htpea neile, kes otsivad midagi \u00f5rna, ent unustamatut \u2013 suvelill, mis m\u00f5jub justkui hetkeline illusioon, aga j\u00e4\u00e4b meelde oma ainulaadse v\u00e4rvi ja poeetilise kohaloluga.<\/p>\n<p>&nbsp;<\/p>\n<p><span style=\"text-decoration: underline;\">KASVATAMISE N\u00d5UANDED:<\/span><\/p>\n<p>Ettekasvatus: k\u00fclva seemned 4-8 n\u00e4dalat enne \u00f5ue istutamist. Istuta taimed \u00f5ue, kui \u00f6\u00f6k\u00fclmaoht on m\u00f6\u00f6dnud.<\/p>\n<p>Otsek\u00fclv: v\u00f5imalik on k\u00fclvata seemned ka otse peenrasse kevadel.<\/p>\n<p>K\u00f5ige pikema vaasiea saamiseks l\u00f5ika \u00f5ied vaasi v\u00f5i kimpu panekuks, kui \u00f5ied alles hakkavad avanema.<\/p>","protected":false},"excerpt":{"rendered":"<p class=\"product-subtitle text-center\"><em>Scabiosa atropurpurea<\/em><\/p>\n<p>Taime k\u00f5rgus: 60-90 cm<\/p>\n<p>Idanemine: 7-10 p\u00e4eva, 15-20C juures<\/p>\n<p>K\u00fclvist \u00f5itsemiseni: 75-100 p\u00e4eva<\/p>\n<p>Vaasiiga: 7-10 p\u00e4eva<\/p>","protected":false},"featured_media":5665,"template":"","meta":{"om_disable_all_campaigns":false,"_monsterinsights_skip_tracking":false,"_monsterinsights_sitenote_active":false,"_monsterinsights_sitenote_note":"","_monsterinsights_sitenote_category":0},"product_brand":[],"product_cat":[18,180],"product_tag":[],"class_list":{"0":"post-5660","1":"product","2":"type-product","3":"status-publish","4":"has-post-thumbnail","6":"product_cat-muud-seemned","7":"product_cat-tahtpead","9":"first","10":"instock","11":"shipping-taxable","12":"purchasable","13":"product-type-variable"},"aioseo_notices":[],"jetpack_sharing_enabled":true,"_links":{"self":[{"href":"https:\/\/sooditalulilled.ee\/en\/wp-json\/wp\/v2\/product\/5660","targetHints":{"allow":["GET"]}}],"collection":[{"href":"https:\/\/sooditalulilled.ee\/en\/wp-json\/wp\/v2\/product"}],"about":[{"href":"https:\/\/sooditalulilled.ee\/en\/wp-json\/wp\/v2\/types\/product"}],"wp:featuredmedia":[{"embeddable":true,"href":"https:\/\/sooditalulilled.ee\/en\/wp-json\/wp\/v2\/media\/5665"}],"wp:attachment":[{"href":"https:\/\/sooditalulilled.ee\/en\/wp-json\/wp\/v2\/media?parent=5660"}],"wp:term":[{"taxonomy":"product_brand","embeddable":true,"href":"https:\/\/sooditalulilled.ee\/en\/wp-json\/wp\/v2\/product_brand?post=5660"},{"taxonomy":"product_cat","embeddable":true,"href":"https:\/\/sooditalulilled.ee\/en\/wp-json\/wp\/v2\/product_cat?post=5660"},{"taxonomy":"product_tag","embeddable":true,"href":"https:\/\/sooditalulilled.ee\/en\/wp-json\/wp\/v2\/product_tag?post=5660"}],"curies":[{"name":"wp","href":"https:\/\/api.w.org\/{rel}","templated":true}]}}