{"id":5666,"date":"2026-01-16T20:16:01","date_gmt":"2026-01-16T20:16:01","guid":{"rendered":"https:\/\/sooditalulilled.ee\/?post_type=product&#038;p=5666"},"modified":"2026-04-01T19:17:10","modified_gmt":"2026-04-01T19:17:10","slug":"loviloug-madame-butterfly-pink-grupp-3-4","status":"publish","type":"product","link":"https:\/\/sooditalulilled.ee\/en\/product\/loviloug-madame-butterfly-pink-grupp-3-4\/","title":{"rendered":"L\u00f5vil\u00f5ug &#8216;Madame Butterfly Pink&#8217;, Grupp 3-4"},"content":{"rendered":"<p data-start=\"120\" data-end=\"473\"><strong data-start=\"120\" data-end=\"156\">L\u00f5vil\u00f5ug \u2018Madame Butterfly Pink\u2019<\/strong> (<em data-start=\"158\" data-end=\"177\">Antirrhinum majus<\/em>) on kui romantiline tants suveaias \u2013 tema t\u00e4idetud kroonlehed avanevad heleroosa varjundiga, mis on sama pehme ja naiselik kui \u00f5rn puudutus. Selle sordi erip\u00e4ra peitub just \u00f5ite kuju ja tekstuuri ilu \u2013 lainelised, volangilikud kroonlehed annavad igale \u00f5iele kerge, \u00f5hulise liikumise.<\/p>\n<p data-start=\"475\" data-end=\"764\">\u2018Madame Butterfly Pink\u2019 kuulub Butterfly-seeriasse, mis on tuntud oma unikaalse t\u00e4idis\u00f5ielise vormi ja suurep\u00e4rase l\u00f5ikelillekvaliteedi poolest. Tema tugevad, sirged varred ja rikkalik \u00f5itsemine muudavad ta suurep\u00e4raseks valikuks kimpude jaoks \u2013 elegantne, vastupidav ja samas romantiline.<\/p>\n<p data-start=\"766\" data-end=\"991\">Peenras lisab ta k\u00f5rgust, \u00f5hulisust ja v\u00e4rskust, sobitudes h\u00e4sti nii pastelsete kui ka intensiivsemate toonide k\u00f5rvale. Tema heleroosa toon m\u00f5jub alati v\u00e4rskelt ja harmooniliselt, tuues aeda tasakaalu ja naiselikku graatsiat.<\/p>\n<p data-start=\"993\" data-end=\"1174\" data-is-last-node=\"\" data-is-only-node=\"\"><strong data-start=\"993\" data-end=\"1020\">\u2018Madame Butterfly Pink\u2019<\/strong> on l\u00f5vil\u00f5ug neile, kes armastavad romantikat, tekstuurim\u00e4ngu ja lillelist kergust \u2013 elegantne ja poeetiline valik, mis rikastab iga aeda v\u00f5i lilleseadet.<\/p>\n<p>&nbsp;<\/p>\n<p><span style=\"text-decoration: underline;\">KASVATAMISE N\u00d5UANDED:<\/span><\/p>\n<p>Ettekasvatamine: k\u00fclva seemned toas 6-8 n\u00e4dalat enne \u00f5ue istutamist. Taimed v\u00f5ib istutada \u00f5ue juba enne viimaste \u00f6\u00f6k\u00fclmade m\u00f6\u00f6dumist &#8211; taimed taluvad m\u00f5ningaid miinuskraade (ca -6C). NB! Kaitse noori taimi kevadise p\u00e4ikse eest varjutuskanga v\u00f5i kattelooriga!<\/p>\n<p>\u00c4ra kata k\u00fclvi mullaga \u2013 seemned vajavad idanemiseks valgust. V\u00f5imalusel kata k\u00fclv \u00f5rnalt vermikuliidiga, et s\u00e4ilitada seemnete idanemiseks vajalik niiskus.<\/p>\n<p>Pikima vaasiea saamiseks l\u00f5ika, kui l\u00f5vil\u00f5ua alumised paar \u00f5it on avanemas.<\/p>","protected":false},"excerpt":{"rendered":"<p><em>Antirrhinum majus<\/em><\/p>\n<p>Taime k\u00f5rgus:\u00a0 60-75 cm<\/p>\n<p>Idanemine: 4-12 p\u00e4eva, 18-22C juures<\/p>\n<p>K\u00fclvist \u00f5itsemiseni: 110-120 p\u00e4eva<\/p>\n<p>Vaasiiga: 7-10 p\u00e4eva<\/p>","protected":false},"featured_media":5670,"template":"","meta":{"om_disable_all_campaigns":false,"_monsterinsights_skip_tracking":false,"_monsterinsights_sitenote_active":false,"_monsterinsights_sitenote_note":"","_monsterinsights_sitenote_category":0},"product_brand":[],"product_cat":[36],"product_tag":[40,37,43,38],"class_list":{"0":"post-5666","1":"product","2":"type-product","3":"status-publish","4":"has-post-thumbnail","6":"product_cat-lovilouad","7":"product_tag-antirrhinum-majus","8":"product_tag-loviloug","9":"product_tag-madame-butterfly","10":"product_tag-snapdragon","12":"first","13":"instock","14":"shipping-taxable","15":"purchasable","16":"product-type-variable"},"aioseo_notices":[],"jetpack_sharing_enabled":true,"_links":{"self":[{"href":"https:\/\/sooditalulilled.ee\/en\/wp-json\/wp\/v2\/product\/5666","targetHints":{"allow":["GET"]}}],"collection":[{"href":"https:\/\/sooditalulilled.ee\/en\/wp-json\/wp\/v2\/product"}],"about":[{"href":"https:\/\/sooditalulilled.ee\/en\/wp-json\/wp\/v2\/types\/product"}],"wp:featuredmedia":[{"embeddable":true,"href":"https:\/\/sooditalulilled.ee\/en\/wp-json\/wp\/v2\/media\/5670"}],"wp:attachment":[{"href":"https:\/\/sooditalulilled.ee\/en\/wp-json\/wp\/v2\/media?parent=5666"}],"wp:term":[{"taxonomy":"product_brand","embeddable":true,"href":"https:\/\/sooditalulilled.ee\/en\/wp-json\/wp\/v2\/product_brand?post=5666"},{"taxonomy":"product_cat","embeddable":true,"href":"https:\/\/sooditalulilled.ee\/en\/wp-json\/wp\/v2\/product_cat?post=5666"},{"taxonomy":"product_tag","embeddable":true,"href":"https:\/\/sooditalulilled.ee\/en\/wp-json\/wp\/v2\/product_tag?post=5666"}],"curies":[{"name":"wp","href":"https:\/\/api.w.org\/{rel}","templated":true}]}}