{"id":5794,"date":"2026-01-31T08:27:33","date_gmt":"2026-01-31T08:27:33","guid":{"rendered":"https:\/\/sooditalulilled.ee\/?post_type=product&#038;p=5794"},"modified":"2026-04-04T14:19:43","modified_gmt":"2026-04-04T14:19:43","slug":"pruudisolg-oklahoma-pink-saabumas-veebruaris","status":"publish","type":"product","link":"https:\/\/sooditalulilled.ee\/en\/product\/pruudisolg-oklahoma-pink-saabumas-veebruaris\/","title":{"rendered":"Pruudis\u00f5lg &#8216;Oklahoma Pink&#8217;"},"content":{"rendered":"<p data-start=\"0\" data-end=\"371\"><strong data-start=\"0\" data-end=\"47\">Pruudis\u00f5lg \u2018Oklahoma Pink\u2019 <em>(Zinnia elegans)<\/em><\/strong> on \u00f5rn ja romantiline suvelill, mille siidiselt kihilised \u00f5ied toovad aeda pehme elegantsi ja ajatu ilu. Selle t\u00e4idlased, t\u00e4pselt vormitud kroonlehed avanevad puhtas roosas toonis, milles v\u00f5ib aimata nii puudri\u00f5rna helgust kui ka sooja suvist s\u00e4ra. Tulemuseks on v\u00e4rv, mis m\u00f5jub \u00fchtaegu naiseliku, v\u00e4rske ja harmoonilisena.<\/p>\n<p data-start=\"373\" data-end=\"713\">\u2018Oklahoma Pink\u2019 kuulub hinnatud Oklahoma-sarja, mida armastatakse just eriti t\u00e4idlaste ja vastupidavate \u00f5ite poolest. Selle sordir\u00fchma \u00f5ied on korrap\u00e4rase kujuga, tugevad ning p\u00fcsivad kaua nii peenras kui ka vaasis. Taim moodustab kompaktse, kuid rikkalikult \u00f5itseva puhmiku, mille igal varrel k\u00f5rguv \u00f5is m\u00f5jub kui hoolikalt seatud aktsent.<\/p>\n<p data-start=\"715\" data-end=\"1038\">Peenras loob \u2018Oklahoma Pink\u2019 helge ja tasakaalustatud \u00fcldmulje. Ta sobib suurep\u00e4raselt nii romantilistesse roosatoonides kompositsioonidesse kui ka kontrastiks tumedamate v\u00f5i s\u00fcgavamate v\u00e4rvide k\u00f5rvale. Koos valgete, lillade v\u00f5i veinipunaste \u00f5itega toob ta istutusse \u00f5hulisust ja pehmust, sidudes erinevad toonid tervikuks.<\/p>\n<p data-start=\"1040\" data-end=\"1281\" data-is-last-node=\"\" data-is-only-node=\"\">See on sort neile, kes hindavad klassikalist ilu ja selget vormi, ent soovivad samas aeda m\u00e4nglevat suvist kergust. \u2018Oklahoma Pink\u2019 ei karju t\u00e4helepanu j\u00e4rele \u2013 ta v\u00f5lub tasakaalu, puhtuse ja peene sarmiga, mis j\u00e4\u00e4b silma igast vaatenurgast.<\/p>\n<p data-start=\"1020\" data-end=\"1156\" data-is-last-node=\"\" data-is-only-node=\"\">\n<p>&nbsp;<\/p>\n<p><strong>KASVATAMINE<em>\u00a0(soovituslik)<\/em>:<\/strong><\/p>\n<p>Ettekasvatus: k\u00fclva 4-6 n\u00e4dalat enne \u00f5ue istutamist. Istuta \u00f5ue alles p\u00e4rast \u00f6\u00f6k\u00fclmaohu m\u00f6\u00f6dumist \u2013 noortaimed ei talu miinuskraade! (Soovituslik kallimate sortide puhul v\u00f5i kui on oht, et maapind v\u00f5ib olla liigniiske. Siis seemned ei pruugi idaneda!)<\/p>\n<p>Otsek\u00fclv: k\u00fclva otse peenrasse p\u00e4rast \u00f6\u00f6k\u00fclmaohu m\u00f6\u00f6dumist.<\/p>\n<p>N\u00e4pista latv, kui taim on 20-30 cm k\u00f5rgune v\u00f5i kui taimel on juba 3-4 paari p\u00e4rislehti \u2013 see innustab taime kasvatama k\u00fclgharusid ja nii saad rohkem \u00f5isi \u00fchelt taimelt.<\/p>\n<p>\u00d5ige aeg \u00f5ie l\u00f5ikamiseks on siis, kui \u00f5ievart raputades on vars j\u00e4ik ja p\u00fcsib p\u00fcsti (<em>wiggle test)<\/em>. Mida rohkem \u00f5isi l\u00f5ikad, seda rohkem \u00f5isi taim Sulle kasvatab!<\/p>","protected":false},"excerpt":{"rendered":"<p><em>Zinnia elegans<\/em><\/p>\n<p>Taime k\u00f5rgus: 60-90 cm<\/p>\n<p>Idanemine: 5-7 p\u00e4eva, 21-24C juures<\/p>\n<p>K\u00fclvist \u00f5itsemiseni: 75-90 p\u00e4eva<\/p>\n<p>Vaasiiga: ~7 p\u00e4eva<\/p>","protected":false},"featured_media":3093,"template":"","meta":{"om_disable_all_campaigns":false,"_monsterinsights_skip_tracking":false,"_monsterinsights_sitenote_active":false,"_monsterinsights_sitenote_note":"","_monsterinsights_sitenote_category":0},"product_brand":[],"product_cat":[67],"product_tag":[],"class_list":{"0":"post-5794","1":"product","2":"type-product","3":"status-publish","4":"has-post-thumbnail","6":"product_cat-pruudisoled","8":"first","9":"instock","10":"shipping-taxable","11":"purchasable","12":"product-type-variable"},"aioseo_notices":[],"jetpack_sharing_enabled":true,"_links":{"self":[{"href":"https:\/\/sooditalulilled.ee\/en\/wp-json\/wp\/v2\/product\/5794","targetHints":{"allow":["GET"]}}],"collection":[{"href":"https:\/\/sooditalulilled.ee\/en\/wp-json\/wp\/v2\/product"}],"about":[{"href":"https:\/\/sooditalulilled.ee\/en\/wp-json\/wp\/v2\/types\/product"}],"wp:featuredmedia":[{"embeddable":true,"href":"https:\/\/sooditalulilled.ee\/en\/wp-json\/wp\/v2\/media\/3093"}],"wp:attachment":[{"href":"https:\/\/sooditalulilled.ee\/en\/wp-json\/wp\/v2\/media?parent=5794"}],"wp:term":[{"taxonomy":"product_brand","embeddable":true,"href":"https:\/\/sooditalulilled.ee\/en\/wp-json\/wp\/v2\/product_brand?post=5794"},{"taxonomy":"product_cat","embeddable":true,"href":"https:\/\/sooditalulilled.ee\/en\/wp-json\/wp\/v2\/product_cat?post=5794"},{"taxonomy":"product_tag","embeddable":true,"href":"https:\/\/sooditalulilled.ee\/en\/wp-json\/wp\/v2\/product_tag?post=5794"}],"curies":[{"name":"wp","href":"https:\/\/api.w.org\/{rel}","templated":true}]}}